{"id":149,"date":"2020-09-28T10:47:18","date_gmt":"2020-09-28T07:47:18","guid":{"rendered":"http:\/\/ktimakiourelioti.gr\/de\/?page_id=149"},"modified":"2020-10-07T14:31:39","modified_gmt":"2020-10-07T11:31:39","slug":"%cf%80%ce%b5%cf%81%ce%b9%ce%bf%cf%87%ce%ae","status":"publish","type":"page","link":"https:\/\/ktimakiourelioti.gr\/de\/%cf%80%ce%b5%cf%81%ce%b9%ce%bf%cf%87%ce%ae\/","title":{"rendered":"Sikamnia \/ Skala Sikamnia"},"content":{"rendered":"<div class=\"wpb-content-wrapper\"><p>[vc_row][vc_column width=&#8221;2\/3&#8243;][vc_column_text]<\/p>\n<p id=\"tw-target-text\" class=\"tw-data-text tw-text-large XcVN5d tw-ta\" dir=\"ltr\" data-placeholder=\"\u039c\u03b5\u03c4\u03ac\u03c6\u03c1\u03b1\u03c3\u03b7\"><span lang=\"de\">Bekanntschaft mit einem der sch\u00f6nsten D\u00f6rfer Lesbos und seinem Hafen, Inspirationsquelle der gro\u00dfen Myrivilis und Urlaubsort vieler treuer Freunde mit oder ohne Herkunft. <\/span><\/p>\n<p class=\"tw-data-text tw-text-large XcVN5d tw-ta\" dir=\"ltr\" data-placeholder=\"\u039c\u03b5\u03c4\u03ac\u03c6\u03c1\u03b1\u03c3\u03b7\"><strong><span lang=\"de\">\u00abDie nat\u00fcrliche Sch\u00f6nheit des Ortes hier ist es, ihn zu sehen und vom reichen Herzen Gottes erstaunt zu werden. Dieser windige Strand verliert nicht seine Freude und Anmut, Sie wollen, dass August die Welt verbrennt, Sie wollen, dass der Winter schwer ist. Weil die Linien von den Bergen zum Ufer hinunter tanzen, das Land wie ein Meer und die B\u00e4ume weht, die bunten Felsen von \u00fcberall herabsteigen und das Wasser zum Ufer rauscht \u00bb*.<\/span><\/strong><\/p>\n<p id=\"tw-target-text\" class=\"tw-data-text tw-text-large XcVN5d tw-ta\" dir=\"ltr\" data-placeholder=\"\u039c\u03b5\u03c4\u03ac\u03c6\u03c1\u03b1\u03c3\u03b7\"><span lang=\"de\">Stratis oder Stratis Myrivilis (1892-1969) war froh, an diesem Ort geboren zu sein und zu leben, und dieser Ort war froh, den weltber\u00fchmten Schriftsteller zu haben, der seine Sch\u00f6nheiten und seine Geschichte beschrieb. <\/span><\/p>\n<p class=\"tw-data-text tw-text-large XcVN5d tw-ta\" dir=\"ltr\" data-placeholder=\"\u039c\u03b5\u03c4\u03ac\u03c6\u03c1\u03b1\u03c3\u03b7\"><span lang=\"de\">Das Dorf Sykaminea (Sykamia oder Skamnia f\u00fcr die Einheimischen), das seinen Namen den vielen Maulbeeren in der Gegend verdankt, liegt auf dem Kamm des h\u00f6chsten Berges von Mytilene, Lepetymnos. Dort, im nordwestlichen Teil der Insel, inmitten \u00fcppiger Vegetation mit Kiefern, Platanen und Olivenb\u00e4umen, sticht die traditionelle Siedlung Sykamia mit ihren Villen, Steinh\u00e4usern, dem Blick auf das magnetisierende \u00c4g\u00e4ische Meer und die elegante gepflasterte Stra\u00dfen.<\/span><\/p>\n<div id=\"nx_kathimerini_gr_Category_Middle_mb\" class=\"nxAds gAdCentered\" style=\"text-align: justify;\">\n<div id=\"nx_ad_Category_Middle_mb\"><\/div>\n<\/div>\n<p id=\"tw-target-text\" class=\"tw-data-text tw-text-large XcVN5d tw-ta\" dir=\"ltr\" data-placeholder=\"\u039c\u03b5\u03c4\u03ac\u03c6\u03c1\u03b1\u03c3\u03b7\"><span lang=\"de\">Sehr sch\u00f6n, organisiert und interessant ist das Folkloremuseum von Sykamia direkt unter dem Haus von Myrivili, das nicht f\u00fcr Besucher ge\u00f6ffnet ist, und die dreischiffige k\u00f6nigliche Kirche von Agia Fotini. Im Museum, das sich im Steingeb\u00e4ude der Grundschule des Dorfes befindet, befindet sich ein Raum mit den pers\u00f6nlichen Gegenst\u00e4nden von Stratis Myrivilis.<\/span><\/p>\n<p id=\"tw-target-text\" class=\"tw-data-text tw-text-large XcVN5d tw-ta\" dir=\"ltr\" data-placeholder=\"\u039c\u03b5\u03c4\u03ac\u03c6\u03c1\u03b1\u03c3\u03b7\"><span lang=\"de\">Sehr sch\u00f6n, organisiert und interessant ist das Folkloremuseum von Sykamia direkt unter dem Haus von Myrivili, das nicht f\u00fcr Besucher ge\u00f6ffnet ist, und die dreischiffige k\u00f6nigliche Kirche von Agia Fotini. Im Museum, das sich im Steingeb\u00e4ude der Grundschule des Dorfes befindet, befindet sich ein Raum mit den pers\u00f6nlichen Gegenst\u00e4nden von Stratis Myrivilis.<\/span><\/p>\n<p id=\"tw-target-text\" class=\"tw-data-text tw-text-large XcVN5d tw-ta\" dir=\"ltr\" data-placeholder=\"\u039c\u03b5\u03c4\u03ac\u03c6\u03c1\u03b1\u03c3\u03b7\"><strong><span lang=\"de\">Die Grate der Jungfrau Maria<\/span><\/strong><\/p>\n<p id=\"tw-target-text\" class=\"tw-data-text tw-text-large XcVN5d tw-ta\" dir=\"ltr\" data-placeholder=\"\u039c\u03b5\u03c4\u03ac\u03c6\u03c1\u03b1\u03c3\u03b7\"><span lang=\"de\">Skala von Sykamia, ein kleines Fischerdorf, hat eine solche Aura und nat\u00fcrliche Sch\u00f6nheit, die ein ideales Ziel f\u00fcr diejenigen ist, die einen ruhigen, erholsamen Urlaub in der N\u00e4he der Natur verbringen m\u00f6chten. <\/span><\/p>\n<p class=\"tw-data-text tw-text-large XcVN5d tw-ta\" dir=\"ltr\" data-placeholder=\"\u039c\u03b5\u03c4\u03ac\u03c6\u03c1\u03b1\u03c3\u03b7\"><span lang=\"de\">Und wer da ist, wird kaum gehen wollen. Ein Markenzeichen des Dorfes ist Panagia Gorgona, die Kapelle, die mit Fischerbooten, Schleppnetzen und Trehantiria auf dem gro\u00dfen Felsen vor dem Hafen steht. Dieser Felsen wird von den Alten &#8220;Tis Panagia ta rachta&#8221; genannt. Wie Myrivilis noch einmal sagt: \u201eOder du gehst auf die K\u00e4mme, siehst dich nach einem Spaziergang um, Land und Meer, und deine Augen tr\u00e4nen. Eine Freude tropft von den B\u00e4umen, sprudelt aus den braunen und roten B\u00f6den, aus den Steinen und dem Wasser \u201c*. Dies ist das Gef\u00fchl, das man in Skala hat: Sorgen und Probleme k\u00f6nnen warten, haben keinen Platz in dieser Entspannung und Ruhe.<\/span><\/p>\n<p id=\"tw-target-text\" class=\"tw-data-text tw-text-large XcVN5d tw-ta\" dir=\"ltr\" data-placeholder=\"\u039c\u03b5\u03c4\u03ac\u03c6\u03c1\u03b1\u03c3\u03b7\"><span lang=\"de\">Die Kapelle hat ihren Namen vom charakteristischen Fresko eines unbekannten Volksmalers, der die Jungfrau mit einem Meerjungfrauenschwanz darstellt, existiert aber nicht mehr in der Kirche. Im Sommer gibt es dort viele Taufen und Hochzeiten, manchmal kommen die Br\u00e4ute gerne auf ein Fischerboot. Alle Gottesdienste in Panagia Gorgona erhalten jedoch eine andere Gnade, da sie die kleine Kapelle verlassen und im Hafen und im ganzen Dorf ge\u00f6ffnet sind. Der Sonnenuntergang von den K\u00e4mmen mit Blick auf die \u00c4g\u00e4is ist sicherlich verf\u00fchrerisch. Aus dem gro\u00dfen Felsen Panagias w\u00e4chst und verbreitet sich eine wilde Feige, die salzbest\u00e4ndig ist und nicht verdorrt.<\/span><\/p>\n<p id=\"tw-target-text\" class=\"tw-data-text tw-text-large XcVN5d tw-ta\" dir=\"ltr\" data-placeholder=\"\u039c\u03b5\u03c4\u03ac\u03c6\u03c1\u03b1\u03c3\u03b7\"><span lang=\"de\">In der Mitte des Dorfes, \u00fcber dem Fischereihafen, steht der \u00fcber 130 Jahre alte Maulbeerbaum, und weil Myrivilis dort sa\u00df, nennen sie ihn \u201eDer Maulbeerbaum von Myrivilis\u201c. Dort, auf dem Platz, wie er genannt wird, gibt es Tavernen, die k\u00f6stliche Vorspeisen und Caf\u00e9s mit k\u00fchlen Getr\u00e4nken und S\u00fc\u00dfigkeiten anbieten, obwohl er nicht so sehr wie ein Platz aussieht, sondern wie ein offener Raum. Ein St\u00fcck weiter streut ein riesiger Platanenbaum jeden Sommer seine Bl\u00e4tter auf dem Platz und immer mehr werden Sie sehen, wie ein Skaliotis sie am Morgen abwischt. An seinen Wurzeln entspringt eine Quelle mit erfrischendem Wasser, die Kinder oft ehren, wenn sie eine Pause von ihrem Spiel machen.<\/span><\/p>\n<p id=\"tw-target-text\" class=\"tw-data-text tw-text-large XcVN5d tw-ta\" dir=\"ltr\" data-placeholder=\"\u039c\u03b5\u03c4\u03ac\u03c6\u03c1\u03b1\u03c3\u03b7\"><span lang=\"de\">Rund um die Platane sowie \u00fcber dem Platz befinden sich die ersten H\u00e4user des Dorfes. <\/span><\/p>\n<p class=\"tw-data-text tw-text-large XcVN5d tw-ta\" dir=\"ltr\" data-placeholder=\"\u039c\u03b5\u03c4\u03ac\u03c6\u03c1\u03b1\u03c3\u03b7\"><span lang=\"de\">Vor der Kleinasienkatastrophe lebten in Skala nur die Skamnioten, die Fischer waren und dort unten kleine L\u00e4den hatten, sowie einige T\u00fcrken. Als die Fl\u00fcchtlinge ankamen und die Bev\u00f6lkerung austauschten, wurden einige dieser H\u00e4user von Neuank\u00f6mmlingen bewohnt. Die meisten lebten jedoch in St\u00fcmpfen. So wurde die Siedlung direkt hinter dem Platz entlang der K\u00fcstenstra\u00dfe zum Strand von Skala errichtet. Die Siedlung an der K\u00fcstenstra\u00dfe ist das einzige Herrenhaus von Skala, das wie ein uneinnehmbares Schloss von einem gro\u00dfen Innenhof und hohen Gel\u00e4ndern umgeben ist.<\/span><\/p>\n<pre id=\"tw-target-text\" class=\"tw-data-text tw-text-large XcVN5d tw-ta\" dir=\"ltr\" data-placeholder=\"\u039c\u03b5\u03c4\u03ac\u03c6\u03c1\u03b1\u03c3\u03b7\"><strong><span lang=\"de\">Str\u00e4nde<\/span><\/strong><\/pre>\n<p id=\"tw-target-text\" class=\"tw-data-text tw-text-large XcVN5d tw-ta\" dir=\"ltr\" data-placeholder=\"\u039c\u03b5\u03c4\u03ac\u03c6\u03c1\u03b1\u03c3\u03b7\"><span lang=\"de\">Der Strand von Skala, Platanos, wie die Einheimischen ihn nennen, ist eine der beiden nahe gelegenen Schwimmm\u00f6glichkeiten. Lesbos ist bekannt f\u00fcr seine kristallklaren, kristallklaren Meere, insbesondere im Norden. Skala Sykamias ist in der Tat die n\u00f6rdlichste Siedlung der Insel. Wenn der Wind weht, k\u00f6nnen die Fischer Ihnen sagen, ob das Meer kalt sein wird oder nicht und ob die Str\u00f6mungen, die zwischen der Insel und den nahe gelegenen K\u00fcsten der T\u00fcrkei flie\u00dfen, in unser Land kommen werden. Platanos liegt etwas au\u00dferhalb der Siedlung, auf dem alten Feldweg, der nach Molyvos f\u00fchrt, und bietet reichlich Schatten vor den gro\u00dfen Tamariskenb\u00e4umen sowie in Reihenb\u00e4nken und Duschen.<\/span><\/p>\n<p id=\"tw-target-text\" class=\"tw-data-text tw-text-large XcVN5d tw-ta\" dir=\"ltr\" data-placeholder=\"\u039c\u03b5\u03c4\u03ac\u03c6\u03c1\u03b1\u03c3\u03b7\"><span lang=\"de\">Am anderen Ende des Dorfes, etwa 1,5 km vom Skala-Platz entfernt, befindet sich der Strand von Kaya mit Sand und kleinen Kieselsteinen, viel Schatten vor Tamariskenb\u00e4umen, Duschen, Wickeltischen und zwei sehr sch\u00f6nen Tavernen mit Vorspeisen mit frischem Fisch und anderen Delikatessen. Sie k\u00f6nnen auch von der K\u00fcste nach Kaya fahren, einem etwas schroffen Pfad, der neben dem Hafen beginnt, wo immer mehr Fischer nach dem Angeln ihre Netze flicken. Und wenn Sie gerne angeln, finden Sie hier einen idealen Ort und sehr hilfsbereite Menschen, die Ihnen helfen.<\/span><\/p>\n<pre id=\"tw-target-text\" class=\"tw-data-text tw-text-large XcVN5d tw-ta\" dir=\"ltr\" data-placeholder=\"\u039c\u03b5\u03c4\u03ac\u03c6\u03c1\u03b1\u03c3\u03b7\"><strong><span lang=\"de\">Gastfreundschaft<\/span><\/strong><\/pre>\n<p style=\"text-align: justify;\">Und am Ende bleibt das Wichtigste: die Menschen in Sykamia und seine Skala. Gastfreundlich, h\u00f6flich und fanatisch machen sie mit ihrer diskreten Pr\u00e4senz ihren Aufenthalt an ihrem Platz noch angenehmer. Fast alle von ihnen haben Verwandte im Ausland, haupts\u00e4chlich in Australien und Amerika; Die Insel speiste einst die Migrationswelle. Viele Expatriates kehren hierher zur\u00fcck, um Urlaub zu machen. Willst du die Sch\u00f6nheit der Natur, willst du den Frieden der Menschen, willst du, dass der Gem\u00fcseh\u00e4ndler am Lastwagen vorbeikommt und seine Abhandlung singt, es ist ein bisschen wie in andere Zeiten zur\u00fcckzukehren &#8230;<\/p>\n<p>[\/vc_column_text][\/vc_column][vc_column width=&#8221;1\/3&#8243;][vc_media_grid element_width=&#8221;6&#8243; grid_id=&#8221;vc_gid:1602069095457-6413793a-ce09-5&#8243; include=&#8221;153,154,155,156,157,158,160,161,162,163,164,165,166,167,168,169,170,171,172,173,174,175&#8243;][\/vc_column][\/vc_row]<\/p>\n<\/div>","protected":false},"excerpt":{"rendered":"<p>[vc_row][vc_column width=&#8221;2\/3&#8243;][vc_column_text] Bekanntschaft mit einem der sch\u00f6nsten D\u00f6rfer Lesbos und seinem Hafen, Inspirationsquelle der gro\u00dfen Myrivilis und Urlaubsort vieler treuer Freunde mit oder ohne Herkunft. \u00abDie nat\u00fcrliche Sch\u00f6nheit des Ortes hier ist es, ihn zu sehen und vom reichen Herzen Gottes erstaunt zu werden. Dieser windige Strand verliert nicht seine Freude und Anmut, Sie wollen,&hellip;<\/p>\n","protected":false},"author":1,"featured_media":0,"parent":0,"menu_order":0,"comment_status":"closed","ping_status":"closed","template":"","meta":{"footnotes":""},"class_list":["post-149","page","type-page","status-publish","hentry","description-off"],"yoast_head":"<!-- This site is optimized with the Yoast SEO plugin v27.5 - https:\/\/yoast.com\/product\/yoast-seo-wordpress\/ -->\n<title>Sikamnia \/ Skala Sikamnia - \u039a\u03c4\u03ae\u03bc\u03b1 \u039a\u03b9\u03bf\u03c5\u03c1\u03b5\u03bb\u03b9\u03ce\u03c4\u03b7 | \u0395\u03bd\u03bf\u03b9\u03ba\u03b9\u03b1\u03b6\u03cc\u03bc\u03b5\u03bd\u03b5\u03c2 \u039a\u03b1\u03c4\u03bf\u03b9\u03ba\u03af\u03b5\u03c2 \u03c3\u03c4\u03b7\u03bd \u03a3\u03ba\u03ac\u03bb\u03b1 \u03a3\u03ba\u03b1\u03bc\u03bd\u03b9\u03ac\u03c2 | \u039b\u03ad\u03c3\u03b2\u03bf\u03c2 | \u039c\u03c5\u03c4\u03b9\u03bb\u03ae\u03bd\u03b7 | \u0395\u03bb\u03bb\u03ac\u03b4\u03b1<\/title>\n<meta name=\"robots\" content=\"index, follow, max-snippet:-1, max-image-preview:large, max-video-preview:-1\" \/>\n<link rel=\"canonical\" href=\"https:\/\/ktimakiourelioti.gr\/de\/\u03c0\u03b5\u03c1\u03b9\u03bf\u03c7\u03ae\/\" \/>\n<meta property=\"og:locale\" content=\"el_GR\" \/>\n<meta property=\"og:type\" content=\"article\" \/>\n<meta property=\"og:title\" content=\"Sikamnia \/ Skala Sikamnia - \u039a\u03c4\u03ae\u03bc\u03b1 \u039a\u03b9\u03bf\u03c5\u03c1\u03b5\u03bb\u03b9\u03ce\u03c4\u03b7 | \u0395\u03bd\u03bf\u03b9\u03ba\u03b9\u03b1\u03b6\u03cc\u03bc\u03b5\u03bd\u03b5\u03c2 \u039a\u03b1\u03c4\u03bf\u03b9\u03ba\u03af\u03b5\u03c2 \u03c3\u03c4\u03b7\u03bd \u03a3\u03ba\u03ac\u03bb\u03b1 \u03a3\u03ba\u03b1\u03bc\u03bd\u03b9\u03ac\u03c2 | \u039b\u03ad\u03c3\u03b2\u03bf\u03c2 | \u039c\u03c5\u03c4\u03b9\u03bb\u03ae\u03bd\u03b7 | \u0395\u03bb\u03bb\u03ac\u03b4\u03b1\" \/>\n<meta property=\"og:description\" content=\"[vc_row][vc_column width=&#8221;2\/3&#8243;][vc_column_text] Bekanntschaft mit einem der sch\u00f6nsten D\u00f6rfer Lesbos und seinem Hafen, Inspirationsquelle der gro\u00dfen Myrivilis und Urlaubsort vieler treuer Freunde mit oder ohne Herkunft. \u00abDie nat\u00fcrliche Sch\u00f6nheit des Ortes hier ist es, ihn zu sehen und vom reichen Herzen Gottes erstaunt zu werden. Dieser windige Strand verliert nicht seine Freude und Anmut, Sie wollen,&hellip;\" \/>\n<meta property=\"og:url\" content=\"https:\/\/ktimakiourelioti.gr\/de\/\u03c0\u03b5\u03c1\u03b9\u03bf\u03c7\u03ae\/\" \/>\n<meta property=\"og:site_name\" content=\"\u039a\u03c4\u03ae\u03bc\u03b1 \u039a\u03b9\u03bf\u03c5\u03c1\u03b5\u03bb\u03b9\u03ce\u03c4\u03b7 | \u0395\u03bd\u03bf\u03b9\u03ba\u03b9\u03b1\u03b6\u03cc\u03bc\u03b5\u03bd\u03b5\u03c2 \u039a\u03b1\u03c4\u03bf\u03b9\u03ba\u03af\u03b5\u03c2 \u03c3\u03c4\u03b7\u03bd \u03a3\u03ba\u03ac\u03bb\u03b1 \u03a3\u03ba\u03b1\u03bc\u03bd\u03b9\u03ac\u03c2 | \u039b\u03ad\u03c3\u03b2\u03bf\u03c2 | \u039c\u03c5\u03c4\u03b9\u03bb\u03ae\u03bd\u03b7 | \u0395\u03bb\u03bb\u03ac\u03b4\u03b1\" \/>\n<meta property=\"article:modified_time\" content=\"2020-10-07T11:31:39+00:00\" \/>\n<meta name=\"twitter:card\" content=\"summary_large_image\" \/>\n<meta name=\"twitter:label1\" content=\"\u0395\u03ba\u03c4\u03b9\u03bc\u03ce\u03bc\u03b5\u03bd\u03bf\u03c2 \u03c7\u03c1\u03cc\u03bd\u03bf\u03c2 \u03b1\u03bd\u03ac\u03b3\u03bd\u03c9\u03c3\u03b7\u03c2\" \/>\n\t<meta name=\"twitter:data1\" content=\"6 \u03bb\u03b5\u03c0\u03c4\u03ac\" \/>\n<script type=\"application\/ld+json\" class=\"yoast-schema-graph\">{\"@context\":\"https:\\\/\\\/schema.org\",\"@graph\":[{\"@type\":\"WebPage\",\"@id\":\"https:\\\/\\\/ktimakiourelioti.gr\\\/de\\\/%cf%80%ce%b5%cf%81%ce%b9%ce%bf%cf%87%ce%ae\\\/\",\"url\":\"https:\\\/\\\/ktimakiourelioti.gr\\\/de\\\/%cf%80%ce%b5%cf%81%ce%b9%ce%bf%cf%87%ce%ae\\\/\",\"name\":\"Sikamnia \\\/ Skala Sikamnia - \u039a\u03c4\u03ae\u03bc\u03b1 \u039a\u03b9\u03bf\u03c5\u03c1\u03b5\u03bb\u03b9\u03ce\u03c4\u03b7 | \u0395\u03bd\u03bf\u03b9\u03ba\u03b9\u03b1\u03b6\u03cc\u03bc\u03b5\u03bd\u03b5\u03c2 \u039a\u03b1\u03c4\u03bf\u03b9\u03ba\u03af\u03b5\u03c2 \u03c3\u03c4\u03b7\u03bd \u03a3\u03ba\u03ac\u03bb\u03b1 \u03a3\u03ba\u03b1\u03bc\u03bd\u03b9\u03ac\u03c2 | \u039b\u03ad\u03c3\u03b2\u03bf\u03c2 | \u039c\u03c5\u03c4\u03b9\u03bb\u03ae\u03bd\u03b7 | \u0395\u03bb\u03bb\u03ac\u03b4\u03b1\",\"isPartOf\":{\"@id\":\"https:\\\/\\\/ktimakiourelioti.gr\\\/de\\\/#website\"},\"datePublished\":\"2020-09-28T07:47:18+00:00\",\"dateModified\":\"2020-10-07T11:31:39+00:00\",\"breadcrumb\":{\"@id\":\"https:\\\/\\\/ktimakiourelioti.gr\\\/de\\\/%cf%80%ce%b5%cf%81%ce%b9%ce%bf%cf%87%ce%ae\\\/#breadcrumb\"},\"inLanguage\":\"el\",\"potentialAction\":[{\"@type\":\"ReadAction\",\"target\":[\"https:\\\/\\\/ktimakiourelioti.gr\\\/de\\\/%cf%80%ce%b5%cf%81%ce%b9%ce%bf%cf%87%ce%ae\\\/\"]}]},{\"@type\":\"BreadcrumbList\",\"@id\":\"https:\\\/\\\/ktimakiourelioti.gr\\\/de\\\/%cf%80%ce%b5%cf%81%ce%b9%ce%bf%cf%87%ce%ae\\\/#breadcrumb\",\"itemListElement\":[{\"@type\":\"ListItem\",\"position\":1,\"name\":\"\u0391\u03c1\u03c7\u03b9\u03ba\u03ae\",\"item\":\"https:\\\/\\\/ktimakiourelioti.gr\\\/de\\\/\"},{\"@type\":\"ListItem\",\"position\":2,\"name\":\"Sikamnia \\\/ Skala Sikamnia\"}]},{\"@type\":\"WebSite\",\"@id\":\"https:\\\/\\\/ktimakiourelioti.gr\\\/de\\\/#website\",\"url\":\"https:\\\/\\\/ktimakiourelioti.gr\\\/de\\\/\",\"name\":\"\u039a\u03c4\u03ae\u03bc\u03b1 \u039a\u03b9\u03bf\u03c5\u03c1\u03b5\u03bb\u03b9\u03ce\u03c4\u03b7 | \u0395\u03bd\u03bf\u03b9\u03ba\u03b9\u03b1\u03b6\u03cc\u03bc\u03b5\u03bd\u03b5\u03c2 \u039a\u03b1\u03c4\u03bf\u03b9\u03ba\u03af\u03b5\u03c2 \u03c3\u03c4\u03b7\u03bd \u03a3\u03ba\u03ac\u03bb\u03b1 \u03a3\u03ba\u03b1\u03bc\u03bd\u03b9\u03ac\u03c2 | \u039b\u03ad\u03c3\u03b2\u03bf\u03c2 | \u039c\u03c5\u03c4\u03b9\u03bb\u03ae\u03bd\u03b7 | \u0395\u03bb\u03bb\u03ac\u03b4\u03b1\",\"description\":\"\u0386\u03bb\u03bb\u03bf\u03c2 \u03ad\u03bd\u03b1\u03c2 \u03b9\u03c3\u03c4\u03cc\u03c4\u03bf\u03c0\u03bf\u03c2 WordPress\",\"potentialAction\":[{\"@type\":\"SearchAction\",\"target\":{\"@type\":\"EntryPoint\",\"urlTemplate\":\"https:\\\/\\\/ktimakiourelioti.gr\\\/de\\\/?s={search_term_string}\"},\"query-input\":{\"@type\":\"PropertyValueSpecification\",\"valueRequired\":true,\"valueName\":\"search_term_string\"}}],\"inLanguage\":\"el\"}]}<\/script>\n<!-- \/ Yoast SEO plugin. -->","yoast_head_json":{"title":"Sikamnia \/ Skala Sikamnia - \u039a\u03c4\u03ae\u03bc\u03b1 \u039a\u03b9\u03bf\u03c5\u03c1\u03b5\u03bb\u03b9\u03ce\u03c4\u03b7 | \u0395\u03bd\u03bf\u03b9\u03ba\u03b9\u03b1\u03b6\u03cc\u03bc\u03b5\u03bd\u03b5\u03c2 \u039a\u03b1\u03c4\u03bf\u03b9\u03ba\u03af\u03b5\u03c2 \u03c3\u03c4\u03b7\u03bd \u03a3\u03ba\u03ac\u03bb\u03b1 \u03a3\u03ba\u03b1\u03bc\u03bd\u03b9\u03ac\u03c2 | \u039b\u03ad\u03c3\u03b2\u03bf\u03c2 | \u039c\u03c5\u03c4\u03b9\u03bb\u03ae\u03bd\u03b7 | \u0395\u03bb\u03bb\u03ac\u03b4\u03b1","robots":{"index":"index","follow":"follow","max-snippet":"max-snippet:-1","max-image-preview":"max-image-preview:large","max-video-preview":"max-video-preview:-1"},"canonical":"https:\/\/ktimakiourelioti.gr\/de\/\u03c0\u03b5\u03c1\u03b9\u03bf\u03c7\u03ae\/","og_locale":"el_GR","og_type":"article","og_title":"Sikamnia \/ Skala Sikamnia - \u039a\u03c4\u03ae\u03bc\u03b1 \u039a\u03b9\u03bf\u03c5\u03c1\u03b5\u03bb\u03b9\u03ce\u03c4\u03b7 | \u0395\u03bd\u03bf\u03b9\u03ba\u03b9\u03b1\u03b6\u03cc\u03bc\u03b5\u03bd\u03b5\u03c2 \u039a\u03b1\u03c4\u03bf\u03b9\u03ba\u03af\u03b5\u03c2 \u03c3\u03c4\u03b7\u03bd \u03a3\u03ba\u03ac\u03bb\u03b1 \u03a3\u03ba\u03b1\u03bc\u03bd\u03b9\u03ac\u03c2 | \u039b\u03ad\u03c3\u03b2\u03bf\u03c2 | \u039c\u03c5\u03c4\u03b9\u03bb\u03ae\u03bd\u03b7 | \u0395\u03bb\u03bb\u03ac\u03b4\u03b1","og_description":"[vc_row][vc_column width=&#8221;2\/3&#8243;][vc_column_text] Bekanntschaft mit einem der sch\u00f6nsten D\u00f6rfer Lesbos und seinem Hafen, Inspirationsquelle der gro\u00dfen Myrivilis und Urlaubsort vieler treuer Freunde mit oder ohne Herkunft. \u00abDie nat\u00fcrliche Sch\u00f6nheit des Ortes hier ist es, ihn zu sehen und vom reichen Herzen Gottes erstaunt zu werden. Dieser windige Strand verliert nicht seine Freude und Anmut, Sie wollen,&hellip;","og_url":"https:\/\/ktimakiourelioti.gr\/de\/\u03c0\u03b5\u03c1\u03b9\u03bf\u03c7\u03ae\/","og_site_name":"\u039a\u03c4\u03ae\u03bc\u03b1 \u039a\u03b9\u03bf\u03c5\u03c1\u03b5\u03bb\u03b9\u03ce\u03c4\u03b7 | \u0395\u03bd\u03bf\u03b9\u03ba\u03b9\u03b1\u03b6\u03cc\u03bc\u03b5\u03bd\u03b5\u03c2 \u039a\u03b1\u03c4\u03bf\u03b9\u03ba\u03af\u03b5\u03c2 \u03c3\u03c4\u03b7\u03bd \u03a3\u03ba\u03ac\u03bb\u03b1 \u03a3\u03ba\u03b1\u03bc\u03bd\u03b9\u03ac\u03c2 | \u039b\u03ad\u03c3\u03b2\u03bf\u03c2 | \u039c\u03c5\u03c4\u03b9\u03bb\u03ae\u03bd\u03b7 | \u0395\u03bb\u03bb\u03ac\u03b4\u03b1","article_modified_time":"2020-10-07T11:31:39+00:00","twitter_card":"summary_large_image","twitter_misc":{"\u0395\u03ba\u03c4\u03b9\u03bc\u03ce\u03bc\u03b5\u03bd\u03bf\u03c2 \u03c7\u03c1\u03cc\u03bd\u03bf\u03c2 \u03b1\u03bd\u03ac\u03b3\u03bd\u03c9\u03c3\u03b7\u03c2":"6 \u03bb\u03b5\u03c0\u03c4\u03ac"},"schema":{"@context":"https:\/\/schema.org","@graph":[{"@type":"WebPage","@id":"https:\/\/ktimakiourelioti.gr\/de\/%cf%80%ce%b5%cf%81%ce%b9%ce%bf%cf%87%ce%ae\/","url":"https:\/\/ktimakiourelioti.gr\/de\/%cf%80%ce%b5%cf%81%ce%b9%ce%bf%cf%87%ce%ae\/","name":"Sikamnia \/ Skala Sikamnia - \u039a\u03c4\u03ae\u03bc\u03b1 \u039a\u03b9\u03bf\u03c5\u03c1\u03b5\u03bb\u03b9\u03ce\u03c4\u03b7 | \u0395\u03bd\u03bf\u03b9\u03ba\u03b9\u03b1\u03b6\u03cc\u03bc\u03b5\u03bd\u03b5\u03c2 \u039a\u03b1\u03c4\u03bf\u03b9\u03ba\u03af\u03b5\u03c2 \u03c3\u03c4\u03b7\u03bd \u03a3\u03ba\u03ac\u03bb\u03b1 \u03a3\u03ba\u03b1\u03bc\u03bd\u03b9\u03ac\u03c2 | \u039b\u03ad\u03c3\u03b2\u03bf\u03c2 | \u039c\u03c5\u03c4\u03b9\u03bb\u03ae\u03bd\u03b7 | \u0395\u03bb\u03bb\u03ac\u03b4\u03b1","isPartOf":{"@id":"https:\/\/ktimakiourelioti.gr\/de\/#website"},"datePublished":"2020-09-28T07:47:18+00:00","dateModified":"2020-10-07T11:31:39+00:00","breadcrumb":{"@id":"https:\/\/ktimakiourelioti.gr\/de\/%cf%80%ce%b5%cf%81%ce%b9%ce%bf%cf%87%ce%ae\/#breadcrumb"},"inLanguage":"el","potentialAction":[{"@type":"ReadAction","target":["https:\/\/ktimakiourelioti.gr\/de\/%cf%80%ce%b5%cf%81%ce%b9%ce%bf%cf%87%ce%ae\/"]}]},{"@type":"BreadcrumbList","@id":"https:\/\/ktimakiourelioti.gr\/de\/%cf%80%ce%b5%cf%81%ce%b9%ce%bf%cf%87%ce%ae\/#breadcrumb","itemListElement":[{"@type":"ListItem","position":1,"name":"\u0391\u03c1\u03c7\u03b9\u03ba\u03ae","item":"https:\/\/ktimakiourelioti.gr\/de\/"},{"@type":"ListItem","position":2,"name":"Sikamnia \/ Skala Sikamnia"}]},{"@type":"WebSite","@id":"https:\/\/ktimakiourelioti.gr\/de\/#website","url":"https:\/\/ktimakiourelioti.gr\/de\/","name":"\u039a\u03c4\u03ae\u03bc\u03b1 \u039a\u03b9\u03bf\u03c5\u03c1\u03b5\u03bb\u03b9\u03ce\u03c4\u03b7 | \u0395\u03bd\u03bf\u03b9\u03ba\u03b9\u03b1\u03b6\u03cc\u03bc\u03b5\u03bd\u03b5\u03c2 \u039a\u03b1\u03c4\u03bf\u03b9\u03ba\u03af\u03b5\u03c2 \u03c3\u03c4\u03b7\u03bd \u03a3\u03ba\u03ac\u03bb\u03b1 \u03a3\u03ba\u03b1\u03bc\u03bd\u03b9\u03ac\u03c2 | \u039b\u03ad\u03c3\u03b2\u03bf\u03c2 | \u039c\u03c5\u03c4\u03b9\u03bb\u03ae\u03bd\u03b7 | \u0395\u03bb\u03bb\u03ac\u03b4\u03b1","description":"\u0386\u03bb\u03bb\u03bf\u03c2 \u03ad\u03bd\u03b1\u03c2 \u03b9\u03c3\u03c4\u03cc\u03c4\u03bf\u03c0\u03bf\u03c2 WordPress","potentialAction":[{"@type":"SearchAction","target":{"@type":"EntryPoint","urlTemplate":"https:\/\/ktimakiourelioti.gr\/de\/?s={search_term_string}"},"query-input":{"@type":"PropertyValueSpecification","valueRequired":true,"valueName":"search_term_string"}}],"inLanguage":"el"}]}},"_links":{"self":[{"href":"https:\/\/ktimakiourelioti.gr\/de\/wp-json\/wp\/v2\/pages\/149","targetHints":{"allow":["GET"]}}],"collection":[{"href":"https:\/\/ktimakiourelioti.gr\/de\/wp-json\/wp\/v2\/pages"}],"about":[{"href":"https:\/\/ktimakiourelioti.gr\/de\/wp-json\/wp\/v2\/types\/page"}],"author":[{"embeddable":true,"href":"https:\/\/ktimakiourelioti.gr\/de\/wp-json\/wp\/v2\/users\/1"}],"replies":[{"embeddable":true,"href":"https:\/\/ktimakiourelioti.gr\/de\/wp-json\/wp\/v2\/comments?post=149"}],"version-history":[{"count":8,"href":"https:\/\/ktimakiourelioti.gr\/de\/wp-json\/wp\/v2\/pages\/149\/revisions"}],"predecessor-version":[{"id":280,"href":"https:\/\/ktimakiourelioti.gr\/de\/wp-json\/wp\/v2\/pages\/149\/revisions\/280"}],"wp:attachment":[{"href":"https:\/\/ktimakiourelioti.gr\/de\/wp-json\/wp\/v2\/media?parent=149"}],"curies":[{"name":"wp","href":"https:\/\/api.w.org\/{rel}","templated":true}]}}