{"id":44,"date":"2020-09-26T11:16:19","date_gmt":"2020-09-26T08:16:19","guid":{"rendered":"http:\/\/ktimakiourelioti.gr\/de\/?page_id=44"},"modified":"2020-10-09T12:13:12","modified_gmt":"2020-10-09T09:13:12","slug":"%ce%bf%ce%b9-%ce%bf%ce%af%ce%ba%ce%b5%cf%82-%ce%bc%ce%b1%cf%82","status":"publish","type":"page","link":"https:\/\/ktimakiourelioti.gr\/de\/%ce%bf%ce%b9-%ce%bf%ce%af%ce%ba%ce%b5%cf%82-%ce%bc%ce%b1%cf%82\/","title":{"rendered":"Unsere H\u00e4user"},"content":{"rendered":"<div class=\"wpb-content-wrapper\"><p>[vc_row css=&#8221;.vc_custom_1601109201999{margin-top: -30px !important;}&#8221;][vc_column width=&#8221;2\/3&#8243;][vc_column_text]<\/p>\n<div style=\"text-align: justify;\"><img loading=\"lazy\" decoding=\"async\" class=\"aligncenter size-full wp-image-58\" src=\"http:\/\/ktimakiourelioti.gr\/de\/wp-content\/uploads\/2020\/09\/oikies.jpg\" alt=\"\" width=\"1000\" height=\"205\" srcset=\"https:\/\/ktimakiourelioti.gr\/de\/wp-content\/uploads\/2020\/09\/oikies.jpg 1000w, https:\/\/ktimakiourelioti.gr\/de\/wp-content\/uploads\/2020\/09\/oikies-300x62.jpg 300w, https:\/\/ktimakiourelioti.gr\/de\/wp-content\/uploads\/2020\/09\/oikies-768x157.jpg 768w\" sizes=\"auto, (max-width: 1000px) 100vw, 1000px\" \/><\/div>\n<div><div class=\"gap\" style=\"line-height: 20px; height: 20px;\"><\/div><\/div>\n<div style=\"text-align: justify;\">\n<p id=\"tw-target-text\" class=\"tw-data-text tw-text-large XcVN5d tw-ta\" dir=\"ltr\" data-placeholder=\"\u039c\u03b5\u03c4\u03ac\u03c6\u03c1\u03b1\u03c3\u03b7\"><span lang=\"de\">Dies sind vier autonome Erdgeschossh\u00e4user mit modernem Bau und H\u00e4usern in Skala Sykamias, nicht weit vom malerischen Hafen Panagia Gorgona entfernt.<\/span><\/p>\n<\/div>\n<div><div class=\"gap\" style=\"line-height: 10px; height: 10px;\"><\/div><\/div>\n<div style=\"text-align: justify;\">\n<p id=\"tw-target-text\" class=\"tw-data-text tw-text-large XcVN5d tw-ta\" dir=\"ltr\" data-placeholder=\"\u039c\u03b5\u03c4\u03ac\u03c6\u03c1\u03b1\u03c3\u03b7\"><span lang=\"de\">Die einzigartige Aussicht vom Anwesen aus wird jedes romantische Gef\u00fchl wecken, das in Ihnen verborgen ist.<\/span><\/p>\n<\/div>\n<div><div class=\"gap\" style=\"line-height: 10px; height: 10px;\"><\/div><\/div>\n<div style=\"text-align: justify;\">\n<p id=\"tw-target-text\" class=\"tw-data-text tw-text-large XcVN5d tw-ta\" dir=\"ltr\" data-placeholder=\"\u039c\u03b5\u03c4\u03ac\u03c6\u03c1\u03b1\u03c3\u03b7\"><span lang=\"de\">Die 4 H\u00e4user des Kioureliotis Estate haben ein modernes Design und einfache Linien. Sie sind ger\u00e4umig und verf\u00fcgen \u00fcber alle Annehmlichkeiten f\u00fcr einen komfortablen und luxuri\u00f6sen Aufenthalt. Geeignet f\u00fcr ein Paar oder sogar eine vierk\u00f6pfige Familie.<\/span><\/p>\n<\/div>\n<div><div class=\"gap\" style=\"line-height: 10px; height: 10px;\"><\/div><\/div>\n<div>\n<p id=\"tw-target-text\" class=\"tw-data-text tw-text-large XcVN5d tw-ta\" dir=\"ltr\" data-placeholder=\"\u039c\u03b5\u03c4\u03ac\u03c6\u03c1\u03b1\u03c3\u03b7\"><span lang=\"de\">Himmlische Erwartungen am H\u00f6hepunkt des Komplexes mit fantastischem Blick auf das endlose Blau der \u00c4g\u00e4is.<\/span><\/p>\n<\/div>\n<div><div class=\"gap\" style=\"line-height: 10px; height: 10px;\"><\/div><\/div>\n<div>\n<p id=\"tw-target-text\" class=\"tw-data-text tw-text-large XcVN5d tw-ta\" dir=\"ltr\" data-placeholder=\"\u039c\u03b5\u03c4\u03ac\u03c6\u03c1\u03b1\u03c3\u03b7\"><span lang=\"de\">Sie haben ein Schlafzimmer, das jedem Gast das Herz stehlen soll. Sofa &#8211; Doppelbett im Wohnzimmer. Gr\u00f6\u00dfe 30 qm.<\/span><\/p>\n<\/div>\n<p>[\/vc_column_text][vc_row_inner][vc_column_inner width=&#8221;1\/2&#8243;][vc_column_text]<span style=\"text-decoration: underline;\"><strong>Dienstleistungen &amp; Einrichtungen<\/strong><\/span><\/p>\n<ul>\n<li>Holzhandbetten Arbeiten und Matratze King Size<\/li>\n<li>Haartrockner<\/li>\n<li>Produkte zur Behandlung<\/li>\n<li>Minik\u00fchlschrank<\/li>\n<li>B\u00fcrom\u00f6bel<\/li>\n<\/ul>\n<p>[\/vc_column_text][\/vc_column_inner][vc_column_inner width=&#8221;1\/2&#8243;][vc_column_text]<div class=\"gap\" style=\"line-height: 20px; height: 20px;\"><\/div>\n<ul>\n<li>Wasserkocher f\u00fcr Kaffee oder Tee<\/li>\n<li>Klimaanlage Autonome Heizung<\/li>\n<li>Staubsauger<\/li>\n<li>LCD-Flachbildfernseher | LED<\/li>\n<li>Waschmaschine<\/li>\n<li>B\u00fcgeleisen &#8211; B\u00fcgelbrett<\/li>\n<li>Balkone mit Aussicht<\/li>\n<\/ul>\n<p>[\/vc_column_text][\/vc_column_inner][\/vc_row_inner][\/vc_column][vc_column width=&#8221;1\/3&#8243;][vc_column_text css_animation=&#8221;fadeInDown&#8221;]<a href=\"https:\/\/ktimakiourelioti.gr\/de\/%ce%bf%ce%b9%ce%ba%ce%af%ce%b1-1\/\"><img loading=\"lazy\" decoding=\"async\" class=\"aligncenter wp-image-270 size-full\" src=\"https:\/\/ktimakiourelioti.gr\/de\/wp-content\/uploads\/2020\/10\/1de.jpg\" alt=\"\" width=\"500\" height=\"200\" srcset=\"https:\/\/ktimakiourelioti.gr\/de\/wp-content\/uploads\/2020\/10\/1de.jpg 500w, https:\/\/ktimakiourelioti.gr\/de\/wp-content\/uploads\/2020\/10\/1de-300x120.jpg 300w\" sizes=\"auto, (max-width: 500px) 100vw, 500px\" \/><\/a>[\/vc_column_text][vc_column_text css_animation=&#8221;fadeInRight&#8221;]<a href=\"https:\/\/ktimakiourelioti.gr\/de\/%ce%bf%ce%b9-%ce%bf%ce%af%ce%ba%ce%b5%cf%82-%ce%bc%ce%b1%cf%82\/%ce%ba%cf%8c%ce%ba%ce%ba%ce%b9%ce%bd%ce%b7-%ce%bf%ce%b9%ce%ba%ce%af%ce%b1\/\"><img loading=\"lazy\" decoding=\"async\" class=\"aligncenter wp-image-271 size-full\" src=\"https:\/\/ktimakiourelioti.gr\/de\/wp-content\/uploads\/2020\/10\/2de.jpg\" alt=\"\" width=\"500\" height=\"200\" srcset=\"https:\/\/ktimakiourelioti.gr\/de\/wp-content\/uploads\/2020\/10\/2de.jpg 500w, https:\/\/ktimakiourelioti.gr\/de\/wp-content\/uploads\/2020\/10\/2de-300x120.jpg 300w\" sizes=\"auto, (max-width: 500px) 100vw, 500px\" \/><\/a>[\/vc_column_text][vc_column_text css_animation=&#8221;fadeInRight&#8221;]<a href=\"https:\/\/ktimakiourelioti.gr\/de\/%ce%bf%ce%b9%ce%ba%ce%af%ce%b1-3\/\"><img loading=\"lazy\" decoding=\"async\" class=\"aligncenter wp-image-272 size-full\" src=\"https:\/\/ktimakiourelioti.gr\/de\/wp-content\/uploads\/2020\/10\/3de.jpg\" alt=\"\" width=\"500\" height=\"200\" srcset=\"https:\/\/ktimakiourelioti.gr\/de\/wp-content\/uploads\/2020\/10\/3de.jpg 500w, https:\/\/ktimakiourelioti.gr\/de\/wp-content\/uploads\/2020\/10\/3de-300x120.jpg 300w\" sizes=\"auto, (max-width: 500px) 100vw, 500px\" \/><\/a>[\/vc_column_text][\/vc_column][\/vc_row]<\/p>\n<\/div>","protected":false},"excerpt":{"rendered":"<p>[vc_row css=&#8221;.vc_custom_1601109201999{margin-top: -30px !important;}&#8221;][vc_column width=&#8221;2\/3&#8243;][vc_column_text] Dies sind vier autonome Erdgeschossh\u00e4user mit modernem Bau und H\u00e4usern in Skala Sykamias, nicht weit vom malerischen Hafen Panagia Gorgona entfernt. Die einzigartige Aussicht vom Anwesen aus wird jedes romantische Gef\u00fchl wecken, das in Ihnen verborgen ist. Die 4 H\u00e4user des Kioureliotis Estate haben ein modernes Design und einfache Linien.&hellip;<\/p>\n","protected":false},"author":1,"featured_media":0,"parent":0,"menu_order":0,"comment_status":"closed","ping_status":"closed","template":"","meta":{"footnotes":""},"class_list":["post-44","page","type-page","status-publish","hentry","description-off"],"yoast_head":"<!-- This site is optimized with the Yoast SEO plugin v27.5 - https:\/\/yoast.com\/product\/yoast-seo-wordpress\/ -->\n<title>Unsere H\u00e4user - \u039a\u03c4\u03ae\u03bc\u03b1 \u039a\u03b9\u03bf\u03c5\u03c1\u03b5\u03bb\u03b9\u03ce\u03c4\u03b7 | \u0395\u03bd\u03bf\u03b9\u03ba\u03b9\u03b1\u03b6\u03cc\u03bc\u03b5\u03bd\u03b5\u03c2 \u039a\u03b1\u03c4\u03bf\u03b9\u03ba\u03af\u03b5\u03c2 \u03c3\u03c4\u03b7\u03bd \u03a3\u03ba\u03ac\u03bb\u03b1 \u03a3\u03ba\u03b1\u03bc\u03bd\u03b9\u03ac\u03c2 | \u039b\u03ad\u03c3\u03b2\u03bf\u03c2 | \u039c\u03c5\u03c4\u03b9\u03bb\u03ae\u03bd\u03b7 | \u0395\u03bb\u03bb\u03ac\u03b4\u03b1<\/title>\n<meta name=\"robots\" content=\"index, follow, max-snippet:-1, max-image-preview:large, max-video-preview:-1\" \/>\n<link rel=\"canonical\" href=\"https:\/\/ktimakiourelioti.gr\/de\/\u03bf\u03b9-\u03bf\u03af\u03ba\u03b5\u03c2-\u03bc\u03b1\u03c2\/\" \/>\n<meta property=\"og:locale\" content=\"el_GR\" \/>\n<meta property=\"og:type\" content=\"article\" \/>\n<meta property=\"og:title\" content=\"Unsere H\u00e4user - \u039a\u03c4\u03ae\u03bc\u03b1 \u039a\u03b9\u03bf\u03c5\u03c1\u03b5\u03bb\u03b9\u03ce\u03c4\u03b7 | \u0395\u03bd\u03bf\u03b9\u03ba\u03b9\u03b1\u03b6\u03cc\u03bc\u03b5\u03bd\u03b5\u03c2 \u039a\u03b1\u03c4\u03bf\u03b9\u03ba\u03af\u03b5\u03c2 \u03c3\u03c4\u03b7\u03bd \u03a3\u03ba\u03ac\u03bb\u03b1 \u03a3\u03ba\u03b1\u03bc\u03bd\u03b9\u03ac\u03c2 | \u039b\u03ad\u03c3\u03b2\u03bf\u03c2 | \u039c\u03c5\u03c4\u03b9\u03bb\u03ae\u03bd\u03b7 | \u0395\u03bb\u03bb\u03ac\u03b4\u03b1\" \/>\n<meta property=\"og:description\" content=\"[vc_row css=&#8221;.vc_custom_1601109201999{margin-top: -30px !important;}&#8221;][vc_column width=&#8221;2\/3&#8243;][vc_column_text] Dies sind vier autonome Erdgeschossh\u00e4user mit modernem Bau und H\u00e4usern in Skala Sykamias, nicht weit vom malerischen Hafen Panagia Gorgona entfernt. Die einzigartige Aussicht vom Anwesen aus wird jedes romantische Gef\u00fchl wecken, das in Ihnen verborgen ist. Die 4 H\u00e4user des Kioureliotis Estate haben ein modernes Design und einfache Linien.&hellip;\" \/>\n<meta property=\"og:url\" content=\"https:\/\/ktimakiourelioti.gr\/de\/\u03bf\u03b9-\u03bf\u03af\u03ba\u03b5\u03c2-\u03bc\u03b1\u03c2\/\" \/>\n<meta property=\"og:site_name\" content=\"\u039a\u03c4\u03ae\u03bc\u03b1 \u039a\u03b9\u03bf\u03c5\u03c1\u03b5\u03bb\u03b9\u03ce\u03c4\u03b7 | \u0395\u03bd\u03bf\u03b9\u03ba\u03b9\u03b1\u03b6\u03cc\u03bc\u03b5\u03bd\u03b5\u03c2 \u039a\u03b1\u03c4\u03bf\u03b9\u03ba\u03af\u03b5\u03c2 \u03c3\u03c4\u03b7\u03bd \u03a3\u03ba\u03ac\u03bb\u03b1 \u03a3\u03ba\u03b1\u03bc\u03bd\u03b9\u03ac\u03c2 | \u039b\u03ad\u03c3\u03b2\u03bf\u03c2 | \u039c\u03c5\u03c4\u03b9\u03bb\u03ae\u03bd\u03b7 | \u0395\u03bb\u03bb\u03ac\u03b4\u03b1\" \/>\n<meta property=\"article:modified_time\" content=\"2020-10-09T09:13:12+00:00\" \/>\n<meta property=\"og:image\" content=\"http:\/\/ktimakiourelioti.gr\/de\/wp-content\/uploads\/2020\/09\/oikies.jpg\" \/>\n<meta name=\"twitter:card\" content=\"summary_large_image\" \/>\n<meta name=\"twitter:label1\" content=\"\u0395\u03ba\u03c4\u03b9\u03bc\u03ce\u03bc\u03b5\u03bd\u03bf\u03c2 \u03c7\u03c1\u03cc\u03bd\u03bf\u03c2 \u03b1\u03bd\u03ac\u03b3\u03bd\u03c9\u03c3\u03b7\u03c2\" \/>\n\t<meta name=\"twitter:data1\" content=\"1 \u03bb\u03b5\u03c0\u03c4\u03cc\" \/>\n<script type=\"application\/ld+json\" class=\"yoast-schema-graph\">{\"@context\":\"https:\\\/\\\/schema.org\",\"@graph\":[{\"@type\":\"WebPage\",\"@id\":\"https:\\\/\\\/ktimakiourelioti.gr\\\/de\\\/%ce%bf%ce%b9-%ce%bf%ce%af%ce%ba%ce%b5%cf%82-%ce%bc%ce%b1%cf%82\\\/\",\"url\":\"https:\\\/\\\/ktimakiourelioti.gr\\\/de\\\/%ce%bf%ce%b9-%ce%bf%ce%af%ce%ba%ce%b5%cf%82-%ce%bc%ce%b1%cf%82\\\/\",\"name\":\"Unsere H\u00e4user - \u039a\u03c4\u03ae\u03bc\u03b1 \u039a\u03b9\u03bf\u03c5\u03c1\u03b5\u03bb\u03b9\u03ce\u03c4\u03b7 | \u0395\u03bd\u03bf\u03b9\u03ba\u03b9\u03b1\u03b6\u03cc\u03bc\u03b5\u03bd\u03b5\u03c2 \u039a\u03b1\u03c4\u03bf\u03b9\u03ba\u03af\u03b5\u03c2 \u03c3\u03c4\u03b7\u03bd \u03a3\u03ba\u03ac\u03bb\u03b1 \u03a3\u03ba\u03b1\u03bc\u03bd\u03b9\u03ac\u03c2 | \u039b\u03ad\u03c3\u03b2\u03bf\u03c2 | \u039c\u03c5\u03c4\u03b9\u03bb\u03ae\u03bd\u03b7 | \u0395\u03bb\u03bb\u03ac\u03b4\u03b1\",\"isPartOf\":{\"@id\":\"https:\\\/\\\/ktimakiourelioti.gr\\\/de\\\/#website\"},\"primaryImageOfPage\":{\"@id\":\"https:\\\/\\\/ktimakiourelioti.gr\\\/de\\\/%ce%bf%ce%b9-%ce%bf%ce%af%ce%ba%ce%b5%cf%82-%ce%bc%ce%b1%cf%82\\\/#primaryimage\"},\"image\":{\"@id\":\"https:\\\/\\\/ktimakiourelioti.gr\\\/de\\\/%ce%bf%ce%b9-%ce%bf%ce%af%ce%ba%ce%b5%cf%82-%ce%bc%ce%b1%cf%82\\\/#primaryimage\"},\"thumbnailUrl\":\"http:\\\/\\\/ktimakiourelioti.gr\\\/de\\\/wp-content\\\/uploads\\\/2020\\\/09\\\/oikies.jpg\",\"datePublished\":\"2020-09-26T08:16:19+00:00\",\"dateModified\":\"2020-10-09T09:13:12+00:00\",\"breadcrumb\":{\"@id\":\"https:\\\/\\\/ktimakiourelioti.gr\\\/de\\\/%ce%bf%ce%b9-%ce%bf%ce%af%ce%ba%ce%b5%cf%82-%ce%bc%ce%b1%cf%82\\\/#breadcrumb\"},\"inLanguage\":\"el\",\"potentialAction\":[{\"@type\":\"ReadAction\",\"target\":[\"https:\\\/\\\/ktimakiourelioti.gr\\\/de\\\/%ce%bf%ce%b9-%ce%bf%ce%af%ce%ba%ce%b5%cf%82-%ce%bc%ce%b1%cf%82\\\/\"]}]},{\"@type\":\"ImageObject\",\"inLanguage\":\"el\",\"@id\":\"https:\\\/\\\/ktimakiourelioti.gr\\\/de\\\/%ce%bf%ce%b9-%ce%bf%ce%af%ce%ba%ce%b5%cf%82-%ce%bc%ce%b1%cf%82\\\/#primaryimage\",\"url\":\"http:\\\/\\\/ktimakiourelioti.gr\\\/de\\\/wp-content\\\/uploads\\\/2020\\\/09\\\/oikies.jpg\",\"contentUrl\":\"http:\\\/\\\/ktimakiourelioti.gr\\\/de\\\/wp-content\\\/uploads\\\/2020\\\/09\\\/oikies.jpg\"},{\"@type\":\"BreadcrumbList\",\"@id\":\"https:\\\/\\\/ktimakiourelioti.gr\\\/de\\\/%ce%bf%ce%b9-%ce%bf%ce%af%ce%ba%ce%b5%cf%82-%ce%bc%ce%b1%cf%82\\\/#breadcrumb\",\"itemListElement\":[{\"@type\":\"ListItem\",\"position\":1,\"name\":\"\u0391\u03c1\u03c7\u03b9\u03ba\u03ae\",\"item\":\"https:\\\/\\\/ktimakiourelioti.gr\\\/de\\\/\"},{\"@type\":\"ListItem\",\"position\":2,\"name\":\"Unsere H\u00e4user\"}]},{\"@type\":\"WebSite\",\"@id\":\"https:\\\/\\\/ktimakiourelioti.gr\\\/de\\\/#website\",\"url\":\"https:\\\/\\\/ktimakiourelioti.gr\\\/de\\\/\",\"name\":\"\u039a\u03c4\u03ae\u03bc\u03b1 \u039a\u03b9\u03bf\u03c5\u03c1\u03b5\u03bb\u03b9\u03ce\u03c4\u03b7 | \u0395\u03bd\u03bf\u03b9\u03ba\u03b9\u03b1\u03b6\u03cc\u03bc\u03b5\u03bd\u03b5\u03c2 \u039a\u03b1\u03c4\u03bf\u03b9\u03ba\u03af\u03b5\u03c2 \u03c3\u03c4\u03b7\u03bd \u03a3\u03ba\u03ac\u03bb\u03b1 \u03a3\u03ba\u03b1\u03bc\u03bd\u03b9\u03ac\u03c2 | \u039b\u03ad\u03c3\u03b2\u03bf\u03c2 | \u039c\u03c5\u03c4\u03b9\u03bb\u03ae\u03bd\u03b7 | \u0395\u03bb\u03bb\u03ac\u03b4\u03b1\",\"description\":\"\u0386\u03bb\u03bb\u03bf\u03c2 \u03ad\u03bd\u03b1\u03c2 \u03b9\u03c3\u03c4\u03cc\u03c4\u03bf\u03c0\u03bf\u03c2 WordPress\",\"potentialAction\":[{\"@type\":\"SearchAction\",\"target\":{\"@type\":\"EntryPoint\",\"urlTemplate\":\"https:\\\/\\\/ktimakiourelioti.gr\\\/de\\\/?s={search_term_string}\"},\"query-input\":{\"@type\":\"PropertyValueSpecification\",\"valueRequired\":true,\"valueName\":\"search_term_string\"}}],\"inLanguage\":\"el\"}]}<\/script>\n<!-- \/ Yoast SEO plugin. -->","yoast_head_json":{"title":"Unsere H\u00e4user - \u039a\u03c4\u03ae\u03bc\u03b1 \u039a\u03b9\u03bf\u03c5\u03c1\u03b5\u03bb\u03b9\u03ce\u03c4\u03b7 | \u0395\u03bd\u03bf\u03b9\u03ba\u03b9\u03b1\u03b6\u03cc\u03bc\u03b5\u03bd\u03b5\u03c2 \u039a\u03b1\u03c4\u03bf\u03b9\u03ba\u03af\u03b5\u03c2 \u03c3\u03c4\u03b7\u03bd \u03a3\u03ba\u03ac\u03bb\u03b1 \u03a3\u03ba\u03b1\u03bc\u03bd\u03b9\u03ac\u03c2 | \u039b\u03ad\u03c3\u03b2\u03bf\u03c2 | \u039c\u03c5\u03c4\u03b9\u03bb\u03ae\u03bd\u03b7 | \u0395\u03bb\u03bb\u03ac\u03b4\u03b1","robots":{"index":"index","follow":"follow","max-snippet":"max-snippet:-1","max-image-preview":"max-image-preview:large","max-video-preview":"max-video-preview:-1"},"canonical":"https:\/\/ktimakiourelioti.gr\/de\/\u03bf\u03b9-\u03bf\u03af\u03ba\u03b5\u03c2-\u03bc\u03b1\u03c2\/","og_locale":"el_GR","og_type":"article","og_title":"Unsere H\u00e4user - \u039a\u03c4\u03ae\u03bc\u03b1 \u039a\u03b9\u03bf\u03c5\u03c1\u03b5\u03bb\u03b9\u03ce\u03c4\u03b7 | \u0395\u03bd\u03bf\u03b9\u03ba\u03b9\u03b1\u03b6\u03cc\u03bc\u03b5\u03bd\u03b5\u03c2 \u039a\u03b1\u03c4\u03bf\u03b9\u03ba\u03af\u03b5\u03c2 \u03c3\u03c4\u03b7\u03bd \u03a3\u03ba\u03ac\u03bb\u03b1 \u03a3\u03ba\u03b1\u03bc\u03bd\u03b9\u03ac\u03c2 | \u039b\u03ad\u03c3\u03b2\u03bf\u03c2 | \u039c\u03c5\u03c4\u03b9\u03bb\u03ae\u03bd\u03b7 | \u0395\u03bb\u03bb\u03ac\u03b4\u03b1","og_description":"[vc_row css=&#8221;.vc_custom_1601109201999{margin-top: -30px !important;}&#8221;][vc_column width=&#8221;2\/3&#8243;][vc_column_text] Dies sind vier autonome Erdgeschossh\u00e4user mit modernem Bau und H\u00e4usern in Skala Sykamias, nicht weit vom malerischen Hafen Panagia Gorgona entfernt. Die einzigartige Aussicht vom Anwesen aus wird jedes romantische Gef\u00fchl wecken, das in Ihnen verborgen ist. Die 4 H\u00e4user des Kioureliotis Estate haben ein modernes Design und einfache Linien.&hellip;","og_url":"https:\/\/ktimakiourelioti.gr\/de\/\u03bf\u03b9-\u03bf\u03af\u03ba\u03b5\u03c2-\u03bc\u03b1\u03c2\/","og_site_name":"\u039a\u03c4\u03ae\u03bc\u03b1 \u039a\u03b9\u03bf\u03c5\u03c1\u03b5\u03bb\u03b9\u03ce\u03c4\u03b7 | \u0395\u03bd\u03bf\u03b9\u03ba\u03b9\u03b1\u03b6\u03cc\u03bc\u03b5\u03bd\u03b5\u03c2 \u039a\u03b1\u03c4\u03bf\u03b9\u03ba\u03af\u03b5\u03c2 \u03c3\u03c4\u03b7\u03bd \u03a3\u03ba\u03ac\u03bb\u03b1 \u03a3\u03ba\u03b1\u03bc\u03bd\u03b9\u03ac\u03c2 | \u039b\u03ad\u03c3\u03b2\u03bf\u03c2 | \u039c\u03c5\u03c4\u03b9\u03bb\u03ae\u03bd\u03b7 | \u0395\u03bb\u03bb\u03ac\u03b4\u03b1","article_modified_time":"2020-10-09T09:13:12+00:00","og_image":[{"url":"http:\/\/ktimakiourelioti.gr\/de\/wp-content\/uploads\/2020\/09\/oikies.jpg","type":"","width":"","height":""}],"twitter_card":"summary_large_image","twitter_misc":{"\u0395\u03ba\u03c4\u03b9\u03bc\u03ce\u03bc\u03b5\u03bd\u03bf\u03c2 \u03c7\u03c1\u03cc\u03bd\u03bf\u03c2 \u03b1\u03bd\u03ac\u03b3\u03bd\u03c9\u03c3\u03b7\u03c2":"1 \u03bb\u03b5\u03c0\u03c4\u03cc"},"schema":{"@context":"https:\/\/schema.org","@graph":[{"@type":"WebPage","@id":"https:\/\/ktimakiourelioti.gr\/de\/%ce%bf%ce%b9-%ce%bf%ce%af%ce%ba%ce%b5%cf%82-%ce%bc%ce%b1%cf%82\/","url":"https:\/\/ktimakiourelioti.gr\/de\/%ce%bf%ce%b9-%ce%bf%ce%af%ce%ba%ce%b5%cf%82-%ce%bc%ce%b1%cf%82\/","name":"Unsere H\u00e4user - \u039a\u03c4\u03ae\u03bc\u03b1 \u039a\u03b9\u03bf\u03c5\u03c1\u03b5\u03bb\u03b9\u03ce\u03c4\u03b7 | \u0395\u03bd\u03bf\u03b9\u03ba\u03b9\u03b1\u03b6\u03cc\u03bc\u03b5\u03bd\u03b5\u03c2 \u039a\u03b1\u03c4\u03bf\u03b9\u03ba\u03af\u03b5\u03c2 \u03c3\u03c4\u03b7\u03bd \u03a3\u03ba\u03ac\u03bb\u03b1 \u03a3\u03ba\u03b1\u03bc\u03bd\u03b9\u03ac\u03c2 | \u039b\u03ad\u03c3\u03b2\u03bf\u03c2 | \u039c\u03c5\u03c4\u03b9\u03bb\u03ae\u03bd\u03b7 | \u0395\u03bb\u03bb\u03ac\u03b4\u03b1","isPartOf":{"@id":"https:\/\/ktimakiourelioti.gr\/de\/#website"},"primaryImageOfPage":{"@id":"https:\/\/ktimakiourelioti.gr\/de\/%ce%bf%ce%b9-%ce%bf%ce%af%ce%ba%ce%b5%cf%82-%ce%bc%ce%b1%cf%82\/#primaryimage"},"image":{"@id":"https:\/\/ktimakiourelioti.gr\/de\/%ce%bf%ce%b9-%ce%bf%ce%af%ce%ba%ce%b5%cf%82-%ce%bc%ce%b1%cf%82\/#primaryimage"},"thumbnailUrl":"http:\/\/ktimakiourelioti.gr\/de\/wp-content\/uploads\/2020\/09\/oikies.jpg","datePublished":"2020-09-26T08:16:19+00:00","dateModified":"2020-10-09T09:13:12+00:00","breadcrumb":{"@id":"https:\/\/ktimakiourelioti.gr\/de\/%ce%bf%ce%b9-%ce%bf%ce%af%ce%ba%ce%b5%cf%82-%ce%bc%ce%b1%cf%82\/#breadcrumb"},"inLanguage":"el","potentialAction":[{"@type":"ReadAction","target":["https:\/\/ktimakiourelioti.gr\/de\/%ce%bf%ce%b9-%ce%bf%ce%af%ce%ba%ce%b5%cf%82-%ce%bc%ce%b1%cf%82\/"]}]},{"@type":"ImageObject","inLanguage":"el","@id":"https:\/\/ktimakiourelioti.gr\/de\/%ce%bf%ce%b9-%ce%bf%ce%af%ce%ba%ce%b5%cf%82-%ce%bc%ce%b1%cf%82\/#primaryimage","url":"http:\/\/ktimakiourelioti.gr\/de\/wp-content\/uploads\/2020\/09\/oikies.jpg","contentUrl":"http:\/\/ktimakiourelioti.gr\/de\/wp-content\/uploads\/2020\/09\/oikies.jpg"},{"@type":"BreadcrumbList","@id":"https:\/\/ktimakiourelioti.gr\/de\/%ce%bf%ce%b9-%ce%bf%ce%af%ce%ba%ce%b5%cf%82-%ce%bc%ce%b1%cf%82\/#breadcrumb","itemListElement":[{"@type":"ListItem","position":1,"name":"\u0391\u03c1\u03c7\u03b9\u03ba\u03ae","item":"https:\/\/ktimakiourelioti.gr\/de\/"},{"@type":"ListItem","position":2,"name":"Unsere H\u00e4user"}]},{"@type":"WebSite","@id":"https:\/\/ktimakiourelioti.gr\/de\/#website","url":"https:\/\/ktimakiourelioti.gr\/de\/","name":"\u039a\u03c4\u03ae\u03bc\u03b1 \u039a\u03b9\u03bf\u03c5\u03c1\u03b5\u03bb\u03b9\u03ce\u03c4\u03b7 | \u0395\u03bd\u03bf\u03b9\u03ba\u03b9\u03b1\u03b6\u03cc\u03bc\u03b5\u03bd\u03b5\u03c2 \u039a\u03b1\u03c4\u03bf\u03b9\u03ba\u03af\u03b5\u03c2 \u03c3\u03c4\u03b7\u03bd \u03a3\u03ba\u03ac\u03bb\u03b1 \u03a3\u03ba\u03b1\u03bc\u03bd\u03b9\u03ac\u03c2 | \u039b\u03ad\u03c3\u03b2\u03bf\u03c2 | \u039c\u03c5\u03c4\u03b9\u03bb\u03ae\u03bd\u03b7 | \u0395\u03bb\u03bb\u03ac\u03b4\u03b1","description":"\u0386\u03bb\u03bb\u03bf\u03c2 \u03ad\u03bd\u03b1\u03c2 \u03b9\u03c3\u03c4\u03cc\u03c4\u03bf\u03c0\u03bf\u03c2 WordPress","potentialAction":[{"@type":"SearchAction","target":{"@type":"EntryPoint","urlTemplate":"https:\/\/ktimakiourelioti.gr\/de\/?s={search_term_string}"},"query-input":{"@type":"PropertyValueSpecification","valueRequired":true,"valueName":"search_term_string"}}],"inLanguage":"el"}]}},"_links":{"self":[{"href":"https:\/\/ktimakiourelioti.gr\/de\/wp-json\/wp\/v2\/pages\/44","targetHints":{"allow":["GET"]}}],"collection":[{"href":"https:\/\/ktimakiourelioti.gr\/de\/wp-json\/wp\/v2\/pages"}],"about":[{"href":"https:\/\/ktimakiourelioti.gr\/de\/wp-json\/wp\/v2\/types\/page"}],"author":[{"embeddable":true,"href":"https:\/\/ktimakiourelioti.gr\/de\/wp-json\/wp\/v2\/users\/1"}],"replies":[{"embeddable":true,"href":"https:\/\/ktimakiourelioti.gr\/de\/wp-json\/wp\/v2\/comments?post=44"}],"version-history":[{"count":17,"href":"https:\/\/ktimakiourelioti.gr\/de\/wp-json\/wp\/v2\/pages\/44\/revisions"}],"predecessor-version":[{"id":285,"href":"https:\/\/ktimakiourelioti.gr\/de\/wp-json\/wp\/v2\/pages\/44\/revisions\/285"}],"wp:attachment":[{"href":"https:\/\/ktimakiourelioti.gr\/de\/wp-json\/wp\/v2\/media?parent=44"}],"curies":[{"name":"wp","href":"https:\/\/api.w.org\/{rel}","templated":true}]}}