{"id":69,"date":"2020-09-28T09:22:37","date_gmt":"2020-09-28T06:22:37","guid":{"rendered":"http:\/\/ktimakiourelioti.gr\/de\/?page_id=69"},"modified":"2020-10-10T09:59:00","modified_gmt":"2020-10-10T06:59:00","slug":"%ce%ba%cf%8c%ce%ba%ce%ba%ce%b9%ce%bd%ce%b7-%ce%bf%ce%b9%ce%ba%ce%af%ce%b1","status":"publish","type":"page","link":"https:\/\/ktimakiourelioti.gr\/de\/%ce%bf%ce%b9-%ce%bf%ce%af%ce%ba%ce%b5%cf%82-%ce%bc%ce%b1%cf%82\/%ce%ba%cf%8c%ce%ba%ce%ba%ce%b9%ce%bd%ce%b7-%ce%bf%ce%b9%ce%ba%ce%af%ce%b1\/","title":{"rendered":"Haus #2"},"content":{"rendered":"<div class=\"wpb-content-wrapper\"><p>[vc_row][vc_column width=&#8221;1\/2&#8243;][vc_column_text]<!-- ipanorama begin -->\n<div class=\"ipanorama ipnrm-4\"data-json-src=\"https:\/\/ktimakiourelioti.gr\/de\/wp-content\/uploads\/ipanorama\/4\/config.json?ver=1602235068\" data-item-id=\"4\" style=\"display:none;\">\n<div class=\"ipnrm-store\">\n<div class=\"ipnrm-scene\" data-scene-id=\"hall\">\n<div class=\"ipnrm-markers-data\">\n<\/div>\n<div class=\"ipnrm-tooltips-data\">\n<div class=\"ipnrm-data\" data-marker-id=\"ddd1b3f0\">\n<\/div>\n<div class=\"ipnrm-data\" data-marker-id=\"9d869095\">\n<\/div>\n<div class=\"ipnrm-data\" data-marker-id=\"b5b01d71\">\n<\/div>\n<div class=\"ipnrm-data\" data-marker-id=\"e76c2dd4\">\n<\/div>\n<\/div>\n<div class=\"ipnrm-popovers-data\">\n<div class=\"ipnrm-data\" data-marker-id=\"ddd1b3f0\">\n<\/div>\n<div class=\"ipnrm-data\" data-marker-id=\"9d869095\">\n<\/div>\n<div class=\"ipnrm-data\" data-marker-id=\"b5b01d71\">\n<\/div>\n<div class=\"ipnrm-data\" data-marker-id=\"e76c2dd4\">\n<\/div>\n<\/div>\n<\/div>\n<div class=\"ipnrm-scene\" data-scene-id=\"kitchen\">\n<div class=\"ipnrm-markers-data\">\n<\/div>\n<div class=\"ipnrm-tooltips-data\">\n<div class=\"ipnrm-data\" data-marker-id=\"17361291\">\n<\/div>\n<\/div>\n<div class=\"ipnrm-popovers-data\">\n<div class=\"ipnrm-data\" data-marker-id=\"17361291\">\n<\/div>\n<\/div>\n<\/div>\n<div class=\"ipnrm-scene\" data-scene-id=\"bedroom\">\n<div class=\"ipnrm-markers-data\">\n<\/div>\n<div class=\"ipnrm-tooltips-data\">\n<div class=\"ipnrm-data\" data-marker-id=\"188e3a53\">\n<\/div>\n<\/div>\n<div class=\"ipnrm-popovers-data\">\n<div class=\"ipnrm-data\" data-marker-id=\"188e3a53\">\n<\/div>\n<\/div>\n<\/div>\n<div class=\"ipnrm-scene\" data-scene-id=\"bathroom\">\n<div class=\"ipnrm-markers-data\">\n<\/div>\n<div class=\"ipnrm-tooltips-data\">\n<div class=\"ipnrm-data\" data-marker-id=\"d4b49bab\">\n<\/div>\n<\/div>\n<div class=\"ipnrm-popovers-data\">\n<div class=\"ipnrm-data\" data-marker-id=\"d4b49bab\">\n<\/div>\n<\/div>\n<\/div>\n<div class=\"ipnrm-scene\" data-scene-id=\"out\">\n<div class=\"ipnrm-markers-data\">\n<\/div>\n<div class=\"ipnrm-tooltips-data\">\n<div class=\"ipnrm-data\" data-marker-id=\"7553f373\">\n<\/div>\n<\/div>\n<div class=\"ipnrm-popovers-data\">\n<div class=\"ipnrm-data\" data-marker-id=\"7553f373\">\n<\/div>\n<\/div>\n<\/div>\n<\/div>\n<\/div>\n<!-- ipanorama end -->\n<br \/>\n<span style=\"color: #bdbdbd;\"><span style=\"font-size: 8pt;\">Klicken und ziehen Sie, um das Foto zu drehen. &#8211; Klicken Sie auf die schwarzen und wei\u00dfen Punkte f\u00fcr eine virtuelle Tour.<\/span><\/span>[\/vc_column_text][vc_row_inner css=&#8221;.vc_custom_1601275119112{margin-top: -20px !important;}&#8221;][vc_column_inner width=&#8221;1\/2&#8243;][vc_column_text]<span style=\"text-decoration: underline;\"><strong>Dienstleistungen &amp; Einrichtungen<\/strong><\/span><\/p>\n<ul>\n<li id=\"tw-target-text\" class=\"tw-data-text tw-text-large XcVN5d tw-ta\" dir=\"ltr\" data-placeholder=\"\u039c\u03b5\u03c4\u03ac\u03c6\u03c1\u03b1\u03c3\u03b7\"><span lang=\"de\">Handgemachtes Holzbett und Kingsize-Matratze<br \/>\n<\/span><\/li>\n<li class=\"tw-data-text tw-text-large XcVN5d tw-ta\" dir=\"ltr\" data-placeholder=\"\u039c\u03b5\u03c4\u03ac\u03c6\u03c1\u03b1\u03c3\u03b7\"><span lang=\"de\">Haartrockner<br \/>\n<\/span><\/li>\n<li class=\"tw-data-text tw-text-large XcVN5d tw-ta\" dir=\"ltr\" data-placeholder=\"\u039c\u03b5\u03c4\u03ac\u03c6\u03c1\u03b1\u03c3\u03b7\"><span lang=\"de\">Produkte zur Behandlung<br \/>\n<\/span><\/li>\n<li class=\"tw-data-text tw-text-large XcVN5d tw-ta\" dir=\"ltr\" data-placeholder=\"\u039c\u03b5\u03c4\u03ac\u03c6\u03c1\u03b1\u03c3\u03b7\"><span lang=\"de\">Minik\u00fchlschrank<br \/>\n<\/span><\/li>\n<li class=\"tw-data-text tw-text-large XcVN5d tw-ta\" dir=\"ltr\" data-placeholder=\"\u039c\u03b5\u03c4\u03ac\u03c6\u03c1\u03b1\u03c3\u03b7\"><span lang=\"de\">B\u00fcrom\u00f6bel<\/span><\/li>\n<\/ul>\n<p>[\/vc_column_text][\/vc_column_inner][vc_column_inner width=&#8221;1\/2&#8243;][vc_column_text]<div class=\"gap\" style=\"line-height: 20px; height: 20px;\"><\/div>\n<ul>\n<li id=\"tw-target-text\" class=\"tw-data-text tw-text-large XcVN5d tw-ta\" dir=\"ltr\" data-placeholder=\"\u039c\u03b5\u03c4\u03ac\u03c6\u03c1\u03b1\u03c3\u03b7\"><span lang=\"de\">Wasserkocher f\u00fcr Kaffee oder Tee<br \/>\n<\/span><\/li>\n<li class=\"tw-data-text tw-text-large XcVN5d tw-ta\" dir=\"ltr\" data-placeholder=\"\u039c\u03b5\u03c4\u03ac\u03c6\u03c1\u03b1\u03c3\u03b7\"><span lang=\"de\">Klimaanlage Autonome Heizung<br \/>\n<\/span><\/li>\n<li class=\"tw-data-text tw-text-large XcVN5d tw-ta\" dir=\"ltr\" data-placeholder=\"\u039c\u03b5\u03c4\u03ac\u03c6\u03c1\u03b1\u03c3\u03b7\"><span lang=\"de\">Staubsauger<br \/>\n<\/span><\/li>\n<li class=\"tw-data-text tw-text-large XcVN5d tw-ta\" dir=\"ltr\" data-placeholder=\"\u039c\u03b5\u03c4\u03ac\u03c6\u03c1\u03b1\u03c3\u03b7\"><span lang=\"de\">LCD-Flachbildfernseher | LED<br \/>\n<\/span><\/li>\n<li class=\"tw-data-text tw-text-large XcVN5d tw-ta\" dir=\"ltr\" data-placeholder=\"\u039c\u03b5\u03c4\u03ac\u03c6\u03c1\u03b1\u03c3\u03b7\"><span lang=\"de\">Waschmaschine<br \/>\n<\/span><\/li>\n<li class=\"tw-data-text tw-text-large XcVN5d tw-ta\" dir=\"ltr\" data-placeholder=\"\u039c\u03b5\u03c4\u03ac\u03c6\u03c1\u03b1\u03c3\u03b7\"><span lang=\"de\">B\u00fcgeleisen &#8211; B\u00fcgelbrett<br \/>\n<\/span><\/li>\n<li class=\"tw-data-text tw-text-large XcVN5d tw-ta\" dir=\"ltr\" data-placeholder=\"\u039c\u03b5\u03c4\u03ac\u03c6\u03c1\u03b1\u03c3\u03b7\"><span lang=\"de\">Balkone mit Aussicht<\/span><\/li>\n<\/ul>\n<p>[\/vc_column_text][\/vc_column_inner][\/vc_row_inner][vc_row_inner css=&#8221;.vc_custom_1601275122792{margin-top: -20px !important;}&#8221;][vc_column_inner][vc_btn title=&#8221;Machen Sie JETZT eine Reservierung!!!&#8221; color=&#8221;sky&#8221; align=&#8221;center&#8221; button_block=&#8221;true&#8221; link=&#8221;url:https%3A%2F%2Fktimakiourelioti.gr%2Fde%2F%25ce%25ba%25cf%2581%25ce%25ac%25cf%2584%25ce%25b7%25cf%2583%25ce%25b7-%25ce%25bf%25ce%25b9%25ce%25ba%25ce%25af%25ce%25b1%25cf%2582%2F|title:Reserve%20House||&#8221;][\/vc_column_inner][\/vc_row_inner][\/vc_column][vc_column width=&#8221;1\/2&#8243;][vc_media_grid element_width=&#8221;3&#8243; grid_id=&#8221;vc_gid:1602313125285-87437c26-da9f-1&#8243; include=&#8221;72,73,74,75,76,77,78,79,80,81,82,83,84,85,89,87,86,88,90,91,92,93,94,95&#8243;][\/vc_column][\/vc_row][vc_row][vc_column][vc_empty_space][vc_separator color=&#8221;sky&#8221; style=&#8221;shadow&#8221; border_width=&#8221;4&#8243;][\/vc_column][\/vc_row][vc_row][vc_column width=&#8221;1\/3&#8243;][vc_column_text]<\/p>\n<p style=\"text-align: center;\"><a href=\"https:\/\/ktimakiourelioti.gr\/de\/%ce%bf%ce%b9%ce%ba%ce%af%ce%b1-1\/\"><img loading=\"lazy\" decoding=\"async\" class=\"aligncenter wp-image-270 size-full\" src=\"https:\/\/ktimakiourelioti.gr\/de\/wp-content\/uploads\/2020\/10\/1de.jpg\" alt=\"\" width=\"500\" height=\"200\" srcset=\"https:\/\/ktimakiourelioti.gr\/de\/wp-content\/uploads\/2020\/10\/1de.jpg 500w, https:\/\/ktimakiourelioti.gr\/de\/wp-content\/uploads\/2020\/10\/1de-300x120.jpg 300w\" sizes=\"auto, (max-width: 500px) 100vw, 500px\" \/><\/a><\/p>\n<p>[\/vc_column_text][\/vc_column][vc_column width=&#8221;1\/3&#8243;][vc_column_text]<a href=\"https:\/\/ktimakiourelioti.gr\/de\/%ce%bf%ce%b9-%ce%bf%ce%af%ce%ba%ce%b5%cf%82-%ce%bc%ce%b1%cf%82\/%ce%ba%cf%8c%ce%ba%ce%ba%ce%b9%ce%bd%ce%b7-%ce%bf%ce%b9%ce%ba%ce%af%ce%b1\/\"><img loading=\"lazy\" decoding=\"async\" class=\"aligncenter wp-image-271 size-full\" src=\"https:\/\/ktimakiourelioti.gr\/de\/wp-content\/uploads\/2020\/10\/2de.jpg\" alt=\"\" width=\"500\" height=\"200\" srcset=\"https:\/\/ktimakiourelioti.gr\/de\/wp-content\/uploads\/2020\/10\/2de.jpg 500w, https:\/\/ktimakiourelioti.gr\/de\/wp-content\/uploads\/2020\/10\/2de-300x120.jpg 300w\" sizes=\"auto, (max-width: 500px) 100vw, 500px\" \/><\/a>[\/vc_column_text][\/vc_column][vc_column width=&#8221;1\/3&#8243;][vc_column_text]<a href=\"https:\/\/ktimakiourelioti.gr\/de\/%ce%bf%ce%b9%ce%ba%ce%af%ce%b1-3\/\"><img loading=\"lazy\" decoding=\"async\" class=\"aligncenter wp-image-272 size-full\" src=\"https:\/\/ktimakiourelioti.gr\/de\/wp-content\/uploads\/2020\/10\/3de.jpg\" alt=\"\" width=\"500\" height=\"200\" srcset=\"https:\/\/ktimakiourelioti.gr\/de\/wp-content\/uploads\/2020\/10\/3de.jpg 500w, https:\/\/ktimakiourelioti.gr\/de\/wp-content\/uploads\/2020\/10\/3de-300x120.jpg 300w\" sizes=\"auto, (max-width: 500px) 100vw, 500px\" \/><\/a>[\/vc_column_text][\/vc_column][\/vc_row]<\/p>\n<\/div>","protected":false},"excerpt":{"rendered":"<p>[vc_row][vc_column width=&#8221;1\/2&#8243;][vc_column_text] Klicken und ziehen Sie, um das Foto zu drehen. &#8211; Klicken Sie auf die schwarzen und wei\u00dfen Punkte f\u00fcr eine virtuelle Tour.[\/vc_column_text][vc_row_inner css=&#8221;.vc_custom_1601275119112{margin-top: -20px !important;}&#8221;][vc_column_inner width=&#8221;1\/2&#8243;][vc_column_text]Dienstleistungen &amp; Einrichtungen Handgemachtes Holzbett und Kingsize-Matratze Haartrockner Produkte zur Behandlung Minik\u00fchlschrank B\u00fcrom\u00f6bel [\/vc_column_text][\/vc_column_inner][vc_column_inner width=&#8221;1\/2&#8243;][vc_column_text] Wasserkocher f\u00fcr Kaffee oder Tee Klimaanlage Autonome Heizung Staubsauger LCD-Flachbildfernseher | LED Waschmaschine&hellip;<\/p>\n","protected":false},"author":1,"featured_media":0,"parent":44,"menu_order":0,"comment_status":"closed","ping_status":"closed","template":"","meta":{"footnotes":""},"class_list":["post-69","page","type-page","status-publish","hentry","description-off"],"yoast_head":"<!-- This site is optimized with the Yoast SEO plugin v27.5 - https:\/\/yoast.com\/product\/yoast-seo-wordpress\/ -->\n<title>Haus #2 - \u039a\u03c4\u03ae\u03bc\u03b1 \u039a\u03b9\u03bf\u03c5\u03c1\u03b5\u03bb\u03b9\u03ce\u03c4\u03b7 | \u0395\u03bd\u03bf\u03b9\u03ba\u03b9\u03b1\u03b6\u03cc\u03bc\u03b5\u03bd\u03b5\u03c2 \u039a\u03b1\u03c4\u03bf\u03b9\u03ba\u03af\u03b5\u03c2 \u03c3\u03c4\u03b7\u03bd \u03a3\u03ba\u03ac\u03bb\u03b1 \u03a3\u03ba\u03b1\u03bc\u03bd\u03b9\u03ac\u03c2 | \u039b\u03ad\u03c3\u03b2\u03bf\u03c2 | \u039c\u03c5\u03c4\u03b9\u03bb\u03ae\u03bd\u03b7 | \u0395\u03bb\u03bb\u03ac\u03b4\u03b1<\/title>\n<meta name=\"robots\" content=\"index, follow, max-snippet:-1, max-image-preview:large, max-video-preview:-1\" \/>\n<link rel=\"canonical\" href=\"https:\/\/ktimakiourelioti.gr\/de\/\u03bf\u03b9-\u03bf\u03af\u03ba\u03b5\u03c2-\u03bc\u03b1\u03c2\/\u03ba\u03cc\u03ba\u03ba\u03b9\u03bd\u03b7-\u03bf\u03b9\u03ba\u03af\u03b1\/\" \/>\n<meta property=\"og:locale\" content=\"el_GR\" \/>\n<meta property=\"og:type\" content=\"article\" \/>\n<meta property=\"og:title\" content=\"Haus #2 - \u039a\u03c4\u03ae\u03bc\u03b1 \u039a\u03b9\u03bf\u03c5\u03c1\u03b5\u03bb\u03b9\u03ce\u03c4\u03b7 | \u0395\u03bd\u03bf\u03b9\u03ba\u03b9\u03b1\u03b6\u03cc\u03bc\u03b5\u03bd\u03b5\u03c2 \u039a\u03b1\u03c4\u03bf\u03b9\u03ba\u03af\u03b5\u03c2 \u03c3\u03c4\u03b7\u03bd \u03a3\u03ba\u03ac\u03bb\u03b1 \u03a3\u03ba\u03b1\u03bc\u03bd\u03b9\u03ac\u03c2 | \u039b\u03ad\u03c3\u03b2\u03bf\u03c2 | \u039c\u03c5\u03c4\u03b9\u03bb\u03ae\u03bd\u03b7 | \u0395\u03bb\u03bb\u03ac\u03b4\u03b1\" \/>\n<meta property=\"og:description\" content=\"[vc_row][vc_column width=&#8221;1\/2&#8243;][vc_column_text] Klicken und ziehen Sie, um das Foto zu drehen. &#8211; Klicken Sie auf die schwarzen und wei\u00dfen Punkte f\u00fcr eine virtuelle Tour.[\/vc_column_text][vc_row_inner css=&#8221;.vc_custom_1601275119112{margin-top: -20px !important;}&#8221;][vc_column_inner width=&#8221;1\/2&#8243;][vc_column_text]Dienstleistungen &amp; Einrichtungen Handgemachtes Holzbett und Kingsize-Matratze Haartrockner Produkte zur Behandlung Minik\u00fchlschrank B\u00fcrom\u00f6bel [\/vc_column_text][\/vc_column_inner][vc_column_inner width=&#8221;1\/2&#8243;][vc_column_text] Wasserkocher f\u00fcr Kaffee oder Tee Klimaanlage Autonome Heizung Staubsauger LCD-Flachbildfernseher | LED Waschmaschine&hellip;\" \/>\n<meta property=\"og:url\" content=\"https:\/\/ktimakiourelioti.gr\/de\/\u03bf\u03b9-\u03bf\u03af\u03ba\u03b5\u03c2-\u03bc\u03b1\u03c2\/\u03ba\u03cc\u03ba\u03ba\u03b9\u03bd\u03b7-\u03bf\u03b9\u03ba\u03af\u03b1\/\" \/>\n<meta property=\"og:site_name\" content=\"\u039a\u03c4\u03ae\u03bc\u03b1 \u039a\u03b9\u03bf\u03c5\u03c1\u03b5\u03bb\u03b9\u03ce\u03c4\u03b7 | \u0395\u03bd\u03bf\u03b9\u03ba\u03b9\u03b1\u03b6\u03cc\u03bc\u03b5\u03bd\u03b5\u03c2 \u039a\u03b1\u03c4\u03bf\u03b9\u03ba\u03af\u03b5\u03c2 \u03c3\u03c4\u03b7\u03bd \u03a3\u03ba\u03ac\u03bb\u03b1 \u03a3\u03ba\u03b1\u03bc\u03bd\u03b9\u03ac\u03c2 | \u039b\u03ad\u03c3\u03b2\u03bf\u03c2 | \u039c\u03c5\u03c4\u03b9\u03bb\u03ae\u03bd\u03b7 | \u0395\u03bb\u03bb\u03ac\u03b4\u03b1\" \/>\n<meta property=\"article:modified_time\" content=\"2020-10-10T06:59:00+00:00\" \/>\n<meta property=\"og:image\" content=\"https:\/\/ktimakiourelioti.gr\/de\/wp-content\/uploads\/2020\/10\/1de.jpg\" \/>\n<meta name=\"twitter:card\" content=\"summary_large_image\" \/>\n<meta name=\"twitter:label1\" content=\"\u0395\u03ba\u03c4\u03b9\u03bc\u03ce\u03bc\u03b5\u03bd\u03bf\u03c2 \u03c7\u03c1\u03cc\u03bd\u03bf\u03c2 \u03b1\u03bd\u03ac\u03b3\u03bd\u03c9\u03c3\u03b7\u03c2\" \/>\n\t<meta name=\"twitter:data1\" content=\"1 \u03bb\u03b5\u03c0\u03c4\u03cc\" \/>\n<script type=\"application\/ld+json\" class=\"yoast-schema-graph\">{\"@context\":\"https:\\\/\\\/schema.org\",\"@graph\":[{\"@type\":\"WebPage\",\"@id\":\"https:\\\/\\\/ktimakiourelioti.gr\\\/de\\\/%ce%bf%ce%b9-%ce%bf%ce%af%ce%ba%ce%b5%cf%82-%ce%bc%ce%b1%cf%82\\\/%ce%ba%cf%8c%ce%ba%ce%ba%ce%b9%ce%bd%ce%b7-%ce%bf%ce%b9%ce%ba%ce%af%ce%b1\\\/\",\"url\":\"https:\\\/\\\/ktimakiourelioti.gr\\\/de\\\/%ce%bf%ce%b9-%ce%bf%ce%af%ce%ba%ce%b5%cf%82-%ce%bc%ce%b1%cf%82\\\/%ce%ba%cf%8c%ce%ba%ce%ba%ce%b9%ce%bd%ce%b7-%ce%bf%ce%b9%ce%ba%ce%af%ce%b1\\\/\",\"name\":\"Haus #2 - \u039a\u03c4\u03ae\u03bc\u03b1 \u039a\u03b9\u03bf\u03c5\u03c1\u03b5\u03bb\u03b9\u03ce\u03c4\u03b7 | \u0395\u03bd\u03bf\u03b9\u03ba\u03b9\u03b1\u03b6\u03cc\u03bc\u03b5\u03bd\u03b5\u03c2 \u039a\u03b1\u03c4\u03bf\u03b9\u03ba\u03af\u03b5\u03c2 \u03c3\u03c4\u03b7\u03bd \u03a3\u03ba\u03ac\u03bb\u03b1 \u03a3\u03ba\u03b1\u03bc\u03bd\u03b9\u03ac\u03c2 | \u039b\u03ad\u03c3\u03b2\u03bf\u03c2 | \u039c\u03c5\u03c4\u03b9\u03bb\u03ae\u03bd\u03b7 | \u0395\u03bb\u03bb\u03ac\u03b4\u03b1\",\"isPartOf\":{\"@id\":\"https:\\\/\\\/ktimakiourelioti.gr\\\/de\\\/#website\"},\"primaryImageOfPage\":{\"@id\":\"https:\\\/\\\/ktimakiourelioti.gr\\\/de\\\/%ce%bf%ce%b9-%ce%bf%ce%af%ce%ba%ce%b5%cf%82-%ce%bc%ce%b1%cf%82\\\/%ce%ba%cf%8c%ce%ba%ce%ba%ce%b9%ce%bd%ce%b7-%ce%bf%ce%b9%ce%ba%ce%af%ce%b1\\\/#primaryimage\"},\"image\":{\"@id\":\"https:\\\/\\\/ktimakiourelioti.gr\\\/de\\\/%ce%bf%ce%b9-%ce%bf%ce%af%ce%ba%ce%b5%cf%82-%ce%bc%ce%b1%cf%82\\\/%ce%ba%cf%8c%ce%ba%ce%ba%ce%b9%ce%bd%ce%b7-%ce%bf%ce%b9%ce%ba%ce%af%ce%b1\\\/#primaryimage\"},\"thumbnailUrl\":\"https:\\\/\\\/ktimakiourelioti.gr\\\/de\\\/wp-content\\\/uploads\\\/2020\\\/10\\\/1de.jpg\",\"datePublished\":\"2020-09-28T06:22:37+00:00\",\"dateModified\":\"2020-10-10T06:59:00+00:00\",\"breadcrumb\":{\"@id\":\"https:\\\/\\\/ktimakiourelioti.gr\\\/de\\\/%ce%bf%ce%b9-%ce%bf%ce%af%ce%ba%ce%b5%cf%82-%ce%bc%ce%b1%cf%82\\\/%ce%ba%cf%8c%ce%ba%ce%ba%ce%b9%ce%bd%ce%b7-%ce%bf%ce%b9%ce%ba%ce%af%ce%b1\\\/#breadcrumb\"},\"inLanguage\":\"el\",\"potentialAction\":[{\"@type\":\"ReadAction\",\"target\":[\"https:\\\/\\\/ktimakiourelioti.gr\\\/de\\\/%ce%bf%ce%b9-%ce%bf%ce%af%ce%ba%ce%b5%cf%82-%ce%bc%ce%b1%cf%82\\\/%ce%ba%cf%8c%ce%ba%ce%ba%ce%b9%ce%bd%ce%b7-%ce%bf%ce%b9%ce%ba%ce%af%ce%b1\\\/\"]}]},{\"@type\":\"ImageObject\",\"inLanguage\":\"el\",\"@id\":\"https:\\\/\\\/ktimakiourelioti.gr\\\/de\\\/%ce%bf%ce%b9-%ce%bf%ce%af%ce%ba%ce%b5%cf%82-%ce%bc%ce%b1%cf%82\\\/%ce%ba%cf%8c%ce%ba%ce%ba%ce%b9%ce%bd%ce%b7-%ce%bf%ce%b9%ce%ba%ce%af%ce%b1\\\/#primaryimage\",\"url\":\"https:\\\/\\\/ktimakiourelioti.gr\\\/de\\\/wp-content\\\/uploads\\\/2020\\\/10\\\/1de.jpg\",\"contentUrl\":\"https:\\\/\\\/ktimakiourelioti.gr\\\/de\\\/wp-content\\\/uploads\\\/2020\\\/10\\\/1de.jpg\",\"width\":500,\"height\":200},{\"@type\":\"BreadcrumbList\",\"@id\":\"https:\\\/\\\/ktimakiourelioti.gr\\\/de\\\/%ce%bf%ce%b9-%ce%bf%ce%af%ce%ba%ce%b5%cf%82-%ce%bc%ce%b1%cf%82\\\/%ce%ba%cf%8c%ce%ba%ce%ba%ce%b9%ce%bd%ce%b7-%ce%bf%ce%b9%ce%ba%ce%af%ce%b1\\\/#breadcrumb\",\"itemListElement\":[{\"@type\":\"ListItem\",\"position\":1,\"name\":\"\u0391\u03c1\u03c7\u03b9\u03ba\u03ae\",\"item\":\"https:\\\/\\\/ktimakiourelioti.gr\\\/de\\\/\"},{\"@type\":\"ListItem\",\"position\":2,\"name\":\"Unsere H\u00e4user\",\"item\":\"https:\\\/\\\/ktimakiourelioti.gr\\\/de\\\/%ce%bf%ce%b9-%ce%bf%ce%af%ce%ba%ce%b5%cf%82-%ce%bc%ce%b1%cf%82\\\/\"},{\"@type\":\"ListItem\",\"position\":3,\"name\":\"Haus #2\"}]},{\"@type\":\"WebSite\",\"@id\":\"https:\\\/\\\/ktimakiourelioti.gr\\\/de\\\/#website\",\"url\":\"https:\\\/\\\/ktimakiourelioti.gr\\\/de\\\/\",\"name\":\"\u039a\u03c4\u03ae\u03bc\u03b1 \u039a\u03b9\u03bf\u03c5\u03c1\u03b5\u03bb\u03b9\u03ce\u03c4\u03b7 | \u0395\u03bd\u03bf\u03b9\u03ba\u03b9\u03b1\u03b6\u03cc\u03bc\u03b5\u03bd\u03b5\u03c2 \u039a\u03b1\u03c4\u03bf\u03b9\u03ba\u03af\u03b5\u03c2 \u03c3\u03c4\u03b7\u03bd \u03a3\u03ba\u03ac\u03bb\u03b1 \u03a3\u03ba\u03b1\u03bc\u03bd\u03b9\u03ac\u03c2 | \u039b\u03ad\u03c3\u03b2\u03bf\u03c2 | \u039c\u03c5\u03c4\u03b9\u03bb\u03ae\u03bd\u03b7 | \u0395\u03bb\u03bb\u03ac\u03b4\u03b1\",\"description\":\"\u0386\u03bb\u03bb\u03bf\u03c2 \u03ad\u03bd\u03b1\u03c2 \u03b9\u03c3\u03c4\u03cc\u03c4\u03bf\u03c0\u03bf\u03c2 WordPress\",\"potentialAction\":[{\"@type\":\"SearchAction\",\"target\":{\"@type\":\"EntryPoint\",\"urlTemplate\":\"https:\\\/\\\/ktimakiourelioti.gr\\\/de\\\/?s={search_term_string}\"},\"query-input\":{\"@type\":\"PropertyValueSpecification\",\"valueRequired\":true,\"valueName\":\"search_term_string\"}}],\"inLanguage\":\"el\"}]}<\/script>\n<!-- \/ Yoast SEO plugin. -->","yoast_head_json":{"title":"Haus #2 - \u039a\u03c4\u03ae\u03bc\u03b1 \u039a\u03b9\u03bf\u03c5\u03c1\u03b5\u03bb\u03b9\u03ce\u03c4\u03b7 | \u0395\u03bd\u03bf\u03b9\u03ba\u03b9\u03b1\u03b6\u03cc\u03bc\u03b5\u03bd\u03b5\u03c2 \u039a\u03b1\u03c4\u03bf\u03b9\u03ba\u03af\u03b5\u03c2 \u03c3\u03c4\u03b7\u03bd \u03a3\u03ba\u03ac\u03bb\u03b1 \u03a3\u03ba\u03b1\u03bc\u03bd\u03b9\u03ac\u03c2 | \u039b\u03ad\u03c3\u03b2\u03bf\u03c2 | \u039c\u03c5\u03c4\u03b9\u03bb\u03ae\u03bd\u03b7 | \u0395\u03bb\u03bb\u03ac\u03b4\u03b1","robots":{"index":"index","follow":"follow","max-snippet":"max-snippet:-1","max-image-preview":"max-image-preview:large","max-video-preview":"max-video-preview:-1"},"canonical":"https:\/\/ktimakiourelioti.gr\/de\/\u03bf\u03b9-\u03bf\u03af\u03ba\u03b5\u03c2-\u03bc\u03b1\u03c2\/\u03ba\u03cc\u03ba\u03ba\u03b9\u03bd\u03b7-\u03bf\u03b9\u03ba\u03af\u03b1\/","og_locale":"el_GR","og_type":"article","og_title":"Haus #2 - \u039a\u03c4\u03ae\u03bc\u03b1 \u039a\u03b9\u03bf\u03c5\u03c1\u03b5\u03bb\u03b9\u03ce\u03c4\u03b7 | \u0395\u03bd\u03bf\u03b9\u03ba\u03b9\u03b1\u03b6\u03cc\u03bc\u03b5\u03bd\u03b5\u03c2 \u039a\u03b1\u03c4\u03bf\u03b9\u03ba\u03af\u03b5\u03c2 \u03c3\u03c4\u03b7\u03bd \u03a3\u03ba\u03ac\u03bb\u03b1 \u03a3\u03ba\u03b1\u03bc\u03bd\u03b9\u03ac\u03c2 | \u039b\u03ad\u03c3\u03b2\u03bf\u03c2 | \u039c\u03c5\u03c4\u03b9\u03bb\u03ae\u03bd\u03b7 | \u0395\u03bb\u03bb\u03ac\u03b4\u03b1","og_description":"[vc_row][vc_column width=&#8221;1\/2&#8243;][vc_column_text] Klicken und ziehen Sie, um das Foto zu drehen. &#8211; Klicken Sie auf die schwarzen und wei\u00dfen Punkte f\u00fcr eine virtuelle Tour.[\/vc_column_text][vc_row_inner css=&#8221;.vc_custom_1601275119112{margin-top: -20px !important;}&#8221;][vc_column_inner width=&#8221;1\/2&#8243;][vc_column_text]Dienstleistungen &amp; Einrichtungen Handgemachtes Holzbett und Kingsize-Matratze Haartrockner Produkte zur Behandlung Minik\u00fchlschrank B\u00fcrom\u00f6bel [\/vc_column_text][\/vc_column_inner][vc_column_inner width=&#8221;1\/2&#8243;][vc_column_text] Wasserkocher f\u00fcr Kaffee oder Tee Klimaanlage Autonome Heizung Staubsauger LCD-Flachbildfernseher | LED Waschmaschine&hellip;","og_url":"https:\/\/ktimakiourelioti.gr\/de\/\u03bf\u03b9-\u03bf\u03af\u03ba\u03b5\u03c2-\u03bc\u03b1\u03c2\/\u03ba\u03cc\u03ba\u03ba\u03b9\u03bd\u03b7-\u03bf\u03b9\u03ba\u03af\u03b1\/","og_site_name":"\u039a\u03c4\u03ae\u03bc\u03b1 \u039a\u03b9\u03bf\u03c5\u03c1\u03b5\u03bb\u03b9\u03ce\u03c4\u03b7 | \u0395\u03bd\u03bf\u03b9\u03ba\u03b9\u03b1\u03b6\u03cc\u03bc\u03b5\u03bd\u03b5\u03c2 \u039a\u03b1\u03c4\u03bf\u03b9\u03ba\u03af\u03b5\u03c2 \u03c3\u03c4\u03b7\u03bd \u03a3\u03ba\u03ac\u03bb\u03b1 \u03a3\u03ba\u03b1\u03bc\u03bd\u03b9\u03ac\u03c2 | \u039b\u03ad\u03c3\u03b2\u03bf\u03c2 | \u039c\u03c5\u03c4\u03b9\u03bb\u03ae\u03bd\u03b7 | \u0395\u03bb\u03bb\u03ac\u03b4\u03b1","article_modified_time":"2020-10-10T06:59:00+00:00","og_image":[{"url":"https:\/\/ktimakiourelioti.gr\/de\/wp-content\/uploads\/2020\/10\/1de.jpg","type":"","width":"","height":""}],"twitter_card":"summary_large_image","twitter_misc":{"\u0395\u03ba\u03c4\u03b9\u03bc\u03ce\u03bc\u03b5\u03bd\u03bf\u03c2 \u03c7\u03c1\u03cc\u03bd\u03bf\u03c2 \u03b1\u03bd\u03ac\u03b3\u03bd\u03c9\u03c3\u03b7\u03c2":"1 \u03bb\u03b5\u03c0\u03c4\u03cc"},"schema":{"@context":"https:\/\/schema.org","@graph":[{"@type":"WebPage","@id":"https:\/\/ktimakiourelioti.gr\/de\/%ce%bf%ce%b9-%ce%bf%ce%af%ce%ba%ce%b5%cf%82-%ce%bc%ce%b1%cf%82\/%ce%ba%cf%8c%ce%ba%ce%ba%ce%b9%ce%bd%ce%b7-%ce%bf%ce%b9%ce%ba%ce%af%ce%b1\/","url":"https:\/\/ktimakiourelioti.gr\/de\/%ce%bf%ce%b9-%ce%bf%ce%af%ce%ba%ce%b5%cf%82-%ce%bc%ce%b1%cf%82\/%ce%ba%cf%8c%ce%ba%ce%ba%ce%b9%ce%bd%ce%b7-%ce%bf%ce%b9%ce%ba%ce%af%ce%b1\/","name":"Haus #2 - \u039a\u03c4\u03ae\u03bc\u03b1 \u039a\u03b9\u03bf\u03c5\u03c1\u03b5\u03bb\u03b9\u03ce\u03c4\u03b7 | \u0395\u03bd\u03bf\u03b9\u03ba\u03b9\u03b1\u03b6\u03cc\u03bc\u03b5\u03bd\u03b5\u03c2 \u039a\u03b1\u03c4\u03bf\u03b9\u03ba\u03af\u03b5\u03c2 \u03c3\u03c4\u03b7\u03bd \u03a3\u03ba\u03ac\u03bb\u03b1 \u03a3\u03ba\u03b1\u03bc\u03bd\u03b9\u03ac\u03c2 | \u039b\u03ad\u03c3\u03b2\u03bf\u03c2 | \u039c\u03c5\u03c4\u03b9\u03bb\u03ae\u03bd\u03b7 | \u0395\u03bb\u03bb\u03ac\u03b4\u03b1","isPartOf":{"@id":"https:\/\/ktimakiourelioti.gr\/de\/#website"},"primaryImageOfPage":{"@id":"https:\/\/ktimakiourelioti.gr\/de\/%ce%bf%ce%b9-%ce%bf%ce%af%ce%ba%ce%b5%cf%82-%ce%bc%ce%b1%cf%82\/%ce%ba%cf%8c%ce%ba%ce%ba%ce%b9%ce%bd%ce%b7-%ce%bf%ce%b9%ce%ba%ce%af%ce%b1\/#primaryimage"},"image":{"@id":"https:\/\/ktimakiourelioti.gr\/de\/%ce%bf%ce%b9-%ce%bf%ce%af%ce%ba%ce%b5%cf%82-%ce%bc%ce%b1%cf%82\/%ce%ba%cf%8c%ce%ba%ce%ba%ce%b9%ce%bd%ce%b7-%ce%bf%ce%b9%ce%ba%ce%af%ce%b1\/#primaryimage"},"thumbnailUrl":"https:\/\/ktimakiourelioti.gr\/de\/wp-content\/uploads\/2020\/10\/1de.jpg","datePublished":"2020-09-28T06:22:37+00:00","dateModified":"2020-10-10T06:59:00+00:00","breadcrumb":{"@id":"https:\/\/ktimakiourelioti.gr\/de\/%ce%bf%ce%b9-%ce%bf%ce%af%ce%ba%ce%b5%cf%82-%ce%bc%ce%b1%cf%82\/%ce%ba%cf%8c%ce%ba%ce%ba%ce%b9%ce%bd%ce%b7-%ce%bf%ce%b9%ce%ba%ce%af%ce%b1\/#breadcrumb"},"inLanguage":"el","potentialAction":[{"@type":"ReadAction","target":["https:\/\/ktimakiourelioti.gr\/de\/%ce%bf%ce%b9-%ce%bf%ce%af%ce%ba%ce%b5%cf%82-%ce%bc%ce%b1%cf%82\/%ce%ba%cf%8c%ce%ba%ce%ba%ce%b9%ce%bd%ce%b7-%ce%bf%ce%b9%ce%ba%ce%af%ce%b1\/"]}]},{"@type":"ImageObject","inLanguage":"el","@id":"https:\/\/ktimakiourelioti.gr\/de\/%ce%bf%ce%b9-%ce%bf%ce%af%ce%ba%ce%b5%cf%82-%ce%bc%ce%b1%cf%82\/%ce%ba%cf%8c%ce%ba%ce%ba%ce%b9%ce%bd%ce%b7-%ce%bf%ce%b9%ce%ba%ce%af%ce%b1\/#primaryimage","url":"https:\/\/ktimakiourelioti.gr\/de\/wp-content\/uploads\/2020\/10\/1de.jpg","contentUrl":"https:\/\/ktimakiourelioti.gr\/de\/wp-content\/uploads\/2020\/10\/1de.jpg","width":500,"height":200},{"@type":"BreadcrumbList","@id":"https:\/\/ktimakiourelioti.gr\/de\/%ce%bf%ce%b9-%ce%bf%ce%af%ce%ba%ce%b5%cf%82-%ce%bc%ce%b1%cf%82\/%ce%ba%cf%8c%ce%ba%ce%ba%ce%b9%ce%bd%ce%b7-%ce%bf%ce%b9%ce%ba%ce%af%ce%b1\/#breadcrumb","itemListElement":[{"@type":"ListItem","position":1,"name":"\u0391\u03c1\u03c7\u03b9\u03ba\u03ae","item":"https:\/\/ktimakiourelioti.gr\/de\/"},{"@type":"ListItem","position":2,"name":"Unsere H\u00e4user","item":"https:\/\/ktimakiourelioti.gr\/de\/%ce%bf%ce%b9-%ce%bf%ce%af%ce%ba%ce%b5%cf%82-%ce%bc%ce%b1%cf%82\/"},{"@type":"ListItem","position":3,"name":"Haus #2"}]},{"@type":"WebSite","@id":"https:\/\/ktimakiourelioti.gr\/de\/#website","url":"https:\/\/ktimakiourelioti.gr\/de\/","name":"\u039a\u03c4\u03ae\u03bc\u03b1 \u039a\u03b9\u03bf\u03c5\u03c1\u03b5\u03bb\u03b9\u03ce\u03c4\u03b7 | \u0395\u03bd\u03bf\u03b9\u03ba\u03b9\u03b1\u03b6\u03cc\u03bc\u03b5\u03bd\u03b5\u03c2 \u039a\u03b1\u03c4\u03bf\u03b9\u03ba\u03af\u03b5\u03c2 \u03c3\u03c4\u03b7\u03bd \u03a3\u03ba\u03ac\u03bb\u03b1 \u03a3\u03ba\u03b1\u03bc\u03bd\u03b9\u03ac\u03c2 | \u039b\u03ad\u03c3\u03b2\u03bf\u03c2 | \u039c\u03c5\u03c4\u03b9\u03bb\u03ae\u03bd\u03b7 | \u0395\u03bb\u03bb\u03ac\u03b4\u03b1","description":"\u0386\u03bb\u03bb\u03bf\u03c2 \u03ad\u03bd\u03b1\u03c2 \u03b9\u03c3\u03c4\u03cc\u03c4\u03bf\u03c0\u03bf\u03c2 WordPress","potentialAction":[{"@type":"SearchAction","target":{"@type":"EntryPoint","urlTemplate":"https:\/\/ktimakiourelioti.gr\/de\/?s={search_term_string}"},"query-input":{"@type":"PropertyValueSpecification","valueRequired":true,"valueName":"search_term_string"}}],"inLanguage":"el"}]}},"_links":{"self":[{"href":"https:\/\/ktimakiourelioti.gr\/de\/wp-json\/wp\/v2\/pages\/69","targetHints":{"allow":["GET"]}}],"collection":[{"href":"https:\/\/ktimakiourelioti.gr\/de\/wp-json\/wp\/v2\/pages"}],"about":[{"href":"https:\/\/ktimakiourelioti.gr\/de\/wp-json\/wp\/v2\/types\/page"}],"author":[{"embeddable":true,"href":"https:\/\/ktimakiourelioti.gr\/de\/wp-json\/wp\/v2\/users\/1"}],"replies":[{"embeddable":true,"href":"https:\/\/ktimakiourelioti.gr\/de\/wp-json\/wp\/v2\/comments?post=69"}],"version-history":[{"count":22,"href":"https:\/\/ktimakiourelioti.gr\/de\/wp-json\/wp\/v2\/pages\/69\/revisions"}],"predecessor-version":[{"id":288,"href":"https:\/\/ktimakiourelioti.gr\/de\/wp-json\/wp\/v2\/pages\/69\/revisions\/288"}],"up":[{"embeddable":true,"href":"https:\/\/ktimakiourelioti.gr\/de\/wp-json\/wp\/v2\/pages\/44"}],"wp:attachment":[{"href":"https:\/\/ktimakiourelioti.gr\/de\/wp-json\/wp\/v2\/media?parent=69"}],"curies":[{"name":"wp","href":"https:\/\/api.w.org\/{rel}","templated":true}]}}