{"id":149,"date":"2020-09-28T10:47:18","date_gmt":"2020-09-28T07:47:18","guid":{"rendered":"http:\/\/ktimakiourelioti.gr\/tr\/?page_id=149"},"modified":"2020-10-08T10:54:49","modified_gmt":"2020-10-08T07:54:49","slug":"%cf%80%ce%b5%cf%81%ce%b9%ce%bf%cf%87%ce%ae","status":"publish","type":"page","link":"https:\/\/ktimakiourelioti.gr\/tr\/%cf%80%ce%b5%cf%81%ce%b9%ce%bf%cf%87%ce%ae\/","title":{"rendered":"Sikamnia \/ Skala Sikamnia"},"content":{"rendered":"<div class=\"wpb-content-wrapper\"><p>[vc_row][vc_column width=&#8221;2\/3&#8243;][vc_column_text]<span lang=\"tr\">Midilli&#8217;nin en g\u00fczel k\u00f6ylerinden biri ve liman\u0131 ile tan\u0131\u015fma, b\u00fcy\u00fck Myrivilis&#8217;in ilham kayna\u011f\u0131 ve k\u00f6keni olsun ya da olmas\u0131n bir\u00e7ok sad\u0131k dostun tatil yeri. <\/span><\/p>\n<p><strong><span lang=\"tr\">\u00abBuradaki yerin do\u011fal g\u00fczelli\u011fi onu g\u00f6rmek ve Tanr\u0131&#8217;n\u0131n zengin y\u00fcre\u011fine hayran kalmakt\u0131r. Bu r\u00fczgarl\u0131 kumsal ne\u015fesini ve zarafetini kaybetmiyor, A\u011fustos&#8217;un d\u00fcnyay\u0131 yakmas\u0131n\u0131 istiyorsunuz, k\u0131\u015f\u0131n a\u011f\u0131r olmas\u0131n\u0131 istiyorsunuz. \u00c7\u00fcnk\u00fc da\u011flardan gelen \u00e7izgiler k\u0131y\u0131ya do\u011fru dans ediyor, kara dalgalar\u0131 bir deniz ve a\u011fa\u00e7lar gibi, rengarenk kayalar her yerden iniyor ve sular k\u0131y\u0131ya ko\u015fuyor \u00bb*.<\/span><\/strong><\/p>\n<p id=\"tw-target-text\" class=\"tw-data-text tw-text-large XcVN5d tw-ta\" dir=\"ltr\" data-placeholder=\"\u039c\u03b5\u03c4\u03ac\u03c6\u03c1\u03b1\u03c3\u03b7\"><span lang=\"tr\">Stratis veya Stratis Myrivilis (1892-1969) bu yerde do\u011fmaktan ve ya\u015famaktan mutluydu ve buras\u0131 d\u00fcnyaca \u00fcnl\u00fc yazar\u0131n g\u00fczelliklerini ve tarihini anlatt\u0131\u011f\u0131 i\u00e7in mutluydu. <\/span><\/p>\n<p class=\"tw-data-text tw-text-large XcVN5d tw-ta\" dir=\"ltr\" data-placeholder=\"\u039c\u03b5\u03c4\u03ac\u03c6\u03c1\u03b1\u03c3\u03b7\"><span lang=\"tr\">Ad\u0131n\u0131 b\u00f6lgedeki bir\u00e7ok duttan alan Sykaminea k\u00f6y\u00fc (yerliler i\u00e7in Sykamia veya Skamnia) Midilli&#8217;nin en y\u00fcksek da\u011f\u0131 olan Lepetymnos&#8217;un s\u0131rt\u0131nda yer almaktad\u0131r. Orada, adan\u0131n kuzeybat\u0131 kesiminde \u00e7am, \u00e7\u0131nar ve zeytin a\u011fa\u00e7lar\u0131yla dolu yemye\u015fil bitki \u00f6rt\u00fcs\u00fc aras\u0131nda, geleneksel Sykamia yerle\u015fimi, konaklar\u0131, ta\u015f evleri, manyetize eden Ege Denizi manzaras\u0131 ve zarif Arnavut kald\u0131r\u0131ml\u0131 sokaklar.<\/span><\/p>\n<p id=\"tw-target-text\" class=\"tw-data-text tw-text-large XcVN5d tw-ta\" dir=\"ltr\" data-placeholder=\"\u039c\u03b5\u03c4\u03ac\u03c6\u03c1\u03b1\u03c3\u03b7\"><span lang=\"tr\">Ziyaret\u00e7ilere a\u00e7\u0131k olmayan Myrivili&#8217;nin evinin hemen alt\u0131ndaki Sykamia Folklor M\u00fczesi ve \u00fc\u00e7 koridorlu kraliyet kilisesi Agia Fotini \u00e7ok g\u00fczel, d\u00fczenli ve ilgin\u00e7. K\u00f6y\u00fcn ilkokulunun ta\u015f binas\u0131nda yer alan m\u00fczede, Stratis Myrivilis&#8217;in ki\u015fisel e\u015fyalar\u0131n\u0131n bulundu\u011fu bir oda bulunuyor. <\/span><\/p>\n<p class=\"tw-data-text tw-text-large XcVN5d tw-ta\" dir=\"ltr\" data-placeholder=\"\u039c\u03b5\u03c4\u03ac\u03c6\u03c1\u03b1\u03c3\u03b7\"><span lang=\"tr\">Denize inen ziyaret\u00e7inin g\u00f6zlemci g\u00f6z\u00fc, Skamnililerin t\u0131rman\u0131\u015fta dinlenmek i\u00e7in yapt\u0131klar\u0131 kuru ta\u015ftan yap\u0131lm\u0131\u015f teraslar\u0131, &#8220;sandalyeler&#8221; dedikleri \u015fekliyle g\u00f6rebilir. Adadaki da\u011f k\u00f6ylerinin limanlar\u0131n\u0131n s\u00f6yledi\u011fi gibi, Skala&#8217;ya varmadan k\u0131sa bir s\u00fcre \u00f6nce, adan\u0131n kal\u0131c\u0131 sakinleri i\u00e7in bal\u0131k\u00e7\u0131l\u0131kla birlikte ana gelir kayna\u011f\u0131 olan bir zeytinlikler \u00e7emberi g\u00f6r\u00fcyor.<\/span><\/p>\n<p id=\"tw-target-text\" class=\"tw-data-text tw-text-large XcVN5d tw-ta\" dir=\"ltr\" data-placeholder=\"\u039c\u03b5\u03c4\u03ac\u03c6\u03c1\u03b1\u03c3\u03b7\"><strong><span lang=\"tr\">Meryem Ana&#8217;n\u0131n s\u0131rtlar\u0131<\/span><\/strong><\/p>\n<p id=\"tw-target-text\" class=\"tw-data-text tw-text-large XcVN5d tw-ta\" dir=\"ltr\" data-placeholder=\"\u039c\u03b5\u03c4\u03ac\u03c6\u03c1\u03b1\u03c3\u03b7\"><span lang=\"tr\">K\u00fc\u00e7\u00fck bir bal\u0131k\u00e7\u0131 k\u00f6y\u00fc olan Skala of Sykamia, b\u00f6yle bir aura ve do\u011fal g\u00fczelli\u011fe sahip, do\u011faya yak\u0131n sakin ve dinlendirici bir tatil isteyenler i\u00e7in ideal bir destinasyon. Ve kim varsa oradan ayr\u0131lmak istemez.<\/span><\/p>\n<p id=\"tw-target-text\" class=\"tw-data-text tw-text-large XcVN5d tw-ta\" dir=\"ltr\" data-placeholder=\"\u039c\u03b5\u03c4\u03ac\u03c6\u03c1\u03b1\u03c3\u03b7\"><span lang=\"tr\">K\u00f6y\u00fcn alameti farikas\u0131 Panagia Gorgona, liman\u0131n \u00f6n\u00fcndeki b\u00fcy\u00fck kayan\u0131n \u00fczerinde bal\u0131k\u00e7\u0131 tekneleri, trol ve trehantiria ile duran \u015fapeldir. Bu kaya, kadim insanlar taraf\u0131ndan &#8220;Tis Panagia ta rachta&#8221; olarak adland\u0131r\u0131l\u0131r. Myrivilis&#8217;in tekrar s\u00f6yledi\u011fi gibi, \u201cYa da s\u0131rtlara \u00e7\u0131kars\u0131n\u0131z, y\u00fcr\u00fcy\u00fc\u015f, kara ve deniz i\u00e7in etrafa bakars\u0131n\u0131z ve g\u00f6z ya\u015flar\u0131n\u0131z. A\u011fa\u00e7lardan, kahverengi ve k\u0131z\u0131l topraklardan, ta\u015flardan ve sulardan f\u0131\u015fk\u0131ran sevin\u00e7li bir damlar \u201c*. Skala&#8217;da sahip olunan duygu budur: endi\u015feler ve sorunlar bekleyebilir, bu rahatlama ve huzurda yeri yoktur.<\/span><\/p>\n<p id=\"tw-target-text\" class=\"tw-data-text tw-text-large XcVN5d tw-ta\" dir=\"ltr\" data-placeholder=\"\u039c\u03b5\u03c4\u03ac\u03c6\u03c1\u03b1\u03c3\u03b7\"><span lang=\"tr\">\u015eapel ad\u0131n\u0131, Meryem Ana&#8217;y\u0131 deniz k\u0131z\u0131 kuyru\u011fu ile tasvir eden, bilinmeyen bir halk ressam\u0131n\u0131n karakteristik freskinden alm\u0131\u015ft\u0131r, ancak art\u0131k kilisede yoktur. Yaz aylar\u0131nda orada bir\u00e7ok vaftiz ve d\u00fc\u011f\u00fcn oluyor, bazen gelinler bal\u0131k\u00e7\u0131 teknesine binmeyi seviyor. Bununla birlikte, Panagia Gorgona&#8217;daki t\u00fcm hizmetler, k\u00fc\u00e7\u00fck \u015fapelden ayr\u0131l\u0131p limanda ve k\u00f6y\u00fcn her yerinde a\u00e7\u0131ld\u0131\u011f\u0131nda bir ba\u015fka l\u00fctuf kazan\u0131r. Ege&#8217;ye bakan s\u0131rtlardan g\u00fcn bat\u0131m\u0131na gelince, kesinlikle ba\u015ftan \u00e7\u0131kar\u0131c\u0131. Panagia&#8217;n\u0131n b\u00fcy\u00fck kayas\u0131ndan tuza direnen ve solmayan yabani bir incir b\u00fcy\u00fcr ve yay\u0131l\u0131r.<\/span><\/p>\n<p id=\"tw-target-text\" class=\"tw-data-text tw-text-large XcVN5d tw-ta\" dir=\"ltr\" data-placeholder=\"\u039c\u03b5\u03c4\u03ac\u03c6\u03c1\u03b1\u03c3\u03b7\"><span lang=\"tr\">K\u00f6y\u00fcn merkezinde, bal\u0131k\u00e7\u0131 bar\u0131na\u011f\u0131n\u0131n yukar\u0131s\u0131nda 130 ya\u015f\u0131n\u0131 ge\u00e7mi\u015f dut a\u011fac\u0131 var ve Myrivilis orada oturdu\u011fu i\u00e7in &#8220;Myrivilis&#8217;in dut a\u011fac\u0131&#8221; diyorlar. Orada, denildi\u011fi gibi meydanda, bir meydan gibi g\u00f6r\u00fcnmese de, a\u00e7\u0131k bir alan gibi g\u00f6r\u00fcnse de, nefis mezeler sunan tavernalar\u0131, so\u011fuk i\u00e7ecekler ve tatl\u0131larla kafeleri var. Biraz ileride, kocaman bir \u00e7\u0131nar a\u011fac\u0131 her yaz yapraklar\u0131n\u0131 meydanda da\u011f\u0131t\u0131r ve daha \u00e7ok, sabahlar\u0131 bir Skaliotis&#8217;in onlar\u0131 sildi\u011fini g\u00f6r\u00fcrs\u00fcn\u00fcz. K\u00f6klerinde, \u00e7ocuklar\u0131n oyunlar\u0131na ara verdiklerinde genellikle onur duyduklar\u0131 serinletici suyla bir kaynak f\u0131\u015fk\u0131r\u0131r.<\/span><\/p>\n<p id=\"tw-target-text\" class=\"tw-data-text tw-text-large XcVN5d tw-ta\" dir=\"ltr\" data-placeholder=\"\u039c\u03b5\u03c4\u03ac\u03c6\u03c1\u03b1\u03c3\u03b7\"><span lang=\"tr\">\u00c7\u0131nar\u0131n \u00e7evresinde ve meydan\u0131n yukar\u0131s\u0131nda k\u00f6y\u00fcn ilk evleri bulunur.<\/span><\/p>\n<p id=\"tw-target-text\" class=\"tw-data-text tw-text-large XcVN5d tw-ta\" dir=\"ltr\" data-placeholder=\"\u039c\u03b5\u03c4\u03ac\u03c6\u03c1\u03b1\u03c3\u03b7\"><span lang=\"tr\">K\u00fc\u00e7\u00fck Asya Felaketinden \u00f6nce Skala&#8217;da sadece bal\u0131k\u00e7\u0131 olan ve orada k\u00fc\u00e7\u00fck d\u00fckkanlar\u0131 olan Skamniotlar ve baz\u0131 T\u00fcrkler ya\u015f\u0131yordu. M\u00fclteciler gelip n\u00fcfus de\u011fi\u015f toku\u015fu yapt\u0131klar\u0131nda, bu evlerin baz\u0131lar\u0131na yeni gelenler yerle\u015fmi\u015fti. Ancak \u00e7o\u011fu k\u00fct\u00fcklerde ya\u015f\u0131yordu. B\u00f6ylece \u0130skan, Skala sahiline giden sahil yolunu takip ederek meydan\u0131n hemen \u00f6tesinde in\u015fa edildi. Sahil yolu \u00fczerindeki Yerle\u015fim Yeri&#8217;ne gitmek, Skala&#8217;n\u0131n zaptedilemez bir kale gibi geni\u015f avlusu ve y\u00fcksek korkuluklar\u0131yla \u00e7evrili tek kona\u011f\u0131d\u0131r.<\/span><\/p>\n<pre id=\"tw-target-text\" class=\"tw-data-text tw-text-large XcVN5d tw-ta\" dir=\"ltr\" data-placeholder=\"\u039c\u03b5\u03c4\u03ac\u03c6\u03c1\u03b1\u03c3\u03b7\"><strong><span lang=\"tr\">Sahiller<\/span><\/strong><\/pre>\n<p id=\"tw-target-text\" class=\"tw-data-text tw-text-large XcVN5d tw-ta\" dir=\"ltr\" data-placeholder=\"\u039c\u03b5\u03c4\u03ac\u03c6\u03c1\u03b1\u03c3\u03b7\"><span lang=\"tr\">Yerel halk\u0131n dedi\u011fi gibi Skala plaj\u0131 Platanos, yak\u0131nlardaki iki y\u00fczme se\u00e7ene\u011finden biridir. Lesvos, \u00f6zellikle kuzeydeki kristal berrakl\u0131\u011f\u0131nda, kristal berrakl\u0131\u011f\u0131ndaki denizleriyle tan\u0131n\u0131r. Asl\u0131nda Skala Sykamias, adan\u0131n en kuzeyindeki yerle\u015fim yeridir. R\u00fczgar estik\u00e7e bal\u0131k\u00e7\u0131lar denizin so\u011fuk olup olmayaca\u011f\u0131n\u0131 ve T\u00fcrkiye&#8217;nin yak\u0131n k\u0131y\u0131lar\u0131 ile ada aras\u0131ndan ge\u00e7en ak\u0131nt\u0131lar\u0131n bizim topraklar\u0131m\u0131za gelip gelmeyece\u011fini size nas\u0131l s\u00f6yleyeceklerini bilirler. Platanos, Yerle\u015fimin biraz d\u0131\u015f\u0131nda, Molyvos&#8217;a giden eski toprak yol \u00fczerinde, b\u00fcy\u00fck \u0131lg\u0131n a\u011fa\u00e7lar\u0131ndan ve s\u0131ral\u0131 banklar ve du\u015flardan bol g\u00f6lgesi var.<\/span><\/p>\n<p id=\"tw-target-text\" class=\"tw-data-text tw-text-large XcVN5d tw-ta\" dir=\"ltr\" data-placeholder=\"\u039c\u03b5\u03c4\u03ac\u03c6\u03c1\u03b1\u03c3\u03b7\"><span lang=\"tr\">K\u00f6y\u00fcn di\u011fer ucunda, Skala Meydan\u0131&#8217;na yakla\u015f\u0131k 1,5 km uzakl\u0131kta, kumlu ve k\u00fc\u00e7\u00fck \u00e7ak\u0131l ta\u015fl\u0131 Kaya plaj\u0131, \u0131lg\u0131n a\u011fa\u00e7lar\u0131, du\u015flar, alt de\u011fi\u015ftirme masalar\u0131 ve taze bal\u0131k mezeleri ile \u00e7ok g\u00fczel iki taverna ve di\u011ferleri lezzetler. Kaya&#8217;ya, liman\u0131n yan\u0131nda ba\u015flayan ve daha fazla bal\u0131k\u00e7\u0131n\u0131n bal\u0131k tuttuktan sonra a\u011flar\u0131n\u0131 ba\u011flad\u0131\u011f\u0131, biraz engebeli, k\u0131y\u0131 yolundan da gidebilirsiniz. Ve bal\u0131k tutmay\u0131 seviyorsan\u0131z, burada ideal bir yer ve size yard\u0131m etmek i\u00e7in \u00e7ok istekli insanlar bulacaks\u0131n\u0131z.<\/span><\/p>\n<pre id=\"tw-target-text\" class=\"tw-data-text tw-text-large XcVN5d tw-ta\" dir=\"ltr\" data-placeholder=\"\u039c\u03b5\u03c4\u03ac\u03c6\u03c1\u03b1\u03c3\u03b7\"><strong><span lang=\"tr\">A\u011f\u0131rlama<\/span><\/strong><\/pre>\n<p id=\"tw-target-text\" class=\"tw-data-text tw-text-large XcVN5d tw-ta\" dir=\"ltr\" data-placeholder=\"\u039c\u03b5\u03c4\u03ac\u03c6\u03c1\u03b1\u03c3\u03b7\"><span lang=\"tr\">Ve sonunda en \u00f6nemli \u015fey kald\u0131: Sykamia halk\u0131 ve Skala. Misafirperver, kibar ve fanatik, sa\u011fduyulu varl\u0131klar\u0131 ile bulunduklar\u0131 yerde kal\u0131\u015flar\u0131n\u0131 daha da keyifli hale getiriyorlar. Neredeyse hepsinin yurt d\u0131\u015f\u0131nda, \u00f6zellikle Avustralya ve Amerika&#8217;da akrabalar\u0131 var; ada bir zamanlar g\u00f6\u00e7 dalgas\u0131n\u0131 besledi. Bir\u00e7ok gurbet\u00e7i tatilleri i\u00e7in buraya geri d\u00f6n\u00fcyor. Do\u011fan\u0131n g\u00fczelli\u011fini mi istiyorsun, insanlar\u0131n huzurunu mu istiyorsun, manav\u0131n kamyonun yan\u0131ndan ge\u00e7ip tezini s\u00f6ylesin mi, biraz ba\u015fka zamanlara d\u00f6nmek gibi&#8230;<\/span><\/p>\n<p>[\/vc_column_text][\/vc_column][vc_column width=&#8221;1\/3&#8243;][vc_media_grid element_width=&#8221;6&#8243; grid_id=&#8221;vc_gid:1602143166801-40c116b3-8e2a-7&#8243; include=&#8221;153,154,155,156,157,158,160,161,162,163,164,165,166,167,168,169,170,171,172,173,174,175&#8243;][\/vc_column][\/vc_row]<\/p>\n<\/div>","protected":false},"excerpt":{"rendered":"<p>[vc_row][vc_column width=&#8221;2\/3&#8243;][vc_column_text]Midilli&#8217;nin en g\u00fczel k\u00f6ylerinden biri ve liman\u0131 ile tan\u0131\u015fma, b\u00fcy\u00fck Myrivilis&#8217;in ilham kayna\u011f\u0131 ve k\u00f6keni olsun ya da olmas\u0131n bir\u00e7ok sad\u0131k dostun tatil yeri. \u00abBuradaki yerin do\u011fal g\u00fczelli\u011fi onu g\u00f6rmek ve Tanr\u0131&#8217;n\u0131n zengin y\u00fcre\u011fine hayran kalmakt\u0131r. Bu r\u00fczgarl\u0131 kumsal ne\u015fesini ve zarafetini kaybetmiyor, A\u011fustos&#8217;un d\u00fcnyay\u0131 yakmas\u0131n\u0131 istiyorsunuz, k\u0131\u015f\u0131n a\u011f\u0131r olmas\u0131n\u0131 istiyorsunuz. \u00c7\u00fcnk\u00fc da\u011flardan gelen&hellip;<\/p>\n","protected":false},"author":1,"featured_media":0,"parent":0,"menu_order":0,"comment_status":"closed","ping_status":"closed","template":"","meta":{"footnotes":""},"class_list":["post-149","page","type-page","status-publish","hentry","description-off"],"yoast_head":"<!-- This site is optimized with the Yoast SEO plugin v27.5 - https:\/\/yoast.com\/product\/yoast-seo-wordpress\/ -->\n<title>Sikamnia \/ Skala Sikamnia - Ktima Kiourelioti | H\u00e4user zu vermieten in Skala Skamnia | Lesbos Mytilene Hellas<\/title>\n<meta name=\"robots\" content=\"index, follow, max-snippet:-1, max-image-preview:large, max-video-preview:-1\" \/>\n<link rel=\"canonical\" href=\"https:\/\/ktimakiourelioti.gr\/tr\/\u03c0\u03b5\u03c1\u03b9\u03bf\u03c7\u03ae\/\" \/>\n<meta property=\"og:locale\" content=\"el_GR\" \/>\n<meta property=\"og:type\" content=\"article\" \/>\n<meta property=\"og:title\" content=\"Sikamnia \/ Skala Sikamnia - Ktima Kiourelioti | H\u00e4user zu vermieten in Skala Skamnia | Lesbos Mytilene Hellas\" \/>\n<meta property=\"og:description\" content=\"[vc_row][vc_column width=&#8221;2\/3&#8243;][vc_column_text]Midilli&#8217;nin en g\u00fczel k\u00f6ylerinden biri ve liman\u0131 ile tan\u0131\u015fma, b\u00fcy\u00fck Myrivilis&#8217;in ilham kayna\u011f\u0131 ve k\u00f6keni olsun ya da olmas\u0131n bir\u00e7ok sad\u0131k dostun tatil yeri. \u00abBuradaki yerin do\u011fal g\u00fczelli\u011fi onu g\u00f6rmek ve Tanr\u0131&#8217;n\u0131n zengin y\u00fcre\u011fine hayran kalmakt\u0131r. Bu r\u00fczgarl\u0131 kumsal ne\u015fesini ve zarafetini kaybetmiyor, A\u011fustos&#8217;un d\u00fcnyay\u0131 yakmas\u0131n\u0131 istiyorsunuz, k\u0131\u015f\u0131n a\u011f\u0131r olmas\u0131n\u0131 istiyorsunuz. \u00c7\u00fcnk\u00fc da\u011flardan gelen&hellip;\" \/>\n<meta property=\"og:url\" content=\"https:\/\/ktimakiourelioti.gr\/tr\/\u03c0\u03b5\u03c1\u03b9\u03bf\u03c7\u03ae\/\" \/>\n<meta property=\"og:site_name\" content=\"Ktima Kiourelioti | H\u00e4user zu vermieten in Skala Skamnia | Lesbos Mytilene Hellas\" \/>\n<meta property=\"article:modified_time\" content=\"2020-10-08T07:54:49+00:00\" \/>\n<meta name=\"twitter:card\" content=\"summary_large_image\" \/>\n<meta name=\"twitter:label1\" content=\"\u0395\u03ba\u03c4\u03b9\u03bc\u03ce\u03bc\u03b5\u03bd\u03bf\u03c2 \u03c7\u03c1\u03cc\u03bd\u03bf\u03c2 \u03b1\u03bd\u03ac\u03b3\u03bd\u03c9\u03c3\u03b7\u03c2\" \/>\n\t<meta name=\"twitter:data1\" content=\"6 \u03bb\u03b5\u03c0\u03c4\u03ac\" \/>\n<script type=\"application\/ld+json\" class=\"yoast-schema-graph\">{\"@context\":\"https:\\\/\\\/schema.org\",\"@graph\":[{\"@type\":\"WebPage\",\"@id\":\"https:\\\/\\\/ktimakiourelioti.gr\\\/tr\\\/%cf%80%ce%b5%cf%81%ce%b9%ce%bf%cf%87%ce%ae\\\/\",\"url\":\"https:\\\/\\\/ktimakiourelioti.gr\\\/tr\\\/%cf%80%ce%b5%cf%81%ce%b9%ce%bf%cf%87%ce%ae\\\/\",\"name\":\"Sikamnia \\\/ Skala Sikamnia - Ktima Kiourelioti | H\u00e4user zu vermieten in Skala Skamnia | Lesbos Mytilene Hellas\",\"isPartOf\":{\"@id\":\"https:\\\/\\\/ktimakiourelioti.gr\\\/tr\\\/#website\"},\"datePublished\":\"2020-09-28T07:47:18+00:00\",\"dateModified\":\"2020-10-08T07:54:49+00:00\",\"breadcrumb\":{\"@id\":\"https:\\\/\\\/ktimakiourelioti.gr\\\/tr\\\/%cf%80%ce%b5%cf%81%ce%b9%ce%bf%cf%87%ce%ae\\\/#breadcrumb\"},\"inLanguage\":\"el\",\"potentialAction\":[{\"@type\":\"ReadAction\",\"target\":[\"https:\\\/\\\/ktimakiourelioti.gr\\\/tr\\\/%cf%80%ce%b5%cf%81%ce%b9%ce%bf%cf%87%ce%ae\\\/\"]}]},{\"@type\":\"BreadcrumbList\",\"@id\":\"https:\\\/\\\/ktimakiourelioti.gr\\\/tr\\\/%cf%80%ce%b5%cf%81%ce%b9%ce%bf%cf%87%ce%ae\\\/#breadcrumb\",\"itemListElement\":[{\"@type\":\"ListItem\",\"position\":1,\"name\":\"\u0391\u03c1\u03c7\u03b9\u03ba\u03ae\",\"item\":\"https:\\\/\\\/ktimakiourelioti.gr\\\/tr\\\/\"},{\"@type\":\"ListItem\",\"position\":2,\"name\":\"Sikamnia \\\/ Skala Sikamnia\"}]},{\"@type\":\"WebSite\",\"@id\":\"https:\\\/\\\/ktimakiourelioti.gr\\\/tr\\\/#website\",\"url\":\"https:\\\/\\\/ktimakiourelioti.gr\\\/tr\\\/\",\"name\":\"Ktima Kiourelioti | H\u00e4user zu vermieten in Skala Skamnia | Lesbos Mytilene Hellas\",\"description\":\"\u0386\u03bb\u03bb\u03bf\u03c2 \u03ad\u03bd\u03b1\u03c2 \u03b9\u03c3\u03c4\u03cc\u03c4\u03bf\u03c0\u03bf\u03c2 WordPress\",\"potentialAction\":[{\"@type\":\"SearchAction\",\"target\":{\"@type\":\"EntryPoint\",\"urlTemplate\":\"https:\\\/\\\/ktimakiourelioti.gr\\\/tr\\\/?s={search_term_string}\"},\"query-input\":{\"@type\":\"PropertyValueSpecification\",\"valueRequired\":true,\"valueName\":\"search_term_string\"}}],\"inLanguage\":\"el\"}]}<\/script>\n<!-- \/ Yoast SEO plugin. -->","yoast_head_json":{"title":"Sikamnia \/ Skala Sikamnia - Ktima Kiourelioti | H\u00e4user zu vermieten in Skala Skamnia | Lesbos Mytilene Hellas","robots":{"index":"index","follow":"follow","max-snippet":"max-snippet:-1","max-image-preview":"max-image-preview:large","max-video-preview":"max-video-preview:-1"},"canonical":"https:\/\/ktimakiourelioti.gr\/tr\/\u03c0\u03b5\u03c1\u03b9\u03bf\u03c7\u03ae\/","og_locale":"el_GR","og_type":"article","og_title":"Sikamnia \/ Skala Sikamnia - Ktima Kiourelioti | H\u00e4user zu vermieten in Skala Skamnia | Lesbos Mytilene Hellas","og_description":"[vc_row][vc_column width=&#8221;2\/3&#8243;][vc_column_text]Midilli&#8217;nin en g\u00fczel k\u00f6ylerinden biri ve liman\u0131 ile tan\u0131\u015fma, b\u00fcy\u00fck Myrivilis&#8217;in ilham kayna\u011f\u0131 ve k\u00f6keni olsun ya da olmas\u0131n bir\u00e7ok sad\u0131k dostun tatil yeri. \u00abBuradaki yerin do\u011fal g\u00fczelli\u011fi onu g\u00f6rmek ve Tanr\u0131&#8217;n\u0131n zengin y\u00fcre\u011fine hayran kalmakt\u0131r. Bu r\u00fczgarl\u0131 kumsal ne\u015fesini ve zarafetini kaybetmiyor, A\u011fustos&#8217;un d\u00fcnyay\u0131 yakmas\u0131n\u0131 istiyorsunuz, k\u0131\u015f\u0131n a\u011f\u0131r olmas\u0131n\u0131 istiyorsunuz. \u00c7\u00fcnk\u00fc da\u011flardan gelen&hellip;","og_url":"https:\/\/ktimakiourelioti.gr\/tr\/\u03c0\u03b5\u03c1\u03b9\u03bf\u03c7\u03ae\/","og_site_name":"Ktima Kiourelioti | H\u00e4user zu vermieten in Skala Skamnia | Lesbos Mytilene Hellas","article_modified_time":"2020-10-08T07:54:49+00:00","twitter_card":"summary_large_image","twitter_misc":{"\u0395\u03ba\u03c4\u03b9\u03bc\u03ce\u03bc\u03b5\u03bd\u03bf\u03c2 \u03c7\u03c1\u03cc\u03bd\u03bf\u03c2 \u03b1\u03bd\u03ac\u03b3\u03bd\u03c9\u03c3\u03b7\u03c2":"6 \u03bb\u03b5\u03c0\u03c4\u03ac"},"schema":{"@context":"https:\/\/schema.org","@graph":[{"@type":"WebPage","@id":"https:\/\/ktimakiourelioti.gr\/tr\/%cf%80%ce%b5%cf%81%ce%b9%ce%bf%cf%87%ce%ae\/","url":"https:\/\/ktimakiourelioti.gr\/tr\/%cf%80%ce%b5%cf%81%ce%b9%ce%bf%cf%87%ce%ae\/","name":"Sikamnia \/ Skala Sikamnia - Ktima Kiourelioti | H\u00e4user zu vermieten in Skala Skamnia | Lesbos Mytilene Hellas","isPartOf":{"@id":"https:\/\/ktimakiourelioti.gr\/tr\/#website"},"datePublished":"2020-09-28T07:47:18+00:00","dateModified":"2020-10-08T07:54:49+00:00","breadcrumb":{"@id":"https:\/\/ktimakiourelioti.gr\/tr\/%cf%80%ce%b5%cf%81%ce%b9%ce%bf%cf%87%ce%ae\/#breadcrumb"},"inLanguage":"el","potentialAction":[{"@type":"ReadAction","target":["https:\/\/ktimakiourelioti.gr\/tr\/%cf%80%ce%b5%cf%81%ce%b9%ce%bf%cf%87%ce%ae\/"]}]},{"@type":"BreadcrumbList","@id":"https:\/\/ktimakiourelioti.gr\/tr\/%cf%80%ce%b5%cf%81%ce%b9%ce%bf%cf%87%ce%ae\/#breadcrumb","itemListElement":[{"@type":"ListItem","position":1,"name":"\u0391\u03c1\u03c7\u03b9\u03ba\u03ae","item":"https:\/\/ktimakiourelioti.gr\/tr\/"},{"@type":"ListItem","position":2,"name":"Sikamnia \/ Skala Sikamnia"}]},{"@type":"WebSite","@id":"https:\/\/ktimakiourelioti.gr\/tr\/#website","url":"https:\/\/ktimakiourelioti.gr\/tr\/","name":"Ktima Kiourelioti | H\u00e4user zu vermieten in Skala Skamnia | Lesbos Mytilene Hellas","description":"\u0386\u03bb\u03bb\u03bf\u03c2 \u03ad\u03bd\u03b1\u03c2 \u03b9\u03c3\u03c4\u03cc\u03c4\u03bf\u03c0\u03bf\u03c2 WordPress","potentialAction":[{"@type":"SearchAction","target":{"@type":"EntryPoint","urlTemplate":"https:\/\/ktimakiourelioti.gr\/tr\/?s={search_term_string}"},"query-input":{"@type":"PropertyValueSpecification","valueRequired":true,"valueName":"search_term_string"}}],"inLanguage":"el"}]}},"_links":{"self":[{"href":"https:\/\/ktimakiourelioti.gr\/tr\/wp-json\/wp\/v2\/pages\/149","targetHints":{"allow":["GET"]}}],"collection":[{"href":"https:\/\/ktimakiourelioti.gr\/tr\/wp-json\/wp\/v2\/pages"}],"about":[{"href":"https:\/\/ktimakiourelioti.gr\/tr\/wp-json\/wp\/v2\/types\/page"}],"author":[{"embeddable":true,"href":"https:\/\/ktimakiourelioti.gr\/tr\/wp-json\/wp\/v2\/users\/1"}],"replies":[{"embeddable":true,"href":"https:\/\/ktimakiourelioti.gr\/tr\/wp-json\/wp\/v2\/comments?post=149"}],"version-history":[{"count":8,"href":"https:\/\/ktimakiourelioti.gr\/tr\/wp-json\/wp\/v2\/pages\/149\/revisions"}],"predecessor-version":[{"id":275,"href":"https:\/\/ktimakiourelioti.gr\/tr\/wp-json\/wp\/v2\/pages\/149\/revisions\/275"}],"wp:attachment":[{"href":"https:\/\/ktimakiourelioti.gr\/tr\/wp-json\/wp\/v2\/media?parent=149"}],"curies":[{"name":"wp","href":"https:\/\/api.w.org\/{rel}","templated":true}]}}