{"id":21,"date":"2020-09-25T22:02:19","date_gmt":"2020-09-25T19:02:19","guid":{"rendered":"http:\/\/ktimakiourelioti.gr\/tr\/?page_id=21"},"modified":"2020-10-10T10:14:22","modified_gmt":"2020-10-10T07:14:22","slug":"%ce%ba%cf%84%ce%ae%ce%bc%ce%b1-%ce%ba%ce%b9%ce%bf%cf%85%cf%81%ce%b5%ce%bb%ce%b9%cf%8e%cf%84%ce%b7-%ce%b5%ce%bd%ce%bf%ce%b9%ce%ba%ce%b9%ce%b1%ce%b6%cf%8c%ce%bc%ce%b5%ce%bd%ce%b5%cf%82-%ce%ba%ce%b1","status":"publish","type":"page","link":"https:\/\/ktimakiourelioti.gr\/tr\/","title":{"rendered":"Kiourelioti Estate Skala Sykamnia&#8217;da Kiral\u0131k Evler Lesvos Midilli Hellas"},"content":{"rendered":"<div class=\"wpb-content-wrapper\"><p>[vc_row css=&#8221;.vc_custom_1601106888167{margin-top: -30px !important;}&#8221;][vc_column width=&#8221;1\/3&#8243;][vc_column_text css_animation=&#8221;fadeInLeft&#8221;]<img loading=\"lazy\" decoding=\"async\" class=\"aligncenter wp-image-28 size-full\" src=\"http:\/\/ktimakiourelioti.gr\/tr\/wp-content\/uploads\/2020\/09\/banner1.jpg\" alt=\"\" width=\"500\" height=\"200\" srcset=\"https:\/\/ktimakiourelioti.gr\/tr\/wp-content\/uploads\/2020\/09\/banner1.jpg 500w, https:\/\/ktimakiourelioti.gr\/tr\/wp-content\/uploads\/2020\/09\/banner1-300x120.jpg 300w\" sizes=\"auto, (max-width: 500px) 100vw, 500px\" \/>[\/vc_column_text][vc_btn title=&#8221;<b>Bizim evlerimiz<\/b>&#8221; color=&#8221;sky&#8221; size=&#8221;sm&#8221; align=&#8221;center&#8221; css_animation=&#8221;fadeInLeft&#8221; button_block=&#8221;true&#8221; link=&#8221;url:http%3A%2F%2Fktimakiourelioti.gr%2Ftr%2F%25ce%25bf%25ce%25b9-%25ce%25bf%25ce%25af%25ce%25ba%25ce%25b5%25cf%2582-%25ce%25bc%25ce%25b1%25cf%2582%2F|title:%CE%9A%CE%B1%CE%BB%CE%B7%CE%BC%CE%AD%CF%81%CE%B1%20%CE%BA%CF%8C%CF%83%CE%BC%CE%B5!||&#8221; css=&#8221;.vc_custom_1602144463196{margin-top: -10px !important;}&#8221;][\/vc_column][vc_column width=&#8221;1\/3&#8243;][vc_column_text css_animation=&#8221;fadeInUp&#8221;]<img loading=\"lazy\" decoding=\"async\" class=\"aligncenter size-full wp-image-32\" src=\"http:\/\/ktimakiourelioti.gr\/tr\/wp-content\/uploads\/2020\/09\/banner2b.jpg\" alt=\"\" width=\"500\" height=\"200\" srcset=\"https:\/\/ktimakiourelioti.gr\/tr\/wp-content\/uploads\/2020\/09\/banner2b.jpg 500w, https:\/\/ktimakiourelioti.gr\/tr\/wp-content\/uploads\/2020\/09\/banner2b-300x120.jpg 300w\" sizes=\"auto, (max-width: 500px) 100vw, 500px\" \/>[\/vc_column_text][vc_btn title=&#8221;<b>Sykamia ve Skala Sykamia&#8217;y\u0131 tan\u0131y\u0131n<\/b>&#8221; color=&#8221;sky&#8221; size=&#8221;sm&#8221; align=&#8221;center&#8221; css_animation=&#8221;fadeInUp&#8221; button_block=&#8221;true&#8221; link=&#8221;url:http%3A%2F%2Fktimakiourelioti.gr%2Ftr%2F%25cf%2580%25ce%25b5%25cf%2581%25ce%25b9%25ce%25bf%25cf%2587%25ce%25ae%2F|title:%CE%9A%CE%B1%CE%BB%CE%B7%CE%BC%CE%AD%CF%81%CE%B1%20%CE%BA%CF%8C%CF%83%CE%BC%CE%B5!||&#8221; css=&#8221;.vc_custom_1602144490816{margin-top: -10px !important;}&#8221;][\/vc_column][vc_column width=&#8221;1\/3&#8243;][vc_column_text css_animation=&#8221;fadeInRight&#8221;]<img loading=\"lazy\" decoding=\"async\" class=\"aligncenter size-full wp-image-34\" src=\"http:\/\/ktimakiourelioti.gr\/tr\/wp-content\/uploads\/2020\/09\/banner3b.jpg\" alt=\"\" width=\"500\" height=\"200\" srcset=\"https:\/\/ktimakiourelioti.gr\/tr\/wp-content\/uploads\/2020\/09\/banner3b.jpg 500w, https:\/\/ktimakiourelioti.gr\/tr\/wp-content\/uploads\/2020\/09\/banner3b-300x120.jpg 300w\" sizes=\"auto, (max-width: 500px) 100vw, 500px\" \/>[\/vc_column_text][vc_btn title=&#8221;<b>Rezervasyon i\u00e7in faiz<\/b>&#8221; color=&#8221;sky&#8221; size=&#8221;sm&#8221; align=&#8221;center&#8221; css_animation=&#8221;fadeInRight&#8221; button_block=&#8221;true&#8221; link=&#8221;url:http%3A%2F%2Fktimakiourelioti.gr%2Ftr%2F%25ce%25ba%25cf%2581%25ce%25ac%25cf%2584%25ce%25b7%25cf%2583%25ce%25b7-%25ce%25bf%25ce%25b9%25ce%25ba%25ce%25af%25ce%25b1%25cf%2582%2F|title:%CE%9A%CE%B1%CE%BB%CE%B7%CE%BC%CE%AD%CF%81%CE%B1%20%CE%BA%CF%8C%CF%83%CE%BC%CE%B5!||&#8221; css=&#8221;.vc_custom_1602144502072{margin-top: -10px !important;}&#8221;][\/vc_column][\/vc_row]<\/p>\n<\/div>","protected":false},"excerpt":{"rendered":"<p>[vc_row css=&#8221;.vc_custom_1601106888167{margin-top: -30px !important;}&#8221;][vc_column width=&#8221;1\/3&#8243;][vc_column_text css_animation=&#8221;fadeInLeft&#8221;][\/vc_column_text][vc_btn title=&#8221;Bizim evlerimiz&#8221; color=&#8221;sky&#8221; size=&#8221;sm&#8221; align=&#8221;center&#8221; css_animation=&#8221;fadeInLeft&#8221; button_block=&#8221;true&#8221; link=&#8221;url:http%3A%2F%2Fktimakiourelioti.gr%2Ftr%2F%25ce%25bf%25ce%25b9-%25ce%25bf%25ce%25af%25ce%25ba%25ce%25b5%25cf%2582-%25ce%25bc%25ce%25b1%25cf%2582%2F|title:%CE%9A%CE%B1%CE%BB%CE%B7%CE%BC%CE%AD%CF%81%CE%B1%20%CE%BA%CF%8C%CF%83%CE%BC%CE%B5!||&#8221; css=&#8221;.vc_custom_1602144463196{margin-top: -10px !important;}&#8221;][\/vc_column][vc_column width=&#8221;1\/3&#8243;][vc_column_text css_animation=&#8221;fadeInUp&#8221;][\/vc_column_text][vc_btn title=&#8221;Sykamia ve Skala Sykamia&#8217;y\u0131 tan\u0131y\u0131n&#8221; color=&#8221;sky&#8221; size=&#8221;sm&#8221; align=&#8221;center&#8221; css_animation=&#8221;fadeInUp&#8221; button_block=&#8221;true&#8221; link=&#8221;url:http%3A%2F%2Fktimakiourelioti.gr%2Ftr%2F%25cf%2580%25ce%25b5%25cf%2581%25ce%25b9%25ce%25bf%25cf%2587%25ce%25ae%2F|title:%CE%9A%CE%B1%CE%BB%CE%B7%CE%BC%CE%AD%CF%81%CE%B1%20%CE%BA%CF%8C%CF%83%CE%BC%CE%B5!||&#8221; css=&#8221;.vc_custom_1602144490816{margin-top: -10px !important;}&#8221;][\/vc_column][vc_column width=&#8221;1\/3&#8243;][vc_column_text css_animation=&#8221;fadeInRight&#8221;][\/vc_column_text][vc_btn title=&#8221;Rezervasyon i\u00e7in faiz&#8221; color=&#8221;sky&#8221; size=&#8221;sm&#8221; align=&#8221;center&#8221; css_animation=&#8221;fadeInRight&#8221; button_block=&#8221;true&#8221; link=&#8221;url:http%3A%2F%2Fktimakiourelioti.gr%2Ftr%2F%25ce%25ba%25cf%2581%25ce%25ac%25cf%2584%25ce%25b7%25cf%2583%25ce%25b7-%25ce%25bf%25ce%25b9%25ce%25ba%25ce%25af%25ce%25b1%25cf%2582%2F|title:%CE%9A%CE%B1%CE%BB%CE%B7%CE%BC%CE%AD%CF%81%CE%B1%20%CE%BA%CF%8C%CF%83%CE%BC%CE%B5!||&#8221; css=&#8221;.vc_custom_1602144502072{margin-top: -10px !important;}&#8221;][\/vc_column][\/vc_row]<\/p>\n","protected":false},"author":1,"featured_media":0,"parent":0,"menu_order":0,"comment_status":"closed","ping_status":"closed","template":"","meta":{"footnotes":""},"class_list":["post-21","page","type-page","status-publish","hentry","description-off"],"yoast_head":"<!-- This site is optimized with the Yoast SEO plugin v27.5 - https:\/\/yoast.com\/product\/yoast-seo-wordpress\/ -->\n<title>Kiourelioti Estate Skala Sykamnia&#039;da Kiral\u0131k Evler Lesvos Midilli Hellas - Ktima Kiourelioti | H\u00e4user zu vermieten in Skala Skamnia | Lesbos Mytilene Hellas<\/title>\n<meta name=\"robots\" content=\"index, follow, max-snippet:-1, max-image-preview:large, max-video-preview:-1\" \/>\n<link rel=\"canonical\" href=\"https:\/\/ktimakiourelioti.gr\/tr\/\" \/>\n<meta property=\"og:locale\" content=\"el_GR\" \/>\n<meta property=\"og:type\" content=\"article\" \/>\n<meta property=\"og:title\" content=\"Kiourelioti Estate Skala Sykamnia&#039;da Kiral\u0131k Evler Lesvos Midilli Hellas - Ktima Kiourelioti | H\u00e4user zu vermieten in Skala Skamnia | Lesbos Mytilene Hellas\" \/>\n<meta property=\"og:description\" content=\"[vc_row css=&#8221;.vc_custom_1601106888167{margin-top: -30px !important;}&#8221;][vc_column width=&#8221;1\/3&#8243;][vc_column_text css_animation=&#8221;fadeInLeft&#8221;][\/vc_column_text][vc_btn title=&#8221;Bizim evlerimiz&#8221; color=&#8221;sky&#8221; size=&#8221;sm&#8221; align=&#8221;center&#8221; css_animation=&#8221;fadeInLeft&#8221; button_block=&#8221;true&#8221; link=&#8221;url:http%3A%2F%2Fktimakiourelioti.gr%2Ftr%2F%25ce%25bf%25ce%25b9-%25ce%25bf%25ce%25af%25ce%25ba%25ce%25b5%25cf%2582-%25ce%25bc%25ce%25b1%25cf%2582%2F|title:%CE%9A%CE%B1%CE%BB%CE%B7%CE%BC%CE%AD%CF%81%CE%B1%20%CE%BA%CF%8C%CF%83%CE%BC%CE%B5!||&#8221; css=&#8221;.vc_custom_1602144463196{margin-top: -10px !important;}&#8221;][\/vc_column][vc_column width=&#8221;1\/3&#8243;][vc_column_text css_animation=&#8221;fadeInUp&#8221;][\/vc_column_text][vc_btn title=&#8221;Sykamia ve Skala Sykamia&#8217;y\u0131 tan\u0131y\u0131n&#8221; color=&#8221;sky&#8221; size=&#8221;sm&#8221; align=&#8221;center&#8221; css_animation=&#8221;fadeInUp&#8221; button_block=&#8221;true&#8221; link=&#8221;url:http%3A%2F%2Fktimakiourelioti.gr%2Ftr%2F%25cf%2580%25ce%25b5%25cf%2581%25ce%25b9%25ce%25bf%25cf%2587%25ce%25ae%2F|title:%CE%9A%CE%B1%CE%BB%CE%B7%CE%BC%CE%AD%CF%81%CE%B1%20%CE%BA%CF%8C%CF%83%CE%BC%CE%B5!||&#8221; css=&#8221;.vc_custom_1602144490816{margin-top: -10px !important;}&#8221;][\/vc_column][vc_column width=&#8221;1\/3&#8243;][vc_column_text css_animation=&#8221;fadeInRight&#8221;][\/vc_column_text][vc_btn title=&#8221;Rezervasyon i\u00e7in faiz&#8221; color=&#8221;sky&#8221; size=&#8221;sm&#8221; align=&#8221;center&#8221; css_animation=&#8221;fadeInRight&#8221; button_block=&#8221;true&#8221; link=&#8221;url:http%3A%2F%2Fktimakiourelioti.gr%2Ftr%2F%25ce%25ba%25cf%2581%25ce%25ac%25cf%2584%25ce%25b7%25cf%2583%25ce%25b7-%25ce%25bf%25ce%25b9%25ce%25ba%25ce%25af%25ce%25b1%25cf%2582%2F|title:%CE%9A%CE%B1%CE%BB%CE%B7%CE%BC%CE%AD%CF%81%CE%B1%20%CE%BA%CF%8C%CF%83%CE%BC%CE%B5!||&#8221; css=&#8221;.vc_custom_1602144502072{margin-top: -10px !important;}&#8221;][\/vc_column][\/vc_row]\" \/>\n<meta property=\"og:url\" content=\"https:\/\/ktimakiourelioti.gr\/tr\/\" \/>\n<meta property=\"og:site_name\" content=\"Ktima Kiourelioti | H\u00e4user zu vermieten in Skala Skamnia | Lesbos Mytilene Hellas\" \/>\n<meta property=\"article:modified_time\" content=\"2020-10-10T07:14:22+00:00\" \/>\n<meta property=\"og:image\" content=\"http:\/\/ktimakiourelioti.gr\/tr\/wp-content\/uploads\/2020\/09\/banner1.jpg\" \/>\n<meta name=\"twitter:card\" content=\"summary_large_image\" \/>\n<meta name=\"twitter:label1\" content=\"\u0395\u03ba\u03c4\u03b9\u03bc\u03ce\u03bc\u03b5\u03bd\u03bf\u03c2 \u03c7\u03c1\u03cc\u03bd\u03bf\u03c2 \u03b1\u03bd\u03ac\u03b3\u03bd\u03c9\u03c3\u03b7\u03c2\" \/>\n\t<meta name=\"twitter:data1\" content=\"1 \u03bb\u03b5\u03c0\u03c4\u03cc\" \/>\n<script type=\"application\/ld+json\" class=\"yoast-schema-graph\">{\"@context\":\"https:\\\/\\\/schema.org\",\"@graph\":[{\"@type\":\"WebPage\",\"@id\":\"https:\\\/\\\/ktimakiourelioti.gr\\\/tr\\\/\",\"url\":\"https:\\\/\\\/ktimakiourelioti.gr\\\/tr\\\/\",\"name\":\"Kiourelioti Estate Skala Sykamnia'da Kiral\u0131k Evler Lesvos Midilli Hellas - Ktima Kiourelioti | H\u00e4user zu vermieten in Skala Skamnia | Lesbos Mytilene Hellas\",\"isPartOf\":{\"@id\":\"https:\\\/\\\/ktimakiourelioti.gr\\\/tr\\\/#website\"},\"primaryImageOfPage\":{\"@id\":\"https:\\\/\\\/ktimakiourelioti.gr\\\/tr\\\/#primaryimage\"},\"image\":{\"@id\":\"https:\\\/\\\/ktimakiourelioti.gr\\\/tr\\\/#primaryimage\"},\"thumbnailUrl\":\"http:\\\/\\\/ktimakiourelioti.gr\\\/tr\\\/wp-content\\\/uploads\\\/2020\\\/09\\\/banner1.jpg\",\"datePublished\":\"2020-09-25T19:02:19+00:00\",\"dateModified\":\"2020-10-10T07:14:22+00:00\",\"breadcrumb\":{\"@id\":\"https:\\\/\\\/ktimakiourelioti.gr\\\/tr\\\/#breadcrumb\"},\"inLanguage\":\"el\",\"potentialAction\":[{\"@type\":\"ReadAction\",\"target\":[\"https:\\\/\\\/ktimakiourelioti.gr\\\/tr\\\/\"]}]},{\"@type\":\"ImageObject\",\"inLanguage\":\"el\",\"@id\":\"https:\\\/\\\/ktimakiourelioti.gr\\\/tr\\\/#primaryimage\",\"url\":\"http:\\\/\\\/ktimakiourelioti.gr\\\/tr\\\/wp-content\\\/uploads\\\/2020\\\/09\\\/banner1.jpg\",\"contentUrl\":\"http:\\\/\\\/ktimakiourelioti.gr\\\/tr\\\/wp-content\\\/uploads\\\/2020\\\/09\\\/banner1.jpg\"},{\"@type\":\"BreadcrumbList\",\"@id\":\"https:\\\/\\\/ktimakiourelioti.gr\\\/tr\\\/#breadcrumb\",\"itemListElement\":[{\"@type\":\"ListItem\",\"position\":1,\"name\":\"\u0391\u03c1\u03c7\u03b9\u03ba\u03ae\",\"item\":\"https:\\\/\\\/ktimakiourelioti.gr\\\/tr\\\/\"},{\"@type\":\"ListItem\",\"position\":2,\"name\":\"Kiourelioti Estate Skala Sykamnia&#8217;da Kiral\u0131k Evler Lesvos Midilli Hellas\"}]},{\"@type\":\"WebSite\",\"@id\":\"https:\\\/\\\/ktimakiourelioti.gr\\\/tr\\\/#website\",\"url\":\"https:\\\/\\\/ktimakiourelioti.gr\\\/tr\\\/\",\"name\":\"Ktima Kiourelioti | H\u00e4user zu vermieten in Skala Skamnia | Lesbos Mytilene Hellas\",\"description\":\"\u0386\u03bb\u03bb\u03bf\u03c2 \u03ad\u03bd\u03b1\u03c2 \u03b9\u03c3\u03c4\u03cc\u03c4\u03bf\u03c0\u03bf\u03c2 WordPress\",\"potentialAction\":[{\"@type\":\"SearchAction\",\"target\":{\"@type\":\"EntryPoint\",\"urlTemplate\":\"https:\\\/\\\/ktimakiourelioti.gr\\\/tr\\\/?s={search_term_string}\"},\"query-input\":{\"@type\":\"PropertyValueSpecification\",\"valueRequired\":true,\"valueName\":\"search_term_string\"}}],\"inLanguage\":\"el\"}]}<\/script>\n<!-- \/ Yoast SEO plugin. -->","yoast_head_json":{"title":"Kiourelioti Estate Skala Sykamnia'da Kiral\u0131k Evler Lesvos Midilli Hellas - Ktima Kiourelioti | H\u00e4user zu vermieten in Skala Skamnia | Lesbos Mytilene Hellas","robots":{"index":"index","follow":"follow","max-snippet":"max-snippet:-1","max-image-preview":"max-image-preview:large","max-video-preview":"max-video-preview:-1"},"canonical":"https:\/\/ktimakiourelioti.gr\/tr\/","og_locale":"el_GR","og_type":"article","og_title":"Kiourelioti Estate Skala Sykamnia'da Kiral\u0131k Evler Lesvos Midilli Hellas - Ktima Kiourelioti | H\u00e4user zu vermieten in Skala Skamnia | Lesbos Mytilene Hellas","og_description":"[vc_row css=&#8221;.vc_custom_1601106888167{margin-top: -30px !important;}&#8221;][vc_column width=&#8221;1\/3&#8243;][vc_column_text css_animation=&#8221;fadeInLeft&#8221;][\/vc_column_text][vc_btn title=&#8221;Bizim evlerimiz&#8221; color=&#8221;sky&#8221; size=&#8221;sm&#8221; align=&#8221;center&#8221; css_animation=&#8221;fadeInLeft&#8221; button_block=&#8221;true&#8221; link=&#8221;url:http%3A%2F%2Fktimakiourelioti.gr%2Ftr%2F%25ce%25bf%25ce%25b9-%25ce%25bf%25ce%25af%25ce%25ba%25ce%25b5%25cf%2582-%25ce%25bc%25ce%25b1%25cf%2582%2F|title:%CE%9A%CE%B1%CE%BB%CE%B7%CE%BC%CE%AD%CF%81%CE%B1%20%CE%BA%CF%8C%CF%83%CE%BC%CE%B5!||&#8221; css=&#8221;.vc_custom_1602144463196{margin-top: -10px !important;}&#8221;][\/vc_column][vc_column width=&#8221;1\/3&#8243;][vc_column_text css_animation=&#8221;fadeInUp&#8221;][\/vc_column_text][vc_btn title=&#8221;Sykamia ve Skala Sykamia&#8217;y\u0131 tan\u0131y\u0131n&#8221; color=&#8221;sky&#8221; size=&#8221;sm&#8221; align=&#8221;center&#8221; css_animation=&#8221;fadeInUp&#8221; button_block=&#8221;true&#8221; link=&#8221;url:http%3A%2F%2Fktimakiourelioti.gr%2Ftr%2F%25cf%2580%25ce%25b5%25cf%2581%25ce%25b9%25ce%25bf%25cf%2587%25ce%25ae%2F|title:%CE%9A%CE%B1%CE%BB%CE%B7%CE%BC%CE%AD%CF%81%CE%B1%20%CE%BA%CF%8C%CF%83%CE%BC%CE%B5!||&#8221; css=&#8221;.vc_custom_1602144490816{margin-top: -10px !important;}&#8221;][\/vc_column][vc_column width=&#8221;1\/3&#8243;][vc_column_text css_animation=&#8221;fadeInRight&#8221;][\/vc_column_text][vc_btn title=&#8221;Rezervasyon i\u00e7in faiz&#8221; color=&#8221;sky&#8221; size=&#8221;sm&#8221; align=&#8221;center&#8221; css_animation=&#8221;fadeInRight&#8221; button_block=&#8221;true&#8221; link=&#8221;url:http%3A%2F%2Fktimakiourelioti.gr%2Ftr%2F%25ce%25ba%25cf%2581%25ce%25ac%25cf%2584%25ce%25b7%25cf%2583%25ce%25b7-%25ce%25bf%25ce%25b9%25ce%25ba%25ce%25af%25ce%25b1%25cf%2582%2F|title:%CE%9A%CE%B1%CE%BB%CE%B7%CE%BC%CE%AD%CF%81%CE%B1%20%CE%BA%CF%8C%CF%83%CE%BC%CE%B5!||&#8221; css=&#8221;.vc_custom_1602144502072{margin-top: -10px !important;}&#8221;][\/vc_column][\/vc_row]","og_url":"https:\/\/ktimakiourelioti.gr\/tr\/","og_site_name":"Ktima Kiourelioti | H\u00e4user zu vermieten in Skala Skamnia | Lesbos Mytilene Hellas","article_modified_time":"2020-10-10T07:14:22+00:00","og_image":[{"url":"http:\/\/ktimakiourelioti.gr\/tr\/wp-content\/uploads\/2020\/09\/banner1.jpg","type":"","width":"","height":""}],"twitter_card":"summary_large_image","twitter_misc":{"\u0395\u03ba\u03c4\u03b9\u03bc\u03ce\u03bc\u03b5\u03bd\u03bf\u03c2 \u03c7\u03c1\u03cc\u03bd\u03bf\u03c2 \u03b1\u03bd\u03ac\u03b3\u03bd\u03c9\u03c3\u03b7\u03c2":"1 \u03bb\u03b5\u03c0\u03c4\u03cc"},"schema":{"@context":"https:\/\/schema.org","@graph":[{"@type":"WebPage","@id":"https:\/\/ktimakiourelioti.gr\/tr\/","url":"https:\/\/ktimakiourelioti.gr\/tr\/","name":"Kiourelioti Estate Skala Sykamnia'da Kiral\u0131k Evler Lesvos Midilli Hellas - Ktima Kiourelioti | H\u00e4user zu vermieten in Skala Skamnia | Lesbos Mytilene Hellas","isPartOf":{"@id":"https:\/\/ktimakiourelioti.gr\/tr\/#website"},"primaryImageOfPage":{"@id":"https:\/\/ktimakiourelioti.gr\/tr\/#primaryimage"},"image":{"@id":"https:\/\/ktimakiourelioti.gr\/tr\/#primaryimage"},"thumbnailUrl":"http:\/\/ktimakiourelioti.gr\/tr\/wp-content\/uploads\/2020\/09\/banner1.jpg","datePublished":"2020-09-25T19:02:19+00:00","dateModified":"2020-10-10T07:14:22+00:00","breadcrumb":{"@id":"https:\/\/ktimakiourelioti.gr\/tr\/#breadcrumb"},"inLanguage":"el","potentialAction":[{"@type":"ReadAction","target":["https:\/\/ktimakiourelioti.gr\/tr\/"]}]},{"@type":"ImageObject","inLanguage":"el","@id":"https:\/\/ktimakiourelioti.gr\/tr\/#primaryimage","url":"http:\/\/ktimakiourelioti.gr\/tr\/wp-content\/uploads\/2020\/09\/banner1.jpg","contentUrl":"http:\/\/ktimakiourelioti.gr\/tr\/wp-content\/uploads\/2020\/09\/banner1.jpg"},{"@type":"BreadcrumbList","@id":"https:\/\/ktimakiourelioti.gr\/tr\/#breadcrumb","itemListElement":[{"@type":"ListItem","position":1,"name":"\u0391\u03c1\u03c7\u03b9\u03ba\u03ae","item":"https:\/\/ktimakiourelioti.gr\/tr\/"},{"@type":"ListItem","position":2,"name":"Kiourelioti Estate Skala Sykamnia&#8217;da Kiral\u0131k Evler Lesvos Midilli Hellas"}]},{"@type":"WebSite","@id":"https:\/\/ktimakiourelioti.gr\/tr\/#website","url":"https:\/\/ktimakiourelioti.gr\/tr\/","name":"Ktima Kiourelioti | H\u00e4user zu vermieten in Skala Skamnia | Lesbos Mytilene Hellas","description":"\u0386\u03bb\u03bb\u03bf\u03c2 \u03ad\u03bd\u03b1\u03c2 \u03b9\u03c3\u03c4\u03cc\u03c4\u03bf\u03c0\u03bf\u03c2 WordPress","potentialAction":[{"@type":"SearchAction","target":{"@type":"EntryPoint","urlTemplate":"https:\/\/ktimakiourelioti.gr\/tr\/?s={search_term_string}"},"query-input":{"@type":"PropertyValueSpecification","valueRequired":true,"valueName":"search_term_string"}}],"inLanguage":"el"}]}},"_links":{"self":[{"href":"https:\/\/ktimakiourelioti.gr\/tr\/wp-json\/wp\/v2\/pages\/21","targetHints":{"allow":["GET"]}}],"collection":[{"href":"https:\/\/ktimakiourelioti.gr\/tr\/wp-json\/wp\/v2\/pages"}],"about":[{"href":"https:\/\/ktimakiourelioti.gr\/tr\/wp-json\/wp\/v2\/types\/page"}],"author":[{"embeddable":true,"href":"https:\/\/ktimakiourelioti.gr\/tr\/wp-json\/wp\/v2\/users\/1"}],"replies":[{"embeddable":true,"href":"https:\/\/ktimakiourelioti.gr\/tr\/wp-json\/wp\/v2\/comments?post=21"}],"version-history":[{"count":19,"href":"https:\/\/ktimakiourelioti.gr\/tr\/wp-json\/wp\/v2\/pages\/21\/revisions"}],"predecessor-version":[{"id":288,"href":"https:\/\/ktimakiourelioti.gr\/tr\/wp-json\/wp\/v2\/pages\/21\/revisions\/288"}],"wp:attachment":[{"href":"https:\/\/ktimakiourelioti.gr\/tr\/wp-json\/wp\/v2\/media?parent=21"}],"curies":[{"name":"wp","href":"https:\/\/api.w.org\/{rel}","templated":true}]}}