{"id":44,"date":"2020-09-26T11:16:19","date_gmt":"2020-09-26T08:16:19","guid":{"rendered":"http:\/\/ktimakiourelioti.gr\/tr\/?page_id=44"},"modified":"2020-10-09T10:42:05","modified_gmt":"2020-10-09T07:42:05","slug":"%ce%bf%ce%b9-%ce%bf%ce%af%ce%ba%ce%b5%cf%82-%ce%bc%ce%b1%cf%82","status":"publish","type":"page","link":"https:\/\/ktimakiourelioti.gr\/tr\/%ce%bf%ce%b9-%ce%bf%ce%af%ce%ba%ce%b5%cf%82-%ce%bc%ce%b1%cf%82\/","title":{"rendered":"Bizim evlerimiz"},"content":{"rendered":"<div class=\"wpb-content-wrapper\"><p>[vc_row css=&#8221;.vc_custom_1601109201999{margin-top: -30px !important;}&#8221;][vc_column width=&#8221;2\/3&#8243;][vc_column_text]<\/p>\n<div style=\"text-align: justify;\"><img loading=\"lazy\" decoding=\"async\" class=\"aligncenter size-full wp-image-58\" src=\"http:\/\/ktimakiourelioti.gr\/en\/wp-content\/uploads\/2020\/09\/oikies.jpg\" alt=\"\" width=\"1000\" height=\"205\" srcset=\"https:\/\/ktimakiourelioti.gr\/tr\/wp-content\/uploads\/2020\/09\/oikies.jpg 1000w, https:\/\/ktimakiourelioti.gr\/tr\/wp-content\/uploads\/2020\/09\/oikies-300x62.jpg 300w, https:\/\/ktimakiourelioti.gr\/tr\/wp-content\/uploads\/2020\/09\/oikies-768x157.jpg 768w\" sizes=\"auto, (max-width: 1000px) 100vw, 1000px\" \/><\/div>\n<div><div class=\"gap\" style=\"line-height: 20px; height: 20px;\"><\/div><\/div>\n<div style=\"text-align: justify;\">\n<p id=\"tw-target-text\" class=\"tw-data-text tw-text-large XcVN5d tw-ta\" dir=\"ltr\" data-placeholder=\"\u039c\u03b5\u03c4\u03ac\u03c6\u03c1\u03b1\u03c3\u03b7\"><span lang=\"tr\">Panagia Gorgona&#8217;daki pitoresk limandan gelen rezervasyonlarda Skala Sykamias&#8217;ta farkl\u0131 do\u011fumlar zemin kat, kullan\u0131lan, parametreler ve talepler i\u00e7in program.<\/span><\/p>\n<\/div>\n<div><div class=\"gap\" style=\"line-height: 10px; height: 10px;\"><\/div><\/div>\n<div style=\"text-align: justify;\">\n<p id=\"tw-target-text\" class=\"tw-data-text tw-text-large XcVN5d tw-ta\" dir=\"ltr\" data-placeholder=\"\u039c\u03b5\u03c4\u03ac\u03c6\u03c1\u03b1\u03c3\u03b7\"><span lang=\"tr\">Arazinin e\u015fsiz manzaras\u0131, onu arayan her romantik duyguyu uyand\u0131racak.<\/span><\/p>\n<\/div>\n<div><div class=\"gap\" style=\"line-height: 10px; height: 10px;\"><\/div><\/div>\n<div style=\"text-align: justify;\">\n<p id=\"tw-target-text\" class=\"tw-data-text tw-text-large XcVN5d tw-ta\" dir=\"ltr\" data-placeholder=\"\u039c\u03b5\u03c4\u03ac\u03c6\u03c1\u03b1\u03c3\u03b7\"><span lang=\"tr\">Kioureliotis Estate&#8217;in 4 evi modern bir tasar\u0131ma ve sade \u00e7izgilere sahiptir. Odalar geni\u015ftir ve konforlu ve l\u00fcks bir konaklama i\u00e7in t\u00fcm olanaklara sahiptir. Bir \u00e7ift veya hatta d\u00f6rt ki\u015filik bir aile i\u00e7in uygundur.<\/span><\/p>\n<\/div>\n<div><div class=\"gap\" style=\"line-height: 10px; height: 10px;\"><\/div><\/div>\n<div>\n<p id=\"tw-target-text\" class=\"tw-data-text tw-text-large XcVN5d tw-ta\" dir=\"ltr\" data-placeholder=\"\u039c\u03b5\u03c4\u03ac\u03c6\u03c1\u03b1\u03c3\u03b7\"><span lang=\"tr\">Ege&#8217;nin u\u00e7suz bucaks\u0131z mavisinin muhte\u015fem manzaras\u0131 ile kompleksin y\u00fcksek noktas\u0131nda cennet gibi beklentiler.<\/span><\/p>\n<\/div>\n<div><div class=\"gap\" style=\"line-height: 10px; height: 10px;\"><\/div><\/div>\n<div>\n<p id=\"tw-target-text\" class=\"tw-data-text tw-text-large XcVN5d tw-ta\" dir=\"ltr\" data-placeholder=\"\u039c\u03b5\u03c4\u03ac\u03c6\u03c1\u03b1\u03c3\u03b7\"><span lang=\"tr\">Her misafirin kalbini \u00e7alacak \u015fekilde tasarlanm\u0131\u015f bir yatak odas\u0131 var. Kanepe &#8211; oturma odas\u0131nda \u00e7ift ki\u015filik yatak. Boyut 30 m2.<\/span><\/p>\n<\/div>\n<p>[\/vc_column_text][vc_row_inner][vc_column_inner width=&#8221;1\/2&#8243;][vc_column_text]<span style=\"text-decoration: underline;\"><strong>Hizmetler ve Olanaklar<\/strong><\/span><\/p>\n<ul>\n<li>Ah\u015fap el yataklar\u0131 \u0130\u015fleri ve yatak King Size<\/li>\n<li>Sa\u00e7 kurutma makinesi<\/li>\n<li>Tedavi i\u00e7in \u00fcr\u00fcnler<\/li>\n<li>Mini buzdolab\u0131<\/li>\n<li>Ofis mobilyalar\u0131<\/li>\n<\/ul>\n<p>[\/vc_column_text][\/vc_column_inner][vc_column_inner width=&#8221;1\/2&#8243;][vc_column_text]<div class=\"gap\" style=\"line-height: 20px; height: 20px;\"><\/div>\n<ul>\n<li>Kahve veya \u00e7ay i\u00e7in su \u0131s\u0131t\u0131c\u0131s\u0131<\/li>\n<li>Klima Otonom \u0131s\u0131tma<\/li>\n<li>Elektrikli s\u00fcp\u00fcrge<\/li>\n<li>LCD d\u00fcz ekran TV | LED<\/li>\n<li>\u00c7ama\u015f\u0131r makinesi<\/li>\n<li>\u00dct\u00fc &#8211; \u00fct\u00fc masas\u0131<\/li>\n<li>Manzaral\u0131 balkonlar<\/li>\n<\/ul>\n<p>[\/vc_column_text][\/vc_column_inner][\/vc_row_inner][\/vc_column][vc_column width=&#8221;1\/3&#8243;][vc_column_text css_animation=&#8221;fadeInDown&#8221;]<a href=\"https:\/\/ktimakiourelioti.gr\/tr\/%ce%bf%ce%b9%ce%ba%ce%af%ce%b1-1\/\"><img loading=\"lazy\" decoding=\"async\" class=\"aligncenter wp-image-269 size-full\" src=\"https:\/\/ktimakiourelioti.gr\/tr\/wp-content\/uploads\/2020\/10\/1tr.jpg\" alt=\"\" width=\"500\" height=\"200\" srcset=\"https:\/\/ktimakiourelioti.gr\/tr\/wp-content\/uploads\/2020\/10\/1tr.jpg 500w, https:\/\/ktimakiourelioti.gr\/tr\/wp-content\/uploads\/2020\/10\/1tr-300x120.jpg 300w\" sizes=\"auto, (max-width: 500px) 100vw, 500px\" \/><\/a>[\/vc_column_text][vc_column_text css_animation=&#8221;fadeInRight&#8221;]<a href=\"https:\/\/ktimakiourelioti.gr\/tr\/%ce%bf%ce%b9-%ce%bf%ce%af%ce%ba%ce%b5%cf%82-%ce%bc%ce%b1%cf%82\/%ce%ba%cf%8c%ce%ba%ce%ba%ce%b9%ce%bd%ce%b7-%ce%bf%ce%b9%ce%ba%ce%af%ce%b1\/\"><img loading=\"lazy\" decoding=\"async\" class=\"aligncenter wp-image-270 size-full\" src=\"https:\/\/ktimakiourelioti.gr\/tr\/wp-content\/uploads\/2020\/10\/2tr.jpg\" alt=\"\" width=\"500\" height=\"200\" srcset=\"https:\/\/ktimakiourelioti.gr\/tr\/wp-content\/uploads\/2020\/10\/2tr.jpg 500w, https:\/\/ktimakiourelioti.gr\/tr\/wp-content\/uploads\/2020\/10\/2tr-300x120.jpg 300w\" sizes=\"auto, (max-width: 500px) 100vw, 500px\" \/><\/a>[\/vc_column_text][vc_column_text css_animation=&#8221;fadeInRight&#8221;]<a href=\"https:\/\/ktimakiourelioti.gr\/tr\/%ce%bf%ce%b9%ce%ba%ce%af%ce%b1-3\/\"><img loading=\"lazy\" decoding=\"async\" class=\"aligncenter wp-image-271 size-full\" src=\"https:\/\/ktimakiourelioti.gr\/tr\/wp-content\/uploads\/2020\/10\/3tr.jpg\" alt=\"\" width=\"500\" height=\"200\" srcset=\"https:\/\/ktimakiourelioti.gr\/tr\/wp-content\/uploads\/2020\/10\/3tr.jpg 500w, https:\/\/ktimakiourelioti.gr\/tr\/wp-content\/uploads\/2020\/10\/3tr-300x120.jpg 300w\" sizes=\"auto, (max-width: 500px) 100vw, 500px\" \/><\/a>[\/vc_column_text][\/vc_column][\/vc_row]<\/p>\n<\/div>","protected":false},"excerpt":{"rendered":"<p>[vc_row css=&#8221;.vc_custom_1601109201999{margin-top: -30px !important;}&#8221;][vc_column width=&#8221;2\/3&#8243;][vc_column_text] Panagia Gorgona&#8217;daki pitoresk limandan gelen rezervasyonlarda Skala Sykamias&#8217;ta farkl\u0131 do\u011fumlar zemin kat, kullan\u0131lan, parametreler ve talepler i\u00e7in program. Arazinin e\u015fsiz manzaras\u0131, onu arayan her romantik duyguyu uyand\u0131racak. Kioureliotis Estate&#8217;in 4 evi modern bir tasar\u0131ma ve sade \u00e7izgilere sahiptir. Odalar geni\u015ftir ve konforlu ve l\u00fcks bir konaklama i\u00e7in t\u00fcm olanaklara sahiptir.&hellip;<\/p>\n","protected":false},"author":1,"featured_media":0,"parent":0,"menu_order":0,"comment_status":"closed","ping_status":"closed","template":"","meta":{"footnotes":""},"class_list":["post-44","page","type-page","status-publish","hentry","description-off"],"yoast_head":"<!-- This site is optimized with the Yoast SEO plugin v27.5 - https:\/\/yoast.com\/product\/yoast-seo-wordpress\/ -->\n<title>Bizim evlerimiz - Ktima Kiourelioti | H\u00e4user zu vermieten in Skala Skamnia | Lesbos Mytilene Hellas<\/title>\n<meta name=\"robots\" content=\"index, follow, max-snippet:-1, max-image-preview:large, max-video-preview:-1\" \/>\n<link rel=\"canonical\" href=\"https:\/\/ktimakiourelioti.gr\/tr\/\u03bf\u03b9-\u03bf\u03af\u03ba\u03b5\u03c2-\u03bc\u03b1\u03c2\/\" \/>\n<meta property=\"og:locale\" content=\"el_GR\" \/>\n<meta property=\"og:type\" content=\"article\" \/>\n<meta property=\"og:title\" content=\"Bizim evlerimiz - Ktima Kiourelioti | H\u00e4user zu vermieten in Skala Skamnia | Lesbos Mytilene Hellas\" \/>\n<meta property=\"og:description\" content=\"[vc_row css=&#8221;.vc_custom_1601109201999{margin-top: -30px !important;}&#8221;][vc_column width=&#8221;2\/3&#8243;][vc_column_text] Panagia Gorgona&#8217;daki pitoresk limandan gelen rezervasyonlarda Skala Sykamias&#8217;ta farkl\u0131 do\u011fumlar zemin kat, kullan\u0131lan, parametreler ve talepler i\u00e7in program. Arazinin e\u015fsiz manzaras\u0131, onu arayan her romantik duyguyu uyand\u0131racak. Kioureliotis Estate&#8217;in 4 evi modern bir tasar\u0131ma ve sade \u00e7izgilere sahiptir. Odalar geni\u015ftir ve konforlu ve l\u00fcks bir konaklama i\u00e7in t\u00fcm olanaklara sahiptir.&hellip;\" \/>\n<meta property=\"og:url\" content=\"https:\/\/ktimakiourelioti.gr\/tr\/\u03bf\u03b9-\u03bf\u03af\u03ba\u03b5\u03c2-\u03bc\u03b1\u03c2\/\" \/>\n<meta property=\"og:site_name\" content=\"Ktima Kiourelioti | H\u00e4user zu vermieten in Skala Skamnia | Lesbos Mytilene Hellas\" \/>\n<meta property=\"article:modified_time\" content=\"2020-10-09T07:42:05+00:00\" \/>\n<meta property=\"og:image\" content=\"http:\/\/ktimakiourelioti.gr\/en\/wp-content\/uploads\/2020\/09\/oikies.jpg\" \/>\n<meta name=\"twitter:card\" content=\"summary_large_image\" \/>\n<meta name=\"twitter:label1\" content=\"\u0395\u03ba\u03c4\u03b9\u03bc\u03ce\u03bc\u03b5\u03bd\u03bf\u03c2 \u03c7\u03c1\u03cc\u03bd\u03bf\u03c2 \u03b1\u03bd\u03ac\u03b3\u03bd\u03c9\u03c3\u03b7\u03c2\" \/>\n\t<meta name=\"twitter:data1\" content=\"1 \u03bb\u03b5\u03c0\u03c4\u03cc\" \/>\n<script type=\"application\/ld+json\" class=\"yoast-schema-graph\">{\"@context\":\"https:\\\/\\\/schema.org\",\"@graph\":[{\"@type\":\"WebPage\",\"@id\":\"https:\\\/\\\/ktimakiourelioti.gr\\\/tr\\\/%ce%bf%ce%b9-%ce%bf%ce%af%ce%ba%ce%b5%cf%82-%ce%bc%ce%b1%cf%82\\\/\",\"url\":\"https:\\\/\\\/ktimakiourelioti.gr\\\/tr\\\/%ce%bf%ce%b9-%ce%bf%ce%af%ce%ba%ce%b5%cf%82-%ce%bc%ce%b1%cf%82\\\/\",\"name\":\"Bizim evlerimiz - Ktima Kiourelioti | H\u00e4user zu vermieten in Skala Skamnia | Lesbos Mytilene Hellas\",\"isPartOf\":{\"@id\":\"https:\\\/\\\/ktimakiourelioti.gr\\\/tr\\\/#website\"},\"primaryImageOfPage\":{\"@id\":\"https:\\\/\\\/ktimakiourelioti.gr\\\/tr\\\/%ce%bf%ce%b9-%ce%bf%ce%af%ce%ba%ce%b5%cf%82-%ce%bc%ce%b1%cf%82\\\/#primaryimage\"},\"image\":{\"@id\":\"https:\\\/\\\/ktimakiourelioti.gr\\\/tr\\\/%ce%bf%ce%b9-%ce%bf%ce%af%ce%ba%ce%b5%cf%82-%ce%bc%ce%b1%cf%82\\\/#primaryimage\"},\"thumbnailUrl\":\"http:\\\/\\\/ktimakiourelioti.gr\\\/en\\\/wp-content\\\/uploads\\\/2020\\\/09\\\/oikies.jpg\",\"datePublished\":\"2020-09-26T08:16:19+00:00\",\"dateModified\":\"2020-10-09T07:42:05+00:00\",\"breadcrumb\":{\"@id\":\"https:\\\/\\\/ktimakiourelioti.gr\\\/tr\\\/%ce%bf%ce%b9-%ce%bf%ce%af%ce%ba%ce%b5%cf%82-%ce%bc%ce%b1%cf%82\\\/#breadcrumb\"},\"inLanguage\":\"el\",\"potentialAction\":[{\"@type\":\"ReadAction\",\"target\":[\"https:\\\/\\\/ktimakiourelioti.gr\\\/tr\\\/%ce%bf%ce%b9-%ce%bf%ce%af%ce%ba%ce%b5%cf%82-%ce%bc%ce%b1%cf%82\\\/\"]}]},{\"@type\":\"ImageObject\",\"inLanguage\":\"el\",\"@id\":\"https:\\\/\\\/ktimakiourelioti.gr\\\/tr\\\/%ce%bf%ce%b9-%ce%bf%ce%af%ce%ba%ce%b5%cf%82-%ce%bc%ce%b1%cf%82\\\/#primaryimage\",\"url\":\"http:\\\/\\\/ktimakiourelioti.gr\\\/en\\\/wp-content\\\/uploads\\\/2020\\\/09\\\/oikies.jpg\",\"contentUrl\":\"http:\\\/\\\/ktimakiourelioti.gr\\\/en\\\/wp-content\\\/uploads\\\/2020\\\/09\\\/oikies.jpg\"},{\"@type\":\"BreadcrumbList\",\"@id\":\"https:\\\/\\\/ktimakiourelioti.gr\\\/tr\\\/%ce%bf%ce%b9-%ce%bf%ce%af%ce%ba%ce%b5%cf%82-%ce%bc%ce%b1%cf%82\\\/#breadcrumb\",\"itemListElement\":[{\"@type\":\"ListItem\",\"position\":1,\"name\":\"\u0391\u03c1\u03c7\u03b9\u03ba\u03ae\",\"item\":\"https:\\\/\\\/ktimakiourelioti.gr\\\/tr\\\/\"},{\"@type\":\"ListItem\",\"position\":2,\"name\":\"Bizim evlerimiz\"}]},{\"@type\":\"WebSite\",\"@id\":\"https:\\\/\\\/ktimakiourelioti.gr\\\/tr\\\/#website\",\"url\":\"https:\\\/\\\/ktimakiourelioti.gr\\\/tr\\\/\",\"name\":\"Ktima Kiourelioti | H\u00e4user zu vermieten in Skala Skamnia | Lesbos Mytilene Hellas\",\"description\":\"\u0386\u03bb\u03bb\u03bf\u03c2 \u03ad\u03bd\u03b1\u03c2 \u03b9\u03c3\u03c4\u03cc\u03c4\u03bf\u03c0\u03bf\u03c2 WordPress\",\"potentialAction\":[{\"@type\":\"SearchAction\",\"target\":{\"@type\":\"EntryPoint\",\"urlTemplate\":\"https:\\\/\\\/ktimakiourelioti.gr\\\/tr\\\/?s={search_term_string}\"},\"query-input\":{\"@type\":\"PropertyValueSpecification\",\"valueRequired\":true,\"valueName\":\"search_term_string\"}}],\"inLanguage\":\"el\"}]}<\/script>\n<!-- \/ Yoast SEO plugin. -->","yoast_head_json":{"title":"Bizim evlerimiz - Ktima Kiourelioti | H\u00e4user zu vermieten in Skala Skamnia | Lesbos Mytilene Hellas","robots":{"index":"index","follow":"follow","max-snippet":"max-snippet:-1","max-image-preview":"max-image-preview:large","max-video-preview":"max-video-preview:-1"},"canonical":"https:\/\/ktimakiourelioti.gr\/tr\/\u03bf\u03b9-\u03bf\u03af\u03ba\u03b5\u03c2-\u03bc\u03b1\u03c2\/","og_locale":"el_GR","og_type":"article","og_title":"Bizim evlerimiz - Ktima Kiourelioti | H\u00e4user zu vermieten in Skala Skamnia | Lesbos Mytilene Hellas","og_description":"[vc_row css=&#8221;.vc_custom_1601109201999{margin-top: -30px !important;}&#8221;][vc_column width=&#8221;2\/3&#8243;][vc_column_text] Panagia Gorgona&#8217;daki pitoresk limandan gelen rezervasyonlarda Skala Sykamias&#8217;ta farkl\u0131 do\u011fumlar zemin kat, kullan\u0131lan, parametreler ve talepler i\u00e7in program. Arazinin e\u015fsiz manzaras\u0131, onu arayan her romantik duyguyu uyand\u0131racak. Kioureliotis Estate&#8217;in 4 evi modern bir tasar\u0131ma ve sade \u00e7izgilere sahiptir. Odalar geni\u015ftir ve konforlu ve l\u00fcks bir konaklama i\u00e7in t\u00fcm olanaklara sahiptir.&hellip;","og_url":"https:\/\/ktimakiourelioti.gr\/tr\/\u03bf\u03b9-\u03bf\u03af\u03ba\u03b5\u03c2-\u03bc\u03b1\u03c2\/","og_site_name":"Ktima Kiourelioti | H\u00e4user zu vermieten in Skala Skamnia | Lesbos Mytilene Hellas","article_modified_time":"2020-10-09T07:42:05+00:00","og_image":[{"url":"http:\/\/ktimakiourelioti.gr\/en\/wp-content\/uploads\/2020\/09\/oikies.jpg","type":"","width":"","height":""}],"twitter_card":"summary_large_image","twitter_misc":{"\u0395\u03ba\u03c4\u03b9\u03bc\u03ce\u03bc\u03b5\u03bd\u03bf\u03c2 \u03c7\u03c1\u03cc\u03bd\u03bf\u03c2 \u03b1\u03bd\u03ac\u03b3\u03bd\u03c9\u03c3\u03b7\u03c2":"1 \u03bb\u03b5\u03c0\u03c4\u03cc"},"schema":{"@context":"https:\/\/schema.org","@graph":[{"@type":"WebPage","@id":"https:\/\/ktimakiourelioti.gr\/tr\/%ce%bf%ce%b9-%ce%bf%ce%af%ce%ba%ce%b5%cf%82-%ce%bc%ce%b1%cf%82\/","url":"https:\/\/ktimakiourelioti.gr\/tr\/%ce%bf%ce%b9-%ce%bf%ce%af%ce%ba%ce%b5%cf%82-%ce%bc%ce%b1%cf%82\/","name":"Bizim evlerimiz - Ktima Kiourelioti | H\u00e4user zu vermieten in Skala Skamnia | Lesbos Mytilene Hellas","isPartOf":{"@id":"https:\/\/ktimakiourelioti.gr\/tr\/#website"},"primaryImageOfPage":{"@id":"https:\/\/ktimakiourelioti.gr\/tr\/%ce%bf%ce%b9-%ce%bf%ce%af%ce%ba%ce%b5%cf%82-%ce%bc%ce%b1%cf%82\/#primaryimage"},"image":{"@id":"https:\/\/ktimakiourelioti.gr\/tr\/%ce%bf%ce%b9-%ce%bf%ce%af%ce%ba%ce%b5%cf%82-%ce%bc%ce%b1%cf%82\/#primaryimage"},"thumbnailUrl":"http:\/\/ktimakiourelioti.gr\/en\/wp-content\/uploads\/2020\/09\/oikies.jpg","datePublished":"2020-09-26T08:16:19+00:00","dateModified":"2020-10-09T07:42:05+00:00","breadcrumb":{"@id":"https:\/\/ktimakiourelioti.gr\/tr\/%ce%bf%ce%b9-%ce%bf%ce%af%ce%ba%ce%b5%cf%82-%ce%bc%ce%b1%cf%82\/#breadcrumb"},"inLanguage":"el","potentialAction":[{"@type":"ReadAction","target":["https:\/\/ktimakiourelioti.gr\/tr\/%ce%bf%ce%b9-%ce%bf%ce%af%ce%ba%ce%b5%cf%82-%ce%bc%ce%b1%cf%82\/"]}]},{"@type":"ImageObject","inLanguage":"el","@id":"https:\/\/ktimakiourelioti.gr\/tr\/%ce%bf%ce%b9-%ce%bf%ce%af%ce%ba%ce%b5%cf%82-%ce%bc%ce%b1%cf%82\/#primaryimage","url":"http:\/\/ktimakiourelioti.gr\/en\/wp-content\/uploads\/2020\/09\/oikies.jpg","contentUrl":"http:\/\/ktimakiourelioti.gr\/en\/wp-content\/uploads\/2020\/09\/oikies.jpg"},{"@type":"BreadcrumbList","@id":"https:\/\/ktimakiourelioti.gr\/tr\/%ce%bf%ce%b9-%ce%bf%ce%af%ce%ba%ce%b5%cf%82-%ce%bc%ce%b1%cf%82\/#breadcrumb","itemListElement":[{"@type":"ListItem","position":1,"name":"\u0391\u03c1\u03c7\u03b9\u03ba\u03ae","item":"https:\/\/ktimakiourelioti.gr\/tr\/"},{"@type":"ListItem","position":2,"name":"Bizim evlerimiz"}]},{"@type":"WebSite","@id":"https:\/\/ktimakiourelioti.gr\/tr\/#website","url":"https:\/\/ktimakiourelioti.gr\/tr\/","name":"Ktima Kiourelioti | H\u00e4user zu vermieten in Skala Skamnia | Lesbos Mytilene Hellas","description":"\u0386\u03bb\u03bb\u03bf\u03c2 \u03ad\u03bd\u03b1\u03c2 \u03b9\u03c3\u03c4\u03cc\u03c4\u03bf\u03c0\u03bf\u03c2 WordPress","potentialAction":[{"@type":"SearchAction","target":{"@type":"EntryPoint","urlTemplate":"https:\/\/ktimakiourelioti.gr\/tr\/?s={search_term_string}"},"query-input":{"@type":"PropertyValueSpecification","valueRequired":true,"valueName":"search_term_string"}}],"inLanguage":"el"}]}},"_links":{"self":[{"href":"https:\/\/ktimakiourelioti.gr\/tr\/wp-json\/wp\/v2\/pages\/44","targetHints":{"allow":["GET"]}}],"collection":[{"href":"https:\/\/ktimakiourelioti.gr\/tr\/wp-json\/wp\/v2\/pages"}],"about":[{"href":"https:\/\/ktimakiourelioti.gr\/tr\/wp-json\/wp\/v2\/types\/page"}],"author":[{"embeddable":true,"href":"https:\/\/ktimakiourelioti.gr\/tr\/wp-json\/wp\/v2\/users\/1"}],"replies":[{"embeddable":true,"href":"https:\/\/ktimakiourelioti.gr\/tr\/wp-json\/wp\/v2\/comments?post=44"}],"version-history":[{"count":17,"href":"https:\/\/ktimakiourelioti.gr\/tr\/wp-json\/wp\/v2\/pages\/44\/revisions"}],"predecessor-version":[{"id":282,"href":"https:\/\/ktimakiourelioti.gr\/tr\/wp-json\/wp\/v2\/pages\/44\/revisions\/282"}],"wp:attachment":[{"href":"https:\/\/ktimakiourelioti.gr\/tr\/wp-json\/wp\/v2\/media?parent=44"}],"curies":[{"name":"wp","href":"https:\/\/api.w.org\/{rel}","templated":true}]}}